{"id":65177,"date":"2018-09-13T06:51:49","date_gmt":"2018-09-13T06:51:49","guid":{"rendered":"https:\/\/budoshop.si\/?product=karate-gi-kimono-medium-white"},"modified":"2026-01-23T08:08:20","modified_gmt":"2026-01-23T07:08:20","slug":"karate-gi-kimono-medium-white-1-1","status":"publish","type":"product","link":"https:\/\/www.budoshop.si\/sl\/izdelek\/karate-gi-kimono-medium-white-1-1\/","title":{"rendered":"Karate Gi (Kimono) &#8221;MEDIUM WHITE&#8221;"},"content":{"rendered":"<p style=\"text-align: justify;\"><span style=\"color: #993300; font-size: 15px;\">Klasi\u010dno belo Karate Kimono (model Bushido), narejen po tradicionalnem kroju z dolgimi rokavi in hla\u010dnicami, ki omogo\u010dajo maksimalno gibljivost. Karate Kimono je narejeno iz mehkej\u0161ega (8oz) 100% bomba\u017ea (260 g\/m\u00b2) in je odli\u010dna izbira za za\u010detnike ali kot drugi Kimono za izku\u0161ene praktikante. <\/span><\/p>\n<p><span style=\"color: #993300; font-size: 15px;\">V kompletu so hla\u010de z elasti\u010dnim pasom, jakna in bel pas.<\/span><\/p>\n<p><span style=\"color: #993300; font-size: 15px;\">Vi\u0161ina: od 110 \u2013 200 cm (na 10cm).<\/span><\/p>\n<p><span style=\"font-size: 11px; color: #993300;\">Pozor! Kimono ni predprano in se lahko pri prvem pranju skr\u010di za cca. 3 %.<\/span><\/p>\n","protected":false},"excerpt":{"rendered":"<p style=\"vertical-align: top;\"><span style=\"color: #002060; font-size: 15px;\"><strong>Karate Kimono bele barve.<\/strong><\/span><\/p>\n","protected":false},"featured_media":65179,"comment_status":"open","ping_status":"closed","template":"","meta":[],"product_brand":[],"product_cat":[1029,911],"product_tag":[],"class_list":{"0":"post-65177","1":"product","2":"type-product","3":"status-publish","4":"has-post-thumbnail","6":"product_cat-karate-5","7":"product_cat-klasik-1","8":"pa_velikost-110-cm-sl","9":"pa_velikost-120-cm-sl","10":"pa_velikost-130-cm-sl","11":"pa_velikost-140-cm-sl","12":"pa_velikost-150-cm-sl","13":"pa_velikost-160-cm-sl","14":"pa_velikost-170-cm-sl","15":"pa_velikost-180-cm-sl","16":"pa_velikost-190-cm-sl","17":"pa_velikost-200-cm-sl","19":"first","20":"instock","21":"taxable","22":"shipping-taxable","23":"purchasable","24":"product-type-variable"},"_links":{"self":[{"href":"https:\/\/www.budoshop.si\/sl\/wp-json\/wp\/v2\/product\/65177","targetHints":{"allow":["GET"]}}],"collection":[{"href":"https:\/\/www.budoshop.si\/sl\/wp-json\/wp\/v2\/product"}],"about":[{"href":"https:\/\/www.budoshop.si\/sl\/wp-json\/wp\/v2\/types\/product"}],"replies":[{"embeddable":true,"href":"https:\/\/www.budoshop.si\/sl\/wp-json\/wp\/v2\/comments?post=65177"}],"wp:featuredmedia":[{"embeddable":true,"href":"https:\/\/www.budoshop.si\/sl\/wp-json\/wp\/v2\/media\/65179"}],"wp:attachment":[{"href":"https:\/\/www.budoshop.si\/sl\/wp-json\/wp\/v2\/media?parent=65177"}],"wp:term":[{"taxonomy":"product_brand","embeddable":true,"href":"https:\/\/www.budoshop.si\/sl\/wp-json\/wp\/v2\/product_brand?post=65177"},{"taxonomy":"product_cat","embeddable":true,"href":"https:\/\/www.budoshop.si\/sl\/wp-json\/wp\/v2\/product_cat?post=65177"},{"taxonomy":"product_tag","embeddable":true,"href":"https:\/\/www.budoshop.si\/sl\/wp-json\/wp\/v2\/product_tag?post=65177"}],"curies":[{"name":"wp","href":"https:\/\/api.w.org\/{rel}","templated":true}]}}