{"id":121847,"date":"2026-04-28T12:20:41","date_gmt":"2026-04-28T10:20:41","guid":{"rendered":"https:\/\/www.budoshop.si\/short-samurai-sword-wakizashi-shirasaya-new\/"},"modified":"2026-04-28T12:29:57","modified_gmt":"2026-04-28T10:29:57","slug":"short-samurai-sword-wakizashi-shirasaya-new","status":"publish","type":"product","link":"https:\/\/www.budoshop.si\/sl\/izdelek\/short-samurai-sword-wakizashi-shirasaya-new\/","title":{"rendered":"Kratek Samurajski me\u010d \u201dWakizashi SHIRASAYA\u201d &#8211; NOVO!!!"},"content":{"rendered":"<p><span style=\"font-size: 15px; color: #993300;\">Tanto Shirasaya je tradicionalen japonski no\u017e z lesenim ro\u010dajem in leseno Sayo (no\u017enico) brez Tsube (\u0161\u010ditnika). <span class=\"HwtZe\" lang=\"sl\"><span class=\"jCAhz ChMk0b\"><span class=\"ryNqvb\">Shirasaya se nana\u0161a na poseben nosilec me\u010da, ki se je uporabljal za haranjenje rezila, \u0161e<\/span><\/span> z<span class=\"jCAhz ChMk0b\"><span class=\"ryNqvb\">lasti v \u010dasu miru.<\/span><\/span> <span class=\"jCAhz ChMk0b\"><span class=\"ryNqvb\">Svetel nelakiran les magnolije v naravni barvi lesa absorbira vlago v notranjosti no\u017enice, jo odvaja navzven in tako rezilo \u0161\u010diti pred rjo.<\/span><\/span> <span class=\"jCAhz ChMk0b\"><span class=\"ryNqvb\">Mnogi Shirasaya so bili opremljeni s \u2018Saya-gaki\u2019 napisom, ki je podal informacije o kova\u010du, poreklu in klasifikaciji.<\/span><\/span> <span class=\"jCAhz ChMk0b\"><span class=\"ryNqvb\">Na japonskih ulicah se je uporabljala tak\u0161na neopazna oprema me\u010dev in no\u017eev brez ro\u010daja in \u0161\u010ditnika, zlasti v poznem 19. stoletju, ko je cesar prepovedal no\u0161enje Samurajskih me\u010dev.<\/span><\/span> <span class=\"jCAhz ChMk0b\"><span class=\"ryNqvb\">Shirasaya je dajala videz navadnega lesenega me\u010da ali palice, a je bil v njej neopa\u017eeno skrit no\u017e ali me\u010d.<\/span><\/span> <span class=\"jCAhz ChMk0b\"><span class=\"ryNqvb\"><br \/>\n<\/span><\/span><\/span><span class=\"HwtZe\" lang=\"sl\"><span class=\"jCAhz ChMk0b\"><span class=\"ryNqvb\"><br \/>\nTa model Wakizashi Shirasaya kratkega me\u010da ima nabru\u0161eno <\/span><\/span><\/span><span class=\"HwtZe\" lang=\"sl\"><span class=\"jCAhz ChMk0b\"><span class=\"ryNqvb\">rezilo<\/span><\/span><\/span><span class=\"HwtZe\" lang=\"sl\"><span class=\"jCAhz ChMk0b\"><span class=\"ryNqvb\"> iz nerjave\u010dega jekla in je natan\u010dna replika pristnega Samurajskega Wakizashi-ja z visokokakovostnim rezilom iz nerjave\u010dega jekla.<\/span><\/span> <\/span><\/span><br \/>\n<span style=\"font-size: 15px; color: #993300;\">Wakizashi Shiarasaya je primeren tako kot trening rekvizit, kot darilno dekorativni predmet.<\/span><\/p>\n<p>&nbsp;<\/p>\n<p><span style=\"font-size: 15px; color: #993300;\">Detajli:<\/span><br \/>\n<span style=\"font-size: 15px; color: #993300;\">Material rezila: Stainless Steel AISI 420<\/span><br \/>\n<span style=\"font-size: 15px; color: #993300;\">NAGASA (dol\u017eina: 43 cm, 45 cm s Habaki-jem<\/span><br \/>\n<span style=\"font-size: 15px; color: #993300;\">HAMON: da<\/span><br \/>\n<span style=\"font-size: 15px; color: #993300;\">SORI (ukrivljenost: 2,00 cm<\/span><br \/>\n<span style=\"font-size: 15px; color: #993300;\">TSUKA (ro\u010daj): 16 cm<\/span><br \/>\n<span style=\"font-size: 15px; color: #993300;\">BOHI (utor): Single<\/span><br \/>\n<span style=\"font-size: 15px; color: #993300;\">SAYA (no\u017enica): 50,5 cm bel les<\/span><br \/>\n<span style=\"font-size: 15px; color: #993300;\">MEKUGI (zati\u010d): da<\/span><br \/>\n<span style=\"font-size: 15px; color: #993300;\">Te\u017ea: cca. 550 g (s Sayo), 450 g (brez Saye)<\/p>\n<p>TA ARTIKEL PRODAJAMO SAMO POLNOLETNIM OSEBAM!!!<br \/>\n<\/span><\/p>\n<p><span style=\"font-size: 11px; color: #993300;\">Opozorilo!<\/span><br \/>\n<span style=\"font-size: 11px; color: #993300;\">\u25ba Artikel je namenjen samo dekorativni uporabi oziroma osebnemu treningu borilnih ve\u0161\u010din.<\/span><br \/>\n<span style=\"font-size: 11px; color: #993300;\">\u25ba Po prodaji, prodajalec ni ve\u010d odgovoren za nikakr\u0161ne po\u0161kodbe, ki se lahko zgodijo zaradi napa\u010dne uporabe ali zanemarjanja teh opozoril. Novi lastnik prevzema popolno odgovornost za skrb in uporabo tega artikla.<\/span><br \/>\n<span style=\"font-size: 11px; color: #993300;\">\u25ba Vsakr\u0161na napa\u010dna uporaba ali nepazljivost lahko vam ali drugemu povzro\u010di resne po\u0161kodbe ali celo smrt!<\/span><br \/>\n<span style=\"font-size: 11px; color: #993300;\">\u25ba Ta artikel se v nobenem primeru ne sme uporabljati na drugi osebi!<\/span><\/p>\n","protected":false},"excerpt":{"rendered":"<p><span style=\"color: #003366;\"><strong>Tradicionalni japonski Wakizashi kratek me\u010d\u00a0s kovinskim rezilom v lesu brez Tsube.<\/strong><\/span><\/p>\n","protected":false},"featured_media":121841,"comment_status":"open","ping_status":"closed","template":"","meta":[],"product_brand":[5595],"product_cat":[1035,5383,1033,5405,5406,851,1037,1025,741,5384],"product_tag":[],"class_list":{"0":"post-121847","1":"product","2":"type-product","3":"status-publish","4":"has-post-thumbnail","6":"product_brand-ju-sports","7":"product_cat-aikido-kendo-iai-kobudo-1","8":"product_cat-iaito-trening-katana-meci","9":"product_cat-ju-jitsujiu-jitsu-1","10":"product_cat-ju-sports","11":"product_cat-ju-sports-2","12":"product_cat-ninja-meci","13":"product_cat-ninjutsu-3","14":"product_cat-novosti-2","15":"product_cat-novosti","16":"product_cat-shinken-trening-katana-meci","18":"first","19":"instock","20":"taxable","21":"shipping-taxable","22":"purchasable","23":"product-type-simple"},"_links":{"self":[{"href":"https:\/\/www.budoshop.si\/sl\/wp-json\/wp\/v2\/product\/121847","targetHints":{"allow":["GET"]}}],"collection":[{"href":"https:\/\/www.budoshop.si\/sl\/wp-json\/wp\/v2\/product"}],"about":[{"href":"https:\/\/www.budoshop.si\/sl\/wp-json\/wp\/v2\/types\/product"}],"replies":[{"embeddable":true,"href":"https:\/\/www.budoshop.si\/sl\/wp-json\/wp\/v2\/comments?post=121847"}],"wp:featuredmedia":[{"embeddable":true,"href":"https:\/\/www.budoshop.si\/sl\/wp-json\/wp\/v2\/media\/121841"}],"wp:attachment":[{"href":"https:\/\/www.budoshop.si\/sl\/wp-json\/wp\/v2\/media?parent=121847"}],"wp:term":[{"taxonomy":"product_brand","embeddable":true,"href":"https:\/\/www.budoshop.si\/sl\/wp-json\/wp\/v2\/product_brand?post=121847"},{"taxonomy":"product_cat","embeddable":true,"href":"https:\/\/www.budoshop.si\/sl\/wp-json\/wp\/v2\/product_cat?post=121847"},{"taxonomy":"product_tag","embeddable":true,"href":"https:\/\/www.budoshop.si\/sl\/wp-json\/wp\/v2\/product_tag?post=121847"}],"curies":[{"name":"wp","href":"https:\/\/api.w.org\/{rel}","templated":true}]}}