{"id":121768,"date":"2026-04-15T12:48:14","date_gmt":"2026-04-15T10:48:14","guid":{"rendered":"https:\/\/www.budoshop.si\/rubber-hand-grip-ring-new\/"},"modified":"2026-04-15T15:38:54","modified_gmt":"2026-04-15T13:38:54","slug":"gumirani-obroc-za-stiskanje-novo","status":"publish","type":"product","link":"https:\/\/www.budoshop.si\/sl\/izdelek\/gumirani-obroc-za-stiskanje-novo\/","title":{"rendered":"Gumirani obro\u010di za stiskanje &#8211; NOVO!!!"},"content":{"rendered":"<p><span style=\"font-size: 15px; color: #993300;\">Gumirani obro\u010di za stiskanje so namenjeni krepitvi prstov, zapestja ter podlahtnice oziroma celotne roke vse do ramenskega obro\u010da. So n<span class=\"HwtZe\" lang=\"sl\"><span class=\"jCAhz ChMk0b\"><span class=\"ryNqvb\">epogre\u0161ljiv pripomo\u010dek za vse \u0161porte in dejavnosti, kjer je potrebna visoka mo\u010d prijema, \u0161e posebej uporabna za borilne ve\u0161\u010dine, plezalce, pa tudi za glasbenike in fizioterapevte.<br \/>\n<\/span><\/span><\/span>Za uporabo so gumirani obro\u010di za stiskanje zelo enostaveni, uporabljajo ga lahko vsi, otroci, starej\u0161i, profesionalni \u0161portniki, rekreativci, pa tudi fizioterapevti pri terapijah.<\/span><\/p>\n<p><span class=\"HwtZe\" lang=\"sl\" style=\"font-size: 15px; color: #993300;\"><span class=\"jCAhz ChMk0b\"><span class=\"ryNqvb\">Ti ergonomski obro\u010di za stiskanje so izdelani iz ultra odpornega silikona in ponujajo tri razli\u010dne stopnje upora (20 kg, 25 kg in 30 kg), da se prilagodijo potrebi vsakega posameznika in njegovim potrebam.<\/span><\/span><\/span><br \/>\n<span style=\"font-size: 15px; color: #993300;\"><span class=\"HwtZe\" lang=\"sl\"><span class=\"jCAhz ChMk0b\"><span class=\"ryNqvb\">Obro\u010di ne zavzemajo veliko prostora in so primerni za uporabo vedno in povsod. Primerni tudi za rehabilitacijo in kot pripomo\u010dek za zmanj\u0161evanje stresa.<\/span><\/span><\/span><\/span><\/p>\n<p><span style=\"font-size: 15px; color: #993300;\">Premer: 9,5 cm<\/span><\/p>\n<p><span style=\"font-size: 15px; color: #993300;\">Na voljo so razli\u010dne te\u017eavnostne stopnje:<\/span><br \/>\n<span style=\"font-size: 15px; color: #993300;\">&#8211; 20 kg rde\u010da<\/span><br \/>\n<span style=\"font-size: 15px; color: #993300;\">&#8211; 25 kg oran\u017ena<\/span><br \/>\n<span style=\"font-size: 15px; color: #993300;\">&#8211; 30 kg modra<\/span><\/p>\n","protected":false},"excerpt":{"rendered":"<p><span style=\"color: #003366;\"><strong><span class=\"HwtZe\" lang=\"sl\"><span class=\"jCAhz ChMk0b\"><span class=\"ryNqvb\">Gumijasti obro\u010di za krepitev prstov in ogrevanje rok<\/span><\/span><\/span>.<\/strong><\/span><\/p>\n","protected":false},"featured_media":121762,"comment_status":"open","ping_status":"closed","template":"","meta":[],"product_brand":[5620],"product_cat":[1035,1043,1033,1031,1029,1037,1039,1041,741,1125,1123,1083,1025,1075],"product_tag":[],"class_list":{"0":"post-121768","1":"product","2":"type-product","3":"status-publish","4":"has-post-thumbnail","6":"product_brand-pride","7":"product_cat-aikido-kendo-iai-kobudo-1","8":"product_cat-boks-kickbox-tajski-boks-mma","9":"product_cat-ju-jitsujiu-jitsu-1","10":"product_cat-judo-1","11":"product_cat-karate-5","12":"product_cat-ninjutsu-3","13":"product_cat-taekwondo-3","14":"product_cat-tai-chi-kunf-fu-wu-shu-1","15":"product_cat-novosti","16":"product_cat-pripomocki-za-fitness","17":"product_cat-utezi-medicinske-zoge","18":"product_cat-pride-3","19":"product_cat-novosti-2","20":"product_cat-pride-1","22":"first","23":"instock","24":"taxable","25":"shipping-taxable","26":"purchasable","27":"product-type-variable"},"_links":{"self":[{"href":"https:\/\/www.budoshop.si\/sl\/wp-json\/wp\/v2\/product\/121768","targetHints":{"allow":["GET"]}}],"collection":[{"href":"https:\/\/www.budoshop.si\/sl\/wp-json\/wp\/v2\/product"}],"about":[{"href":"https:\/\/www.budoshop.si\/sl\/wp-json\/wp\/v2\/types\/product"}],"replies":[{"embeddable":true,"href":"https:\/\/www.budoshop.si\/sl\/wp-json\/wp\/v2\/comments?post=121768"}],"wp:featuredmedia":[{"embeddable":true,"href":"https:\/\/www.budoshop.si\/sl\/wp-json\/wp\/v2\/media\/121762"}],"wp:attachment":[{"href":"https:\/\/www.budoshop.si\/sl\/wp-json\/wp\/v2\/media?parent=121768"}],"wp:term":[{"taxonomy":"product_brand","embeddable":true,"href":"https:\/\/www.budoshop.si\/sl\/wp-json\/wp\/v2\/product_brand?post=121768"},{"taxonomy":"product_cat","embeddable":true,"href":"https:\/\/www.budoshop.si\/sl\/wp-json\/wp\/v2\/product_cat?post=121768"},{"taxonomy":"product_tag","embeddable":true,"href":"https:\/\/www.budoshop.si\/sl\/wp-json\/wp\/v2\/product_tag?post=121768"}],"curies":[{"name":"wp","href":"https:\/\/api.w.org\/{rel}","templated":true}]}}