{"id":121730,"date":"2026-04-14T12:09:35","date_gmt":"2026-04-14T10:09:35","guid":{"rendered":"https:\/\/www.budoshop.si\/karate-gi-kimono-tokaido-tsunami-silver\/"},"modified":"2026-04-14T12:25:46","modified_gmt":"2026-04-14T10:25:46","slug":"karate-gi-kimono-tokaido-tsunami-silver","status":"publish","type":"product","link":"https:\/\/www.budoshop.si\/sl\/izdelek\/karate-gi-kimono-tokaido-tsunami-silver\/","title":{"rendered":"Karate Gi (Kimono) &#8221;Tokaido JKA TSUNAMI SILVER&#8221;"},"content":{"rendered":"<p><span style=\"font-size: 15px; color: #993300;\"><span class=\"HwtZe\" lang=\"sl\"><span class=\"jCAhz ChMk0b\"><span class=\"ryNqvb\">Tokaido Tsunami Silver je trpe\u017eno Karate Kimono za vsestranske Karateiste. Kimono je v celoti izdelano iz naravnih vlaken (100 % bomba\u017e) debeline cca. 12 OZ.<br \/>\nNotranja stran Kimone je hrapava, da je udobnej\u0161a. Sodoben evropski kroj jo naredi zelo prijetno za no\u0161enje in omogo\u010da neovirano gibanje.<\/span><\/span><\/span><\/span><\/p>\n<p><span style=\"font-size: 15px; color: #993300;\">Zna\u010dilnosti:<\/span><\/p>\n<ul>\n<li><span class=\"HwtZe\" lang=\"sl\" style=\"font-size: 15px; color: #993300;\"><span class=\"jCAhz ChMk0b\"><span class=\"ryNqvb\">Uveljavljena Tokaido kakovost pomeni visoko kakovost do najmanj\u0161ih podrobnosti.<\/span><\/span> <span class=\"jCAhz ChMk0b\"><span class=\"ryNqvb\">Tsunami Silver je odli\u010den vsestranski Kimono za zahtevne Karateiste.<\/span><\/span><\/span><\/li>\n<\/ul>\n<ul>\n<li><span class=\"HwtZe\" lang=\"sl\" style=\"font-size: 15px; color: #993300;\"><span class=\"jCAhz ChMk0b\"><span class=\"ryNqvb\">Tradicionalni kroj z dolgimi rokavi, dolgimi hla\u010dami in dolgo jakno.<\/span><\/span> <span class=\"jCAhz ChMk0b\"><span class=\"ryNqvb\">V tem Kimonu se boste po\u010dutili udobno tako v Kumiteju kot v Katah saj idealna je za univerzalne potrebe.<\/span><\/span><\/span><\/li>\n<\/ul>\n<ul>\n<li><span class=\"HwtZe\" lang=\"sl\" style=\"font-size: 15px; color: #993300;\"><span class=\"jCAhz ChMk0b\"><span class=\"ryNqvb\">Srednje te\u017eek material (12 OZ).<\/span><\/span> <span class=\"jCAhz ChMk0b\"><span class=\"ryNqvb\">Robusten in odporen na trganje.<\/span><\/span> <span class=\"jCAhz ChMk0b\"><span class=\"ryNqvb\">Ve\u010dkrat pre\u0161iti in oja\u010dani \u0161ivi.<\/span><\/span><\/span><\/li>\n<\/ul>\n<ul>\n<li><span class=\"HwtZe\" lang=\"sl\" style=\"font-size: 15px; color: #993300;\"><span class=\"jCAhz ChMk0b\"><span class=\"ryNqvb\">Izjemno udoben kroj.<\/span><\/span> <span class=\"jCAhz\"><span class=\"ryNqvb\">Visoka stopnja udobja in spretnosti.<\/span><\/span> <span class=\"jCAhz ChMk0b\"><span class=\"ryNqvb\">Notranja stran je rahlo krta\u010dena, zato je notranjost Kimone mehka na otip.<\/span><\/span> <span class=\"jCAhz ChMk0b\"><span class=\"ryNqvb\">No\u0161enje tak\u0161ne Kimone je zelo udobno.<\/span><\/span><\/span><\/li>\n<\/ul>\n<ul>\n<li><span class=\"HwtZe\" lang=\"sl\" style=\"font-size: 15px; color: #993300;\"><span class=\"jCAhz ChMk0b\"><span class=\"ryNqvb\">Hla\u010de s tradicionalno vrvico za zategovanje.<\/span><\/span> Tokaido pas zagotavlja udoben<span class=\"jCAhz ChMk0b\"><span class=\"ryNqvb\">\u00a0in zanesljiv oprijem, brez ob\u010dutka utesnjenosti.<\/span><\/span><\/span><\/li>\n<\/ul>\n<ul>\n<li><span class=\"HwtZe\" lang=\"sl\" style=\"font-size: 15px; color: #993300;\"><span class=\"jCAhz ChMk0b\"><span class=\"ryNqvb\">Brez reklamnim logotipov.<\/span><\/span> Kimono je<span class=\"jCAhz ChMk0b\"><span class=\"ryNqvb\"> primerno za tradicionalne Dojoje in vadbene te\u010daje saj je brez logotipov na hrbtu\/vratu in prsih jakne.<\/span><\/span> <span class=\"jCAhz ChMk0b\"><span class=\"ryNqvb\">Na jakni in hla\u010dah je samo ena etiketa.<\/span><\/span><\/span><\/li>\n<\/ul>\n<ul>\n<li><span class=\"HwtZe\" lang=\"sl\" style=\"font-size: 15px; color: #993300;\"><span class=\"jCAhz ChMk0b\"><span class=\"ryNqvb\">Etiketa z uradnim &#8220;In-Yo&#8221; logotipom\u00a0 Japonske Karate zveze (JKA).<\/span><\/span><\/span><\/li>\n<\/ul>\n<ul>\n<li><span class=\"HwtZe\" lang=\"sl\" style=\"font-size: 15px; color: #993300;\"><span class=\"jCAhz ChMk0b\"><span class=\"ryNqvb\">Zaradi Tokaido postopka &#8220;predhodnega kr\u010denja&#8221; se Kimono pri pranju skoraj ne skr\u010di.<\/span><\/span> <span class=\"jCAhz ChMk0b\"><span class=\"ryNqvb\">Tudi po \u0161tevilnih pranjih ohrani svojo obliko.<\/span><\/span><\/span><\/li>\n<\/ul>\n<ul>\n<li><span class=\"HwtZe\" lang=\"sl\" style=\"font-size: 15px; color: #993300;\"><span class=\"jCAhz ChMk0b\"><span class=\"ryNqvb\">Kimono je primerno za individualno vezenje.<\/span><\/span><\/span><\/li>\n<\/ul>\n<ul>\n<li><span style=\"font-size: 15px; color: #993300;\">Delivered items: jacket, pants (without belt)<\/span><\/li>\n<\/ul>\n<p><span style=\"font-size: 15px; color: #993300;\"><strong>Kvaliteta, ki jo zagotavlja samo japonska TOKAIDO znamka!<\/strong><\/span><\/p>\n<p><span style=\"font-size: 15px; color: #993300;\">Velikost: 185 cm<\/span><\/p>\n","protected":false},"excerpt":{"rendered":"<p><strong><span style=\"color: #003366;\">JKA Karate Kimono japonske znamke Tokaido.<\/span><\/strong><\/p>\n","protected":false},"featured_media":121725,"comment_status":"open","ping_status":"closed","template":"","meta":[],"product_brand":[5598],"product_cat":[1029,741,917,949,1025,1047],"product_tag":[],"class_list":{"0":"post-121730","1":"product","2":"type-product","3":"status-publish","4":"has-post-thumbnail","6":"product_brand-tokaido","7":"product_cat-karate-5","8":"product_cat-novosti","9":"product_cat-shureido-1","10":"product_cat-shureido-3","11":"product_cat-novosti-2","12":"product_cat-tokaido-1","14":"first","15":"instock","16":"taxable","17":"shipping-taxable","18":"purchasable","19":"product-type-simple"},"_links":{"self":[{"href":"https:\/\/www.budoshop.si\/sl\/wp-json\/wp\/v2\/product\/121730","targetHints":{"allow":["GET"]}}],"collection":[{"href":"https:\/\/www.budoshop.si\/sl\/wp-json\/wp\/v2\/product"}],"about":[{"href":"https:\/\/www.budoshop.si\/sl\/wp-json\/wp\/v2\/types\/product"}],"replies":[{"embeddable":true,"href":"https:\/\/www.budoshop.si\/sl\/wp-json\/wp\/v2\/comments?post=121730"}],"wp:featuredmedia":[{"embeddable":true,"href":"https:\/\/www.budoshop.si\/sl\/wp-json\/wp\/v2\/media\/121725"}],"wp:attachment":[{"href":"https:\/\/www.budoshop.si\/sl\/wp-json\/wp\/v2\/media?parent=121730"}],"wp:term":[{"taxonomy":"product_brand","embeddable":true,"href":"https:\/\/www.budoshop.si\/sl\/wp-json\/wp\/v2\/product_brand?post=121730"},{"taxonomy":"product_cat","embeddable":true,"href":"https:\/\/www.budoshop.si\/sl\/wp-json\/wp\/v2\/product_cat?post=121730"},{"taxonomy":"product_tag","embeddable":true,"href":"https:\/\/www.budoshop.si\/sl\/wp-json\/wp\/v2\/product_tag?post=121730"}],"curies":[{"name":"wp","href":"https:\/\/api.w.org\/{rel}","templated":true}]}}