{"id":121632,"date":"2026-03-30T11:22:55","date_gmt":"2026-03-30T09:22:55","guid":{"rendered":"https:\/\/www.budoshop.si\/mini-katana-black-new\/"},"modified":"2026-03-30T11:28:56","modified_gmt":"2026-03-30T09:28:56","slug":"mini-katana-black-new","status":"publish","type":"product","link":"https:\/\/www.budoshop.si\/sl\/izdelek\/mini-katana-black-new\/","title":{"rendered":"Mini Katana &#8221;BLACK&#8221; &#8211; NOVO!!!"},"content":{"rendered":"<p><span style=\"font-size: 15px; color: #993300;\">Ta mini Katana me\u010d je a<span class=\"HwtZe\" lang=\"sl\"><span class=\"jCAhz ChMk0b\"><span class=\"ryNqvb\">vtenti\u010dna replika prave Katane.<\/span><\/span> R<span class=\"jCAhz ChMk0b\"><span class=\"ryNqvb\">ezilo se odli\u010dno obnese tudi kot prakti\u010den odpira\u010d pisem.<\/span><\/span><br \/>\n<span class=\"jCAhz ChMk0b\"><span class=\"ryNqvb\">Dostavljeno v li\u010dni leseni \u0161katli z ustreznim stojalom za varno shranjevanje in razstavljanje.<\/span><\/span><br \/>\n<span class=\"jCAhz ChMk0b\"><span class=\"ryNqvb\">Idealno kot darilo, zbirateljski predmet ali okras<\/span><\/span><\/span>.<\/span><\/p>\n<p><span style=\"font-size: 15px; color: #993300;\">\u010crne barve.<\/span><\/p>\n<p><span style=\"font-size: 15px; color: #993300;\">Rezilo: 420 stainless Steel<\/span><br \/>\n<span style=\"font-size: 15px; color: #993300;\">Ro\u010daj: sintetika<\/span><br \/>\n<span style=\"font-size: 15px; color: #993300;\">No\u017enica: sintetika<\/span><br \/>\n<span style=\"font-size: 15px; color: #993300;\">Dol\u017eina rezila: 135 mm<\/span><br \/>\n<span style=\"font-size: 15px; color: #993300;\">Skupna dol\u017eina: 190 mm<\/span><br \/>\n<span style=\"font-size: 15px; color: #993300;\">Skupna dol\u017eina (z no\u017enico): 200 mm<\/span><br \/>\n<span style=\"font-size: 15px; color: #993300;\">Te\u017ea (z no\u017enico): 33 g<\/span><\/p>\n","protected":false},"excerpt":{"rendered":"<p><span style=\"color: #003366;\"><strong><span class=\"HwtZe\" lang=\"sl\"><span class=\"jCAhz ChMk0b\"><span class=\"ryNqvb\">\u010crn mini Katana me\u010d s stojalom<\/span><\/span><\/span>.<\/strong><\/span><\/p>\n","protected":false},"featured_media":121625,"comment_status":"open","ping_status":"closed","template":"","meta":[],"product_brand":[5610],"product_cat":[1035,1043,5374,5376,1033,1031,1029,1037,741,1025,841,1039,1041],"product_tag":[],"class_list":{"0":"post-121632","1":"product","2":"type-product","3":"status-publish","4":"has-post-thumbnail","6":"product_brand-haller","7":"product_cat-aikido-kendo-iai-kobudo-1","8":"product_cat-boks-kickbox-tajski-boks-mma","9":"product_cat-haller-sl","10":"product_cat-haller-2","11":"product_cat-ju-jitsujiu-jitsu-1","12":"product_cat-judo-1","13":"product_cat-karate-5","14":"product_cat-ninjutsu-3","15":"product_cat-novosti","16":"product_cat-novosti-2","17":"product_cat-ostalo-4","18":"product_cat-taekwondo-3","19":"product_cat-tai-chi-kunf-fu-wu-shu-1","21":"first","22":"outofstock","23":"taxable","24":"shipping-taxable","25":"purchasable","26":"product-type-simple"},"_links":{"self":[{"href":"https:\/\/www.budoshop.si\/sl\/wp-json\/wp\/v2\/product\/121632","targetHints":{"allow":["GET"]}}],"collection":[{"href":"https:\/\/www.budoshop.si\/sl\/wp-json\/wp\/v2\/product"}],"about":[{"href":"https:\/\/www.budoshop.si\/sl\/wp-json\/wp\/v2\/types\/product"}],"replies":[{"embeddable":true,"href":"https:\/\/www.budoshop.si\/sl\/wp-json\/wp\/v2\/comments?post=121632"}],"wp:featuredmedia":[{"embeddable":true,"href":"https:\/\/www.budoshop.si\/sl\/wp-json\/wp\/v2\/media\/121625"}],"wp:attachment":[{"href":"https:\/\/www.budoshop.si\/sl\/wp-json\/wp\/v2\/media?parent=121632"}],"wp:term":[{"taxonomy":"product_brand","embeddable":true,"href":"https:\/\/www.budoshop.si\/sl\/wp-json\/wp\/v2\/product_brand?post=121632"},{"taxonomy":"product_cat","embeddable":true,"href":"https:\/\/www.budoshop.si\/sl\/wp-json\/wp\/v2\/product_cat?post=121632"},{"taxonomy":"product_tag","embeddable":true,"href":"https:\/\/www.budoshop.si\/sl\/wp-json\/wp\/v2\/product_tag?post=121632"}],"curies":[{"name":"wp","href":"https:\/\/api.w.org\/{rel}","templated":true}]}}