{"id":121485,"date":"2026-03-17T12:15:05","date_gmt":"2026-03-17T11:15:05","guid":{"rendered":"https:\/\/www.budoshop.si\/tatami-mats-basic-copper-white-new\/"},"modified":"2026-04-15T15:36:10","modified_gmt":"2026-04-15T13:36:10","slug":"tatami-blazine-basic-bakreno-bele-2cm-novo","status":"publish","type":"product","link":"https:\/\/www.budoshop.si\/sl\/izdelek\/tatami-blazine-basic-bakreno-bele-2cm-novo\/","title":{"rendered":"Tatami blazine &#8221;BASIC &#8211; bakreno-bele&#8221; 2cm &#8211; NOVO!!!"},"content":{"rendered":"<div>\n<p><span id=\"dnn_ctr448_ProductPage_lblItemHtmlHolder\" style=\"font-size: 15px; color: #993300;\">Klasi\u010dne sestavljive Tatami blazine namenjene KARATE, TAEKWONDO, AIKIDO, MMA, KICKBOXING ali drugim borbenim in trening povr\u0161inam ter drugim namenom oblazinjenjatla. Uporabljajo se tudi kot podloge za ringe, \u0161portne dvorane in igralne sobe v \u0161olah in vrtcih, na\u0161e stranke pa jih pogosto kupujejo za opremljanje otro\u0161kih sob ali lastnih prostorov namenjenih vadbi, saj se njihova povr\u0161ina lahko \u010disti in zato ni potrebno, da jih dodatno pregrinjamo. Njihova prednost je lahkotnost in cenovna ugodnost.<br \/>\nBlazine so iz narejene iz kvalitetnega polietilena (posebna reciklirana pena), ki se ne zbija in zagotavlja konstantno enakomernost in trdnost po celotni blazini, kar zagotavlja obstojnost in trajnost. Nedrse\u010da povr\u0161ina.<br \/>\nBlazine se sestavljajo na PUZZLE sistem, ki zagotavlja, da blazine ne lezejo narazen in se ne razdirajo. Njihove dimenzije naredijo ta Tatami zelo prakti\u010den in lahko prenosljiv.<br \/>\n<span id=\"dnn_ctr448_ProductPage_lblItemHtmlHolder\">Brez zaklju\u010dkov robov, ti se lahko naro\u010dijo dodatno.<\/span><br \/>\n<\/span><\/p>\n<p><span style=\"font-size: 15px; color: #993300;\">Barva: ena stran bakrena, druga bela.<\/span><\/p>\n<p><span style=\"font-size: 15px; color: #993300;\">Dimenzije: 100 cm x 100 cm x 2 cm<\/span><\/p>\n<p><span style=\"font-size: 15px; color: #993300;\">Te\u017ea: cca. 2,5 kg<\/span><\/p>\n<p><span style=\"font-size: 15px; color: #993300;\">Dobavljivo po naro\u010dilu.<\/span><\/p>\n<\/div>\n<div><\/div>\n<div><span style=\"font-size: 15px; color: #993300;\">Opomba! Dostava se zara\u010dunava posebej, po ceniku dostavne slu\u017ebe!<\/span><\/div>\n","protected":false},"excerpt":{"rendered":"<p><span style=\"color: #003366;\"><strong>Bakreno-bele dvobarvne Tatami blazine za sestavljanje 100 x 100 x 2 cm.<\/strong><\/span><\/p>\n","protected":false},"featured_media":121463,"comment_status":"open","ping_status":"closed","template":"","meta":[],"product_brand":[5596],"product_cat":[1035,1043,1033,1031,1029,1037,1039,1041,741,743,983,1025,1061],"product_tag":[],"class_list":{"0":"post-121485","1":"product","2":"type-product","3":"status-publish","4":"has-post-thumbnail","6":"product_brand-kwon","7":"product_cat-aikido-kendo-iai-kobudo-1","8":"product_cat-boks-kickbox-tajski-boks-mma","9":"product_cat-ju-jitsujiu-jitsu-1","10":"product_cat-judo-1","11":"product_cat-karate-5","12":"product_cat-ninjutsu-3","13":"product_cat-taekwondo-3","14":"product_cat-tai-chi-kunf-fu-wu-shu-1","15":"product_cat-novosti","16":"product_cat-tatami-blazine","17":"product_cat-kwon-3","18":"product_cat-novosti-2","19":"product_cat-kwon-5","21":"first","22":"instock","23":"taxable","24":"shipping-taxable","25":"purchasable","26":"product-type-simple"},"_links":{"self":[{"href":"https:\/\/www.budoshop.si\/sl\/wp-json\/wp\/v2\/product\/121485","targetHints":{"allow":["GET"]}}],"collection":[{"href":"https:\/\/www.budoshop.si\/sl\/wp-json\/wp\/v2\/product"}],"about":[{"href":"https:\/\/www.budoshop.si\/sl\/wp-json\/wp\/v2\/types\/product"}],"replies":[{"embeddable":true,"href":"https:\/\/www.budoshop.si\/sl\/wp-json\/wp\/v2\/comments?post=121485"}],"wp:featuredmedia":[{"embeddable":true,"href":"https:\/\/www.budoshop.si\/sl\/wp-json\/wp\/v2\/media\/121463"}],"wp:attachment":[{"href":"https:\/\/www.budoshop.si\/sl\/wp-json\/wp\/v2\/media?parent=121485"}],"wp:term":[{"taxonomy":"product_brand","embeddable":true,"href":"https:\/\/www.budoshop.si\/sl\/wp-json\/wp\/v2\/product_brand?post=121485"},{"taxonomy":"product_cat","embeddable":true,"href":"https:\/\/www.budoshop.si\/sl\/wp-json\/wp\/v2\/product_cat?post=121485"},{"taxonomy":"product_tag","embeddable":true,"href":"https:\/\/www.budoshop.si\/sl\/wp-json\/wp\/v2\/product_tag?post=121485"}],"curies":[{"name":"wp","href":"https:\/\/api.w.org\/{rel}","templated":true}]}}