{"id":121332,"date":"2026-02-21T12:26:16","date_gmt":"2026-02-21T11:26:16","guid":{"rendered":"https:\/\/www.budoshop.si\/punching-bags-adidas-speed-new\/"},"modified":"2026-02-21T12:32:57","modified_gmt":"2026-02-21T11:32:57","slug":"punching-bags-adidas-speed-new","status":"publish","type":"product","link":"https:\/\/www.budoshop.si\/sl\/izdelek\/punching-bags-adidas-speed-new\/","title":{"rendered":"Boksarske vre\u010de &#8221;Adidas SPEED&#8221; \u2013 NOVO!!!"},"content":{"rendered":"<div class=\"offcanvas-body\">\n<div class=\"product-detail-description tab-pane-container\">\n<div class=\"product-detail-description-text\">\n<p><span style=\"font-size: 15px; color: #993300;\"><span class=\"HwtZe\" lang=\"sl\"><span class=\"jCAhz ChMk0b\"><span class=\"ryNqvb\">Boksarske vre\u010de Adidas SPEED so strojno polnjene, trpe\u017ene in odporne boksarske vre\u010de, ki se odlikujejo po odli\u010dnem materialu in kakovosti izdelave.<\/span><\/span> <span class=\"jCAhz ChMk0b\"><span class=\"ryNqvb\">Njihova robustna zasnova s \u200b\u200btesno za\u0161itimi \u0161ivi in \u200b\u200bnajlonskimi trakovi, odpornimi na trganje, omogo\u010dajo u\u010dinkovit trening mo\u010di in vzdr\u017eljivosti s hitrimi, energi\u010dnimi udarci.<\/span><\/span> <span class=\"jCAhz ChMk0b\"><span class=\"ryNqvb\">Boksarske vre\u010de se enostavno namestijo s \u0161tirito\u010dkovnim obe\u0161anjem in vedno ponujajo optimalno poravnavo polo\u017eaja udarca zaradi integriranega vrtljivega mehanizma.<\/span><\/span><\/span><\/span><\/p>\n<ul>\n<li><span style=\"font-size: 15px; color: #993300;\">material: trpe\u017een poliester<\/span><\/li>\n<li><span style=\"font-size: 15px; color: #993300;\"><span class=\"HwtZe\" lang=\"sl\"><span class=\"jCAhz ChMk0b\"><span class=\"ryNqvb\">4-to\u010dkovno vzmetenje za stabilno obe\u0161anje<\/span><\/span><\/span> <\/span><\/li>\n<li><span style=\"font-size: 15px; color: #993300;\">polnilo: tekstilne obreznine<\/span><\/li>\n<li><span class=\"HwtZe\" lang=\"sl\" style=\"font-size: 15px; color: #993300;\"><span class=\"jCAhz ChMk0b\"><span class=\"ryNqvb\">skenirane vre\u010de (elektronsko preverjanje glede kovinskih predmetov)<\/span><\/span><\/span><\/li>\n<li><span style=\"font-size: 15px; color: #993300;\">primerno za ze\u010dtnike in profesionalce<\/span><\/li>\n<\/ul>\n<p><span style=\"font-size: 15px; color: #993300;\">Barva: \u010drna z velikim Adidas logotip printom v zlati barvi<\/span><\/p>\n<p><span style=\"font-size: 15px; color: #993300;\">Modeli: <\/span><br \/>\n<span style=\"font-size: 15px; color: #993300;\">\u2013 cca. 120 x 33 cm x 30kg<\/span><br \/>\n<span style=\"font-size: 15px; color: #993300;\">\u2013 cca. 150 x 33 cm x 34kg<\/span><br \/>\n<span style=\"font-size: 15px; color: #993300;\">\u2013 cca: 180 x 33 cm x 40kg<\/span><\/p>\n<p>&nbsp;<\/p>\n<\/div>\n<p><span class=\"HwtZe\" lang=\"sl\" style=\"font-size: 12px; color: #993300;\"><span class=\"jCAhz ChMk0b\"><span class=\"ryNqvb\">Opomba: Na voljo po naro\u010dilu, za ve\u010d informacij pi\u0161ite na: info@budoshop.si<\/span><\/span><\/span><\/p>\n<\/div>\n<\/div>\n","protected":false},"excerpt":{"rendered":"<p><span style=\"color: #003366;\"><strong>Vinilne Adidas SPEED boksarske vre\u010de z zlatim tiskom.<\/strong><\/span><\/p>\n","protected":false},"featured_media":121323,"comment_status":"open","ping_status":"closed","template":"","meta":[],"product_brand":[5594],"product_cat":[1035,1043,1033,1029,1039,1041,741,865,951,1025,1049],"product_tag":[],"class_list":{"0":"post-121332","1":"product","2":"type-product","3":"status-publish","4":"has-post-thumbnail","6":"product_brand-adidas","7":"product_cat-aikido-kendo-iai-kobudo-1","8":"product_cat-boks-kickbox-tajski-boks-mma","9":"product_cat-ju-jitsujiu-jitsu-1","10":"product_cat-karate-5","11":"product_cat-taekwondo-3","12":"product_cat-tai-chi-kunf-fu-wu-shu-1","13":"product_cat-novosti","14":"product_cat-visece-vrece","15":"product_cat-adidas-3","16":"product_cat-novosti-2","17":"product_cat-adidas-7","18":"pa_model-120-cm-sl","19":"pa_model-150-cm-sl","20":"pa_model-180-cm-sl","22":"first","23":"instock","24":"taxable","25":"shipping-taxable","26":"purchasable","27":"product-type-variable"},"_links":{"self":[{"href":"https:\/\/www.budoshop.si\/sl\/wp-json\/wp\/v2\/product\/121332","targetHints":{"allow":["GET"]}}],"collection":[{"href":"https:\/\/www.budoshop.si\/sl\/wp-json\/wp\/v2\/product"}],"about":[{"href":"https:\/\/www.budoshop.si\/sl\/wp-json\/wp\/v2\/types\/product"}],"replies":[{"embeddable":true,"href":"https:\/\/www.budoshop.si\/sl\/wp-json\/wp\/v2\/comments?post=121332"}],"wp:featuredmedia":[{"embeddable":true,"href":"https:\/\/www.budoshop.si\/sl\/wp-json\/wp\/v2\/media\/121323"}],"wp:attachment":[{"href":"https:\/\/www.budoshop.si\/sl\/wp-json\/wp\/v2\/media?parent=121332"}],"wp:term":[{"taxonomy":"product_brand","embeddable":true,"href":"https:\/\/www.budoshop.si\/sl\/wp-json\/wp\/v2\/product_brand?post=121332"},{"taxonomy":"product_cat","embeddable":true,"href":"https:\/\/www.budoshop.si\/sl\/wp-json\/wp\/v2\/product_cat?post=121332"},{"taxonomy":"product_tag","embeddable":true,"href":"https:\/\/www.budoshop.si\/sl\/wp-json\/wp\/v2\/product_tag?post=121332"}],"curies":[{"name":"wp","href":"https:\/\/api.w.org\/{rel}","templated":true}]}}