{"id":121259,"date":"2026-02-11T10:14:22","date_gmt":"2026-02-11T09:14:22","guid":{"rendered":"https:\/\/www.budoshop.si\/ju-jutsu-protectors-set-red-new\/"},"modified":"2026-02-11T10:17:11","modified_gmt":"2026-02-11T09:17:11","slug":"ju-jutsu-protectors-set-red-new","status":"publish","type":"product","link":"https:\/\/www.budoshop.si\/sl\/izdelek\/ju-jutsu-protectors-set-red-new\/","title":{"rendered":"Ju-Jutsu set \u0161\u010ditnikov &#8221;RED&#8221; &#8211; NOVO!!!"},"content":{"rendered":"<p><span class=\"HwtZe\" lang=\"sl\" style=\"font-size: 15px; color: #993300;\"><span class=\"jCAhz ChMk0b\"><span class=\"ryNqvb\">Ta visokokakovostni tekmovalni Ju-jitsu set \u0161\u010ditnikov vklju\u010duje Ju-jitsu rokavice Pro in bomba\u017ene \u0161\u010ditnike za goleni in nart.<\/span><\/span><span class=\"jCAhz ChMk0b\"><span class=\"ryNqvb\"><br \/>\nRokavice Ju-jitsu Pro imajo odli\u010dne blazinice za bla\u017eenje udarcev in mehke elasti\u010dne trakove, ki zagotavljajo optimalno za\u0161\u010dito pred udarci in tesnej\u0161e prileganje, hkrati pa se popolnoma stabilizirajo in prilagajajo va\u0161im pestem.<\/span><\/span><span class=\"jCAhz ChMk0b\"><span class=\"ryNqvb\"><br \/>\nMehko oblazinjeni bomba\u017eni elasti\u010dni \u0161\u010ditniki za goleni in nart so izdelani iz zra\u010dnega raztegljivega materiala za tesno prileganje, kar zagotavlja maksimalno za\u0161\u010dito in udobje.<\/span><\/span> <span class=\"jCAhz ChMk0b\"><span class=\"ryNqvb\">Enostavne za \u010di\u0161\u010denje.<\/span><\/span><\/span><\/p>\n<p><span style=\"font-size: 15px; color: #993300;\">Rde\u010de barve.<\/span><\/p>\n<p><span style=\"font-size: 15px; color: #993300;\">Velikosti: S &#8211; M &#8211; L &#8211; XL<\/span><\/p>\n<p><span style=\"font-size: 15px; color: #993300;\"><strong>Ti artikli so odobreni iz strani JJIF<\/strong>-a (Ju-jitsu International Federation)!<\/span><\/p>\n","protected":false},"excerpt":{"rendered":"<p><span style=\"color: #003366;\"><strong>Rde\u010d JJIF verificiran Ju-jitsu set rokavic in \u0161\u010ditnikov za golen in nart.<\/strong><\/span><\/p>\n","protected":false},"featured_media":121239,"comment_status":"open","ping_status":"closed","template":"","meta":[],"product_brand":[5595],"product_cat":[881,1033,5405,5406,817,741,1025,899],"product_tag":[],"class_list":{"0":"post-121259","1":"product","2":"type-product","3":"status-publish","4":"has-post-thumbnail","6":"product_brand-ju-sports","7":"product_cat-ju-jitsu-set","8":"product_cat-ju-jitsujiu-jitsu-1","9":"product_cat-ju-sports","10":"product_cat-ju-sports-2","11":"product_cat-karate-in-jujitsu-rokavice","12":"product_cat-novosti","13":"product_cat-novosti-2","14":"product_cat-scitniki-za-piscali","15":"pa_velikost-l-sl-2","16":"pa_velikost-m-sl-2","17":"pa_velikost-s-sl-2","18":"pa_velikost-xl-sl","20":"first","21":"instock","22":"taxable","23":"shipping-taxable","24":"purchasable","25":"product-type-variable"},"_links":{"self":[{"href":"https:\/\/www.budoshop.si\/sl\/wp-json\/wp\/v2\/product\/121259","targetHints":{"allow":["GET"]}}],"collection":[{"href":"https:\/\/www.budoshop.si\/sl\/wp-json\/wp\/v2\/product"}],"about":[{"href":"https:\/\/www.budoshop.si\/sl\/wp-json\/wp\/v2\/types\/product"}],"replies":[{"embeddable":true,"href":"https:\/\/www.budoshop.si\/sl\/wp-json\/wp\/v2\/comments?post=121259"}],"wp:featuredmedia":[{"embeddable":true,"href":"https:\/\/www.budoshop.si\/sl\/wp-json\/wp\/v2\/media\/121239"}],"wp:attachment":[{"href":"https:\/\/www.budoshop.si\/sl\/wp-json\/wp\/v2\/media?parent=121259"}],"wp:term":[{"taxonomy":"product_brand","embeddable":true,"href":"https:\/\/www.budoshop.si\/sl\/wp-json\/wp\/v2\/product_brand?post=121259"},{"taxonomy":"product_cat","embeddable":true,"href":"https:\/\/www.budoshop.si\/sl\/wp-json\/wp\/v2\/product_cat?post=121259"},{"taxonomy":"product_tag","embeddable":true,"href":"https:\/\/www.budoshop.si\/sl\/wp-json\/wp\/v2\/product_tag?post=121259"}],"curies":[{"name":"wp","href":"https:\/\/api.w.org\/{rel}","templated":true}]}}