{"id":121059,"date":"2026-01-20T09:34:38","date_gmt":"2026-01-20T08:34:38","guid":{"rendered":"https:\/\/www.budoshop.si\/karate-towel-tokaido-wkf-new\/"},"modified":"2026-01-30T11:00:10","modified_gmt":"2026-01-30T10:00:10","slug":"karate-towel-tokaido-wkf-new","status":"publish","type":"product","link":"https:\/\/www.budoshop.si\/sl\/izdelek\/karate-towel-tokaido-wkf-new\/","title":{"rendered":"Velika Karate brisa\u010da &#8221;Tokaido WKF&#8221; &#8211; NOVO!!!"},"content":{"rendered":"<p><span style=\"font-size: 15px; color: #993300;\">Velika WKF <span class=\"HwtZe\" lang=\"sl\"><span class=\"jCAhz ChMk0b\"><span class=\"ryNqvb\">Karate brisa\u010da TOKAIDO, uvo\u017eena iz Japonske!<br \/>\n\u0160portna brisa\u010da TOKAIDO\u00a0<\/span><\/span><\/span><span class=\"HwtZe\" lang=\"sl\"><span class=\"jCAhz ChMk0b\"><span class=\"ryNqvb\">izdelana iz finih mikrovlaken je mehka, vpojna, prijetna ko\u017ei in se hitro su\u0161i.<\/span><\/span><\/span><span class=\"HwtZe\" lang=\"sl\"><span class=\"jCAhz ChMk0b\"><span class=\"ryNqvb\"><br \/>\nPopolna za uporabo po intenzivnem treningu, na turnirju, v bazenu ali na pla\u017ei.<br \/>\n<\/span><\/span><\/span><span class=\"HwtZe\" lang=\"sl\"><span class=\"jCAhz ChMk0b\"><span class=\"ryNqvb\">Z vtkanim WKF Karate logotipom na obeh straneh je ta brisa\u010da resni\u010dna pa\u0161a za o\u010di.<br \/>\n\u010crne barve.<\/span><\/span><\/span><\/span><br \/>\n<span class=\"HwtZe\" lang=\"sl\" style=\"font-size: 15px; color: #993300;\"><span class=\"jCAhz ChMk0b\"><span class=\"ryNqvb\">Zelo primerna tudi kot darilo!<\/span><\/span><\/span><\/p>\n<p><span style=\"font-size: 15px; color: #993300;\"><strong>Kvaliteta, ki jo lahko zagotavlja samo japonska TOKAIDO znamka!<\/strong><\/span><\/p>\n<p><span style=\"font-size: 15px; color: #993300;\">Velikost: cca. 150 x 100 cm<\/span><\/p>\n","protected":false},"excerpt":{"rendered":"<p><span style=\"color: #003366;\"><strong>Velika Tokaido WKF Karate brisa\u010da.<\/strong><\/span><\/p>\n","protected":false},"featured_media":121054,"comment_status":"open","ping_status":"closed","template":"","meta":[],"product_brand":[5598],"product_cat":[1029,741,841,949,1025,1047],"product_tag":[],"class_list":{"0":"post-121059","1":"product","2":"type-product","3":"status-publish","4":"has-post-thumbnail","6":"product_brand-tokaido","7":"product_cat-karate-5","8":"product_cat-novosti","9":"product_cat-ostalo-4","10":"product_cat-shureido-3","11":"product_cat-novosti-2","12":"product_cat-tokaido-1","14":"first","15":"instock","16":"taxable","17":"shipping-taxable","18":"purchasable","19":"product-type-simple"},"_links":{"self":[{"href":"https:\/\/www.budoshop.si\/sl\/wp-json\/wp\/v2\/product\/121059","targetHints":{"allow":["GET"]}}],"collection":[{"href":"https:\/\/www.budoshop.si\/sl\/wp-json\/wp\/v2\/product"}],"about":[{"href":"https:\/\/www.budoshop.si\/sl\/wp-json\/wp\/v2\/types\/product"}],"replies":[{"embeddable":true,"href":"https:\/\/www.budoshop.si\/sl\/wp-json\/wp\/v2\/comments?post=121059"}],"wp:featuredmedia":[{"embeddable":true,"href":"https:\/\/www.budoshop.si\/sl\/wp-json\/wp\/v2\/media\/121054"}],"wp:attachment":[{"href":"https:\/\/www.budoshop.si\/sl\/wp-json\/wp\/v2\/media?parent=121059"}],"wp:term":[{"taxonomy":"product_brand","embeddable":true,"href":"https:\/\/www.budoshop.si\/sl\/wp-json\/wp\/v2\/product_brand?post=121059"},{"taxonomy":"product_cat","embeddable":true,"href":"https:\/\/www.budoshop.si\/sl\/wp-json\/wp\/v2\/product_cat?post=121059"},{"taxonomy":"product_tag","embeddable":true,"href":"https:\/\/www.budoshop.si\/sl\/wp-json\/wp\/v2\/product_tag?post=121059"}],"curies":[{"name":"wp","href":"https:\/\/api.w.org\/{rel}","templated":true}]}}