{"id":121025,"date":"2026-01-15T08:45:40","date_gmt":"2026-01-15T07:45:40","guid":{"rendered":"https:\/\/www.budoshop.si\/leather-mma-gloves-fight-nature-compete-new\/"},"modified":"2026-01-15T08:52:37","modified_gmt":"2026-01-15T07:52:37","slug":"leather-mma-gloves-fight-nature-compete-new","status":"publish","type":"product","link":"https:\/\/www.budoshop.si\/sl\/izdelek\/leather-mma-gloves-fight-nature-compete-new\/","title":{"rendered":"Usnjene MMA rokavice &#8221;Fight Nature COMPETE&#8221; &#8211; NOVO!!!"},"content":{"rendered":"<p><span style=\"font-size: 15px; color: #993300;\"><span class=\"HwtZe\" lang=\"sl\"><span class=\"jCAhz ChMk0b\"><span class=\"ryNqvb\">Te <\/span><\/span><\/span><span class=\"HwtZe\" lang=\"sl\"><span class=\"jCAhz ChMk0b\"><span class=\"ryNqvb\">MMA<\/span><\/span><\/span><span class=\"HwtZe\" lang=\"sl\"><span class=\"jCAhz ChMk0b\"><span class=\"ryNqvb\"> rokavice FightNature Compete so izdelane iz visokokakovostnega, trpe\u017enega 100-odstotnega govejega usnja in izpolnjujejo vse visoke standarde kakovosti, prileganja in varnosti, ki jih zahteva MMA (me\u0161ane borilne ve\u0161\u010dine).<\/span><\/span> Rokavice i<span class=\"jCAhz ChMk0b\"><span class=\"ryNqvb\">majo odprto dlan za optimalen oprijem in\u00a0 za varno pritrditev\u00a0<\/span><\/span><\/span><span class=\"HwtZe\" lang=\"sl\"><span class=\"jCAhz ChMk0b\"><span class=\"ryNqvb\">zapenjanje z je\u017ekom <\/span><\/span><\/span><span class=\"HwtZe\" lang=\"sl\"><span class=\"jCAhz ChMk0b\"><span class=\"ryNqvb\">na zapestju.<\/span><\/span> Kvalitetno o<span class=\"jCAhz ChMk0b\"><span class=\"ryNqvb\">blazinjenje na hrbtni strani dlani absorbira mo\u010dne udarce in \u0161\u010diti \u010dlenke pred po\u0161kodbami.<\/span><\/span><span class=\"jCAhz ChMk0b\"><span class=\"ryNqvb\"><br \/>\nRokavice so bile\u00a0<\/span><\/span><\/span><span class=\"HwtZe\" lang=\"sl\"><span class=\"jCAhz ChMk0b\"><span class=\"ryNqvb\">za\u00a0<\/span><\/span><\/span><span class=\"HwtZe\" lang=\"sl\"><span class=\"jCAhz ChMk0b\"><span class=\"ryNqvb\">MMA <\/span><\/span><\/span><span class=\"HwtZe\" lang=\"sl\"><span class=\"jCAhz ChMk0b\"><span class=\"ryNqvb\">tekmovanja <\/span><\/span><\/span><span class=\"HwtZe\" lang=\"sl\"><span class=\"jCAhz ChMk0b\"><span class=\"ryNqvb\">razvite v sodelovanju z nem\u0161ko\u00a0<\/span><\/span><\/span><span class=\"HwtZe\" lang=\"sl\"><span class=\"jCAhz ChMk0b\"><span class=\"ryNqvb\">MMA <\/span><\/span><\/span><span class=\"HwtZe\" lang=\"sl\"><span class=\"jCAhz ChMk0b\"><span class=\"ryNqvb\">legendo Danielom Weichelom .<\/span><\/span><\/span><\/span><\/p>\n<p><span style=\"font-size: 15px; color: #993300;\">Material: 100% goveje usnje<\/span><\/p>\n<p><span style=\"font-size: 15px; color: #993300;\">Barva: \u010drna<\/span><\/p>\n<p><span style=\"font-size: 15px; color: #993300;\">Velikosti: M \u2013 L \u2013 XL<\/span><\/p>\n","protected":false},"excerpt":{"rendered":"<p><span style=\"color: #003366;\"><strong>Usnjene tekmovalne MMA rokavice.<\/strong><\/span><\/p>\n","protected":false},"featured_media":121013,"comment_status":"open","ping_status":"closed","template":"","meta":[],"product_brand":[5609],"product_cat":[5403,5404,1043,741,819,1025],"product_tag":[],"class_list":{"0":"post-121025","1":"product","2":"type-product","3":"status-publish","4":"has-post-thumbnail","6":"product_brand-fight-nature","7":"product_cat-fightnature","8":"product_cat-fightnature-2","9":"product_cat-boks-kickbox-tajski-boks-mma","10":"product_cat-novosti","11":"product_cat-grappling-in-mma-rokavice","12":"product_cat-novosti-2","13":"pa_velikost-m-sl-2","14":"pa_velikost-l-sl-2","15":"pa_velikost-xl-sl","17":"first","18":"instock","19":"taxable","20":"shipping-taxable","21":"purchasable","22":"product-type-variable"},"_links":{"self":[{"href":"https:\/\/www.budoshop.si\/sl\/wp-json\/wp\/v2\/product\/121025","targetHints":{"allow":["GET"]}}],"collection":[{"href":"https:\/\/www.budoshop.si\/sl\/wp-json\/wp\/v2\/product"}],"about":[{"href":"https:\/\/www.budoshop.si\/sl\/wp-json\/wp\/v2\/types\/product"}],"replies":[{"embeddable":true,"href":"https:\/\/www.budoshop.si\/sl\/wp-json\/wp\/v2\/comments?post=121025"}],"wp:featuredmedia":[{"embeddable":true,"href":"https:\/\/www.budoshop.si\/sl\/wp-json\/wp\/v2\/media\/121013"}],"wp:attachment":[{"href":"https:\/\/www.budoshop.si\/sl\/wp-json\/wp\/v2\/media?parent=121025"}],"wp:term":[{"taxonomy":"product_brand","embeddable":true,"href":"https:\/\/www.budoshop.si\/sl\/wp-json\/wp\/v2\/product_brand?post=121025"},{"taxonomy":"product_cat","embeddable":true,"href":"https:\/\/www.budoshop.si\/sl\/wp-json\/wp\/v2\/product_cat?post=121025"},{"taxonomy":"product_tag","embeddable":true,"href":"https:\/\/www.budoshop.si\/sl\/wp-json\/wp\/v2\/product_tag?post=121025"}],"curies":[{"name":"wp","href":"https:\/\/api.w.org\/{rel}","templated":true}]}}