{"id":121001,"date":"2026-01-13T10:48:57","date_gmt":"2026-01-13T09:48:57","guid":{"rendered":"https:\/\/www.budoshop.si\/kubotan-self-defence-keyring-ergonomic-new\/"},"modified":"2026-01-13T10:55:14","modified_gmt":"2026-01-13T09:55:14","slug":"kubotan-self-defence-keyring-ergonomic-new","status":"publish","type":"product","link":"https:\/\/www.budoshop.si\/sl\/izdelek\/kubotan-self-defence-keyring-ergonomic-new\/","title":{"rendered":"Kubotan obesek za samoobrambo &#8221;ERGONOMIC&#8221; &#8211; NOVO!!!"},"content":{"rendered":"<p><span style=\"font-size: 15px; color: #993300;\">Kubotan je u\u010dinkovit samoobramben pripomo\u010dek, ki lahko hitro onesposobi napadalca. Izredno priljubljen je med mnogimi entuziasti borilnih ve\u0161\u010din. Uporablja se ga lahko za oja\u010danje svoje pesti, pritiske na ob\u010dutljive to\u010dke ali izvajanje vzvodov na nasprotnikovih prstih ali zapestju.<\/span><\/p>\n<p><span style=\"font-size: 15px; color: #993300;\">Ta model ima ergonomi\u010dni ro\u010daj za bolj\u0161e dr\u017eanje. Vklju\u010dena je tudi rinka za obe\u0161anje klju\u010dev ali zatik palca.<\/span><\/p>\n<p><span style=\"font-size: 15px; color: #993300;\">Kubotan ima multifunkcijsko uporabo in je primeren za vsakogar. \u010crne barve.<\/span><\/p>\n<p><span style=\"font-size: 15px; color: #993300;\">Dol\u017eina: cca. 1 4cm<\/span><br \/>\n<span style=\"font-size: 15px; color: #993300;\">Te\u017ea: cca. 60 g<\/span><\/p>\n<p><span style=\"font-size: 15px; color: #993300;\">Obesite svoj Kubotan na svoje klju\u010de in tako vedno imejte s seboj svoje samo-obrambno oro\u017eje!<\/span><\/p>\n","protected":false},"excerpt":{"rendered":"<p><span style=\"color: #003366;\"><strong>Kubotan samo-obrambni obesek z ergonomo\u010dnim ro\u010dajem.<\/strong><\/span><\/p>\n","protected":false},"featured_media":120999,"comment_status":"open","ping_status":"closed","template":"","meta":[],"product_brand":[5595],"product_cat":[5405,5406,1035,1043,1033,1031,1029,1037,1039,1041,847,731,741,1025],"product_tag":[],"class_list":{"0":"post-121001","1":"product","2":"type-product","3":"status-publish","4":"has-post-thumbnail","6":"product_brand-ju-sports","7":"product_cat-ju-sports","8":"product_cat-ju-sports-2","9":"product_cat-aikido-kendo-iai-kobudo-1","10":"product_cat-boks-kickbox-tajski-boks-mma","11":"product_cat-ju-jitsujiu-jitsu-1","12":"product_cat-judo-1","13":"product_cat-karate-5","14":"product_cat-ninjutsu-3","15":"product_cat-taekwondo-3","16":"product_cat-tai-chi-kunf-fu-wu-shu-1","17":"product_cat-ninja-1","18":"product_cat-ostalo-2","19":"product_cat-novosti","20":"product_cat-novosti-2","22":"first","23":"outofstock","24":"taxable","25":"shipping-taxable","26":"purchasable","27":"product-type-simple"},"_links":{"self":[{"href":"https:\/\/www.budoshop.si\/sl\/wp-json\/wp\/v2\/product\/121001","targetHints":{"allow":["GET"]}}],"collection":[{"href":"https:\/\/www.budoshop.si\/sl\/wp-json\/wp\/v2\/product"}],"about":[{"href":"https:\/\/www.budoshop.si\/sl\/wp-json\/wp\/v2\/types\/product"}],"replies":[{"embeddable":true,"href":"https:\/\/www.budoshop.si\/sl\/wp-json\/wp\/v2\/comments?post=121001"}],"wp:featuredmedia":[{"embeddable":true,"href":"https:\/\/www.budoshop.si\/sl\/wp-json\/wp\/v2\/media\/120999"}],"wp:attachment":[{"href":"https:\/\/www.budoshop.si\/sl\/wp-json\/wp\/v2\/media?parent=121001"}],"wp:term":[{"taxonomy":"product_brand","embeddable":true,"href":"https:\/\/www.budoshop.si\/sl\/wp-json\/wp\/v2\/product_brand?post=121001"},{"taxonomy":"product_cat","embeddable":true,"href":"https:\/\/www.budoshop.si\/sl\/wp-json\/wp\/v2\/product_cat?post=121001"},{"taxonomy":"product_tag","embeddable":true,"href":"https:\/\/www.budoshop.si\/sl\/wp-json\/wp\/v2\/product_tag?post=121001"}],"curies":[{"name":"wp","href":"https:\/\/api.w.org\/{rel}","templated":true}]}}