{"id":120652,"date":"2025-12-08T11:35:15","date_gmt":"2025-12-08T10:35:15","guid":{"rendered":"https:\/\/www.budoshop.si\/taekwondo-uniforma-dobok-adi-fighter-pro-new\/"},"modified":"2025-12-08T16:18:06","modified_gmt":"2025-12-08T15:18:06","slug":"taekwondo-uniforma-dobok-adi-fighter-pro-new","status":"publish","type":"product","link":"https:\/\/www.budoshop.si\/sl\/izdelek\/taekwondo-uniforma-dobok-adi-fighter-pro-new\/","title":{"rendered":"Taekwondo uniforma (Dobok) &#8221;ADI-FIGHTER PRO&#8221; &#8211; NOVO!!!"},"content":{"rendered":"<p><span style=\"font-size: 15px; color: #993300;\"><span class=\"HwtZe\" lang=\"en\"><span class=\"jCAhz ChMk0b\"><span class=\"ryNqvb\"><span class=\"HwtZe\" lang=\"sl\">Novi Adidas ADI-FIGHTER PRO Dobok je tukaj!<br \/>\nTa dobok, odobren s strani WT, je obvezen za vsa\u00a0<\/span><\/span><\/span><\/span><span class=\"HwtZe\" lang=\"en\"><span class=\"jCAhz ChMk0b\"><span class=\"ryNqvb\"><span class=\"HwtZe\" lang=\"sl\">WT <\/span><\/span><\/span><\/span><span class=\"HwtZe\" lang=\"en\"><span class=\"jCAhz ChMk0b\"><span class=\"ryNqvb\"><span class=\"HwtZe\" lang=\"sl\">tekmovanja\u00a0 v \u010dlanski diviziji.<\/span><br \/>\n<\/span><\/span><\/span><span class=\"HwtZe\" lang=\"sl\"><span class=\"jCAhz ChMk0b\"><span class=\"ryNqvb\">ADI-FIGHTER PRO Dobok je izdelan v skladu z novim\u00a0<\/span><\/span><\/span>easy-to-move <span class=\"HwtZe\" lang=\"sl\"><span class=\"jCAhz ChMk0b\"><span class=\"ryNqvb\">krojem za najbolj\u0161o svobodo gibanja.<\/span><\/span> <span class=\"jCAhz ChMk0b\"><span class=\"ryNqvb\">Novi material Adidas Primegreen zagotavlja, da je izdelan iz vsaj 30% trajnostnega materiala \u2013 s \u0161portom ne morete storiti ve\u010d za okolje!<\/span><\/span> <span class=\"jCAhz ChMk0b\"><span class=\"ryNqvb\">Izdelan je iz 100% poliestra (reciklirane plastike).<\/span><\/span>\u00a0<\/span><span class=\"HwtZe\" lang=\"en\"><span class=\"jCAhz ChMk0b\"><span class=\"ryNqvb\"><span class=\"HwtZe\" lang=\"sl\">Tkanina je na notranji strani teksturirana, zato se ne oprijema vla\u017ene ko\u017ee.\u00a0<\/span><\/span><\/span><\/span><span class=\"HwtZe\" lang=\"en\"><span class=\"jCAhz ChMk0b\"><span class=\"ryNqvb\"><span class=\"HwtZe\" lang=\"sl\">Lahek material z Adidasov o<\/span><\/span><\/span><\/span><span class=\"HwtZe\" lang=\"en\"><span class=\"jCAhz ChMk0b\"><span class=\"ryNqvb\"><span class=\"HwtZe\" lang=\"sl\">&#8220;ClimaCool&#8221;<\/span><\/span><\/span><\/span><span class=\"HwtZe\" lang=\"en\"><span class=\"jCAhz ChMk0b\"><span class=\"ryNqvb\"><span class=\"HwtZe\" lang=\"sl\"> tehnologijo\u00a0 zagotavlja odli\u010dno regulacijo temperature med treningom in tekmovanjem saj ima o<\/span><\/span><\/span><\/span><span class=\"HwtZe\" lang=\"sl\"><span class=\"jCAhz ChMk0b\"><span class=\"ryNqvb\">b straneh, pod pazduhami in na rokavih vgrajene mre\u017easte prezra\u010devalne cone za optimalen pretok zraka.<\/span><\/span> <span class=\"jCAhz ChMk0b\"><span class=\"ryNqvb\">Tesnej\u0161i kroj omogo\u010da bliskovito hitro gibanje, tako da ste popolnoma osredoto\u010deni na \u0161port.<\/span><\/span> <span class=\"jCAhz ChMk0b\"><span class=\"ryNqvb\">Nova barva &#8216;Pro White&#8217; z\u00a0<\/span><\/span><\/span><span class=\"HwtZe\" lang=\"sl\"><span class=\"jCAhz ChMk0b\"><span class=\"ryNqvb\">WT <\/span><\/span><\/span><span class=\"HwtZe\" lang=\"sl\"><span class=\"jCAhz ChMk0b\"><span class=\"ryNqvb\">logotipom\u00a0 na reverju in\u00a0<\/span><\/span><\/span><span class=\"HwtZe\" lang=\"sl\"><span class=\"jCAhz ChMk0b\"><span class=\"ryNqvb\">Adidas <\/span><\/span><\/span><span class=\"HwtZe\" lang=\"sl\"><span class=\"jCAhz ChMk0b\"><span class=\"ryNqvb\">logotipom\u00a0 na rokavih in hla\u010dah.<\/span><\/span><\/span><\/span><br \/>\n<span style=\"font-size: 15px; color: #993300;\"><span class=\"HwtZe\" lang=\"en\"><span class=\"jCAhz ChMk0b\"><span class=\"ryNqvb\"><span class=\"HwtZe\" lang=\"sl\">Ta Dobok je odobren tako za olimpijske igre kot za vsa svetovna in evropska prvenstva.<\/span><\/span><\/span><\/span><\/span><\/p>\n<p><span style=\"font-size: 15px; color: #993300;\">V kompletu je jakna s \u010drnim V izrezom in hla\u010de z elastiko v pasu.<\/span><\/p>\n<p><span style=\"font-size: 15px; color: #993300;\"><strong>Ta artikel je odobren s strani WT<\/strong>-a (World Taekwondo Federation)!<\/span><\/p>\n<p><span style=\"font-size: 15px; color: #993300;\">Vi\u0161ine: 150 \u2013 200 cm (na 10cm).<\/span><\/p>\n<p>&nbsp;<\/p>\n","protected":false},"excerpt":{"rendered":"<p><strong><span style=\"color: #003366;\">Novi ozek Adidas WT Dobok za tekmovanja na najvi\u0161ji ravni.<\/span><\/strong><\/p>\n","protected":false},"featured_media":120631,"comment_status":"open","ping_status":"closed","template":"","meta":[],"product_brand":[5594],"product_cat":[1049,951,741,1025,1039,943],"product_tag":[],"class_list":{"0":"post-120652","1":"product","2":"type-product","3":"status-publish","4":"has-post-thumbnail","6":"product_brand-adidas","7":"product_cat-adidas-7","8":"product_cat-adidas-3","9":"product_cat-novosti","10":"product_cat-novosti-2","11":"product_cat-taekwondo-3","12":"product_cat-wt-taekwondo-1","13":"pa_velikost-150-cm-sl","14":"pa_velikost-160-cm-sl","15":"pa_velikost-170-cm-sl","16":"pa_velikost-180-cm-sl","17":"pa_velikost-190-cm-sl","18":"pa_velikost-200-cm-sl","20":"first","21":"instock","22":"taxable","23":"shipping-taxable","24":"purchasable","25":"product-type-variable"},"_links":{"self":[{"href":"https:\/\/www.budoshop.si\/sl\/wp-json\/wp\/v2\/product\/120652","targetHints":{"allow":["GET"]}}],"collection":[{"href":"https:\/\/www.budoshop.si\/sl\/wp-json\/wp\/v2\/product"}],"about":[{"href":"https:\/\/www.budoshop.si\/sl\/wp-json\/wp\/v2\/types\/product"}],"replies":[{"embeddable":true,"href":"https:\/\/www.budoshop.si\/sl\/wp-json\/wp\/v2\/comments?post=120652"}],"wp:featuredmedia":[{"embeddable":true,"href":"https:\/\/www.budoshop.si\/sl\/wp-json\/wp\/v2\/media\/120631"}],"wp:attachment":[{"href":"https:\/\/www.budoshop.si\/sl\/wp-json\/wp\/v2\/media?parent=120652"}],"wp:term":[{"taxonomy":"product_brand","embeddable":true,"href":"https:\/\/www.budoshop.si\/sl\/wp-json\/wp\/v2\/product_brand?post=120652"},{"taxonomy":"product_cat","embeddable":true,"href":"https:\/\/www.budoshop.si\/sl\/wp-json\/wp\/v2\/product_cat?post=120652"},{"taxonomy":"product_tag","embeddable":true,"href":"https:\/\/www.budoshop.si\/sl\/wp-json\/wp\/v2\/product_tag?post=120652"}],"curies":[{"name":"wp","href":"https:\/\/api.w.org\/{rel}","templated":true}]}}