{"id":120627,"date":"2025-12-08T10:18:40","date_gmt":"2025-12-08T09:18:40","guid":{"rendered":"https:\/\/www.budoshop.si\/leather-kickboxing-rokavice-wako-competition-red\/"},"modified":"2025-12-08T10:24:23","modified_gmt":"2025-12-08T09:24:23","slug":"leather-kickboxing-rokavice-wako-competition-red","status":"publish","type":"product","link":"https:\/\/www.budoshop.si\/sl\/izdelek\/leather-kickboxing-rokavice-wako-competition-red\/","title":{"rendered":"Usnjene Kickboxing rokavice &#8221;WAKO COMPETITION red&#8221;"},"content":{"rendered":"<p><span style=\"font-size: 15px; color: #993300;\">Te usnjene Adidas Kickboxing WAKO COMPETITION so zdelane so iz najkvalitetnej\u0161ega naravnega usnja in so namenjene intenzivnim Kickboxing treningom in tekmovanjem. Rokavice\u00a0<span class=\"HwtZe\" lang=\"sl\"><span class=\"jCAhz ChMk0b\"><span class=\"ryNqvb\">so izdelane iz najkakovostnej\u0161ega pravega usnja.<\/span><\/span> <span class=\"jCAhz ChMk0b\"><span class=\"ryNqvb\">Z odli\u010dnim <\/span><\/span><\/span>injekcijskim polnilom z visoko vpojno peno za najbolj\u0161e<span class=\"HwtZe\" lang=\"sl\"><span class=\"jCAhz ChMk0b\"><span class=\"ryNqvb\"> oblazinjenje, ki absorbira udarce in trdno obdelavo zagotavljajo optimalno za\u0161\u010dito pred udarci in \u010dvrsto prileganje, hkrati pa se popolnoma stabilizirajo in prilagajajo va\u0161im pestem.<\/span><\/span> <span class=\"jCAhz\"><span class=\"ryNqvb\">Polnjenje pod visokim pritiskom.<\/span><\/span> <span class=\"jCAhz ChMk0b\"><span class=\"ryNqvb\">Odprtine za prezra\u010devanje.<\/span><\/span> <\/span>Zapenjanje z mo\u010dnim je\u017eek trakom okoli zapestnega dela.<\/span><\/p>\n<ul>\n<li><span class=\"HwtZe\" lang=\"sl\" style=\"font-size: 15px; color: #993300;\"><span class=\"jCAhz ChMk0b\"><span class=\"ryNqvb\">material: zgornji material: goveje usnje vrhunske kakovosti;<\/span><\/span> <span class=\"jCAhz ChMk0b\"><span class=\"ryNqvb\">dlan: inovativno FLX 3.0 PU usnje<\/span><\/span><\/span><\/li>\n<li><span class=\"HwtZe\" lang=\"sl\" style=\"font-size: 15px; color: #993300;\"><span class=\"jCAhz ChMk0b\"><span class=\"ryNqvb\">zapenjanje z je\u017ekom za tesno pritrditev zapestja<\/span><\/span><\/span><\/li>\n<\/ul>\n<p>&nbsp;<\/p>\n<p><span style=\"font-size: 15px; color: #993300;\">Barva: rde\u010de-bela<\/span><\/p>\n<p><span style=\"font-size: 15px; color: #993300;\">Velikost: 10 OZ<\/span><\/p>\n<p><span style=\"font-size: 15px; color: #993300;\"><strong>Ta artikel je odobren s strani WAKO<\/strong>-ja (World Association of Kickboxing Organizations).<\/span><\/p>\n","protected":false},"excerpt":{"rendered":"<p><span style=\"color: #003366;\"><strong>Rde\u010de tekmovalne usnjene WAKO verificirane Kickboxing rokavice.<\/strong><\/span><\/p>\n","protected":false},"featured_media":120609,"comment_status":"open","ping_status":"closed","template":"","meta":[],"product_brand":[5594],"product_cat":[951,1049,1043,821],"product_tag":[],"class_list":{"0":"post-120627","1":"product","2":"type-product","3":"status-publish","4":"has-post-thumbnail","6":"product_brand-adidas","7":"product_cat-adidas-3","8":"product_cat-adidas-7","9":"product_cat-boks-kickbox-tajski-boks-mma","10":"product_cat-kick-thai-boxing-rokavice","12":"first","13":"instock","14":"taxable","15":"shipping-taxable","16":"purchasable","17":"product-type-simple"},"_links":{"self":[{"href":"https:\/\/www.budoshop.si\/sl\/wp-json\/wp\/v2\/product\/120627","targetHints":{"allow":["GET"]}}],"collection":[{"href":"https:\/\/www.budoshop.si\/sl\/wp-json\/wp\/v2\/product"}],"about":[{"href":"https:\/\/www.budoshop.si\/sl\/wp-json\/wp\/v2\/types\/product"}],"replies":[{"embeddable":true,"href":"https:\/\/www.budoshop.si\/sl\/wp-json\/wp\/v2\/comments?post=120627"}],"wp:featuredmedia":[{"embeddable":true,"href":"https:\/\/www.budoshop.si\/sl\/wp-json\/wp\/v2\/media\/120609"}],"wp:attachment":[{"href":"https:\/\/www.budoshop.si\/sl\/wp-json\/wp\/v2\/media?parent=120627"}],"wp:term":[{"taxonomy":"product_brand","embeddable":true,"href":"https:\/\/www.budoshop.si\/sl\/wp-json\/wp\/v2\/product_brand?post=120627"},{"taxonomy":"product_cat","embeddable":true,"href":"https:\/\/www.budoshop.si\/sl\/wp-json\/wp\/v2\/product_cat?post=120627"},{"taxonomy":"product_tag","embeddable":true,"href":"https:\/\/www.budoshop.si\/sl\/wp-json\/wp\/v2\/product_tag?post=120627"}],"curies":[{"name":"wp","href":"https:\/\/api.w.org\/{rel}","templated":true}]}}