{"id":120420,"date":"2025-11-24T11:11:38","date_gmt":"2025-11-24T10:11:38","guid":{"rendered":"https:\/\/www.budoshop.si\/martial-art-training-shoes-adi-contestan-pro-new\/"},"modified":"2025-11-25T08:14:30","modified_gmt":"2025-11-25T07:14:30","slug":"martial-art-training-shoes-adi-contestan-pro-new","status":"publish","type":"product","link":"https:\/\/www.budoshop.si\/sl\/izdelek\/martial-art-training-shoes-adi-contestan-pro-new\/","title":{"rendered":"Trening copati za borilne ve\u0161\u010dine &#8221;ADI CONTESTANT PRO&#8221; &#8211; NOVO!!!"},"content":{"rendered":"<p><span style=\"font-size: 15px; color: #993300;\"><span class=\"HwtZe\" lang=\"sl\"><span class=\"jCAhz ChMk0b\"><span class=\"ryNqvb\">Adidas predstavlja nov model obutve za borilne ve\u0161\u010dine Contestant Pro TKD brez vezalk.<\/span><\/span> <span class=\"jCAhz ChMk0b\"><span class=\"ryNqvb\">Stopite na blazine z absolutnim nadzorom v Adidas Contestant Pro copatih brez vezalk, zasnovanih za vrhunske \u0161portnike, ki zahtevajo hitrost, oprijem in se nogi prilegajo kot rokavice na roko.<\/span><\/span> <span class=\"jCAhz ChMk0b\"><span class=\"ryNqvb\">Ti elegantni, visokozmogljivi copati so zasnovani posebej za trening Taekwondoja in drugih borilnih ve\u0161\u010din na blazinah in zagotavljajo varen ob\u010dutek kot bi bili v nogavicah, brez motenj zaradi vezalk.<\/span><\/span><\/span><br \/>\n<span class=\"HwtZe\" lang=\"sl\"><span class=\"jCAhz ChMk0b\"><span class=\"ryNqvb\">V teh borilnih copatih z ultra lahko konstrukcijo in zasnovo z deljenim podplatom se boste gibali natan\u010dno in enostavno pri formah, sparing drilih in pripravah na turnirje.<\/span><\/span> <span class=\"jCAhz ChMk0b\"><span class=\"ryNqvb\">Zra\u010dna mre\u017ea in sinteti\u010dne prevleke zagotavljajo strukturo, hkrati pa ohranjajo va\u0161a stopala hladna in suha, ko so pod pritiskom.<\/span><\/span> <span class=\"jCAhz ChMk0b\"><span class=\"ryNqvb\">To niso le copati za trening, temve\u010d tekmovalna prednost.<\/span><\/span> <span class=\"jCAhz ChMk0b\"><span class=\"ryNqvb\">Izbolj\u0161ajte svojo presenco na blazinah z obutvijo, ki je tako disciplinirana in dinami\u010dna kot va\u0161a tehnika.<\/span><\/span><\/span><\/span><\/p>\n<p><span class=\"HwtZe\" lang=\"sl\" style=\"font-size: 15px; color: #993300;\"><span class=\"jCAhz ChMk0b\"><span class=\"ryNqvb\">Zna\u010dilnosti:<br \/>\n&#8211; Brez vezalk, brez je\u017eka, brez te\u017eav!<\/span><\/span><span class=\"jCAhz ChMk0b\"><span class=\"ryNqvb\"><br \/>\n&#8211; Posebej zasnovano za borilne ve\u0161\u010dine kot so Taekwondo, Karate, Taichi itd<br \/>\n&#8211; Najlonska zaponka za enostavno prileganje in mo\u010dno oporo blizu gle\u017enja<br \/>\n&#8211; Tanek in pro\u017een, enodelen gumijast podplat<br \/>\n&#8211; Ultra lahka zasnova s \u200b\u200bpoudarkom na hitrosti<br \/>\n&#8211; Stranske prezra\u010devalne odprtine za udobje<\/span><\/span><\/span><br \/>\n<span style=\"font-size: 15px; color: #993300;\">&#8211; Made in South Korea!<\/span><\/p>\n<p><span style=\"font-size: 15px; color: #993300;\">Belo-\u010drna barvna kombinacija.<\/span><\/p>\n<p><span style=\"font-size: 15px; color: #993300;\">\u0160tevilke: 38 \u2013 48<\/span><br \/>\n<span style=\"font-size: 15px; color: #993300;\">Rahlo manj\u0161i model zato svetujemo naro\u010dilo eno velikost ve\u010djo \u0161tevilko kot jo nosite obi\u010dajno.<\/span><\/p>\n<p>&nbsp;<\/p>\n","protected":false},"excerpt":{"rendered":"<p><span style=\"color: #003366;\"><strong>Lahki Adidas trening copati za Taekwondo in druge borilne ve\u0161\u010dine.<\/strong><\/span><\/p>\n","protected":false},"featured_media":120401,"comment_status":"open","ping_status":"closed","template":"","meta":[],"product_brand":[5594],"product_cat":[1033,1029,1039,1041,741,957,951,1025,1049],"product_tag":[],"class_list":{"0":"post-120420","1":"product","2":"type-product","3":"status-publish","4":"has-post-thumbnail","6":"product_brand-adidas","7":"product_cat-ju-jitsujiu-jitsu-1","8":"product_cat-karate-5","9":"product_cat-taekwondo-3","10":"product_cat-tai-chi-kunf-fu-wu-shu-1","11":"product_cat-novosti","12":"product_cat-karate-taekwondo-copati","13":"product_cat-adidas-3","14":"product_cat-novosti-2","15":"product_cat-adidas-7","16":"pa_velikost-38-sl","17":"pa_velikost-39-sl","18":"pa_velikost-40-sl","19":"pa_velikost-41-sl","20":"pa_velikost-42-sl","21":"pa_velikost-43-sl","22":"pa_velikost-44-sl","23":"pa_velikost-45-sl","24":"pa_velikost-46-sl","25":"pa_velikost-47-sl","26":"pa_velikost-5619","28":"first","29":"instock","30":"taxable","31":"shipping-taxable","32":"purchasable","33":"product-type-variable"},"_links":{"self":[{"href":"https:\/\/www.budoshop.si\/sl\/wp-json\/wp\/v2\/product\/120420","targetHints":{"allow":["GET"]}}],"collection":[{"href":"https:\/\/www.budoshop.si\/sl\/wp-json\/wp\/v2\/product"}],"about":[{"href":"https:\/\/www.budoshop.si\/sl\/wp-json\/wp\/v2\/types\/product"}],"replies":[{"embeddable":true,"href":"https:\/\/www.budoshop.si\/sl\/wp-json\/wp\/v2\/comments?post=120420"}],"wp:featuredmedia":[{"embeddable":true,"href":"https:\/\/www.budoshop.si\/sl\/wp-json\/wp\/v2\/media\/120401"}],"wp:attachment":[{"href":"https:\/\/www.budoshop.si\/sl\/wp-json\/wp\/v2\/media?parent=120420"}],"wp:term":[{"taxonomy":"product_brand","embeddable":true,"href":"https:\/\/www.budoshop.si\/sl\/wp-json\/wp\/v2\/product_brand?post=120420"},{"taxonomy":"product_cat","embeddable":true,"href":"https:\/\/www.budoshop.si\/sl\/wp-json\/wp\/v2\/product_cat?post=120420"},{"taxonomy":"product_tag","embeddable":true,"href":"https:\/\/www.budoshop.si\/sl\/wp-json\/wp\/v2\/product_tag?post=120420"}],"curies":[{"name":"wp","href":"https:\/\/api.w.org\/{rel}","templated":true}]}}