{"id":120366,"date":"2025-11-19T12:11:40","date_gmt":"2025-11-19T11:11:40","guid":{"rendered":"https:\/\/www.budoshop.si\/rashguard-kabuto-new\/"},"modified":"2026-03-19T09:07:09","modified_gmt":"2026-03-19T08:07:09","slug":"rashguard-kabuto-new","status":"publish","type":"product","link":"https:\/\/www.budoshop.si\/sl\/izdelek\/rashguard-kabuto-new\/","title":{"rendered":"Rashguard &#8221;KABUTO&#8221; &#8211; NOVO!!!"},"content":{"rendered":"<p><span style=\"font-size: 15px; color: #993300;\"><span class=\"HwtZe\" lang=\"sl\"><span class=\"jCAhz ChMk0b\"><span class=\"ryNqvb\">Ta Kabuto rasguard majica je trpe\u017ena majica z dolgimi rokavi je izdelana iz ko\u017ei prijazne, zelo funkcionalne me\u0161anice materialov, ki zagotavlja potrebno kompresijo mi\u0161ic, optimalno uravnavanje telesne temperature in odvajanje vlage.<\/span><\/span> <span class=\"jCAhz ChMk0b\"><span class=\"ryNqvb\">Elasti\u010dna tkanina odvaja znoj stran od ko\u017ee navzven in ohranja va\u0161e telo hladno in suho.<\/span><\/span> <span class=\"jCAhz ChMk0b\"><span class=\"ryNqvb\">\u0160portni kroj kompresijske majice se tesno prilega telesu za bolj\u0161o prekrvavitev mi\u0161ic.<\/span><\/span> <span class=\"jCAhz ChMk0b\"><span class=\"ryNqvb\">Tako se lahko pove\u010da zmogljivost \u0161portnika.<br \/>\nrashguard funkcionalne majice so \u0161e posebej priljubljene v kontaktnih \u0161portih, saj trpe\u017ena tkanina \u0161\u010diti telo pred odrgninami in praskami. Nosi se lahko tudi pod obleko za borilne ve\u0161\u010dine.<br \/>\nPoleg funkcionalnosti ima Kabuto rashguard tudi dinami\u010dne dizajne z \u017eivahnimi barvami.<\/span><\/span><\/span><\/span><\/p>\n<p><span style=\"font-size: 15px; color: #993300;\">Elasti\u010dni material: 87% poliester \/ 13% elastan<\/span><\/p>\n<p><span style=\"font-size: 15px; color: #993300;\">Barva: sivo-\u010drna<\/span><\/p>\n<p><span style=\"font-size: 15px; color: #993300;\">Velikosti: S &#8211; M &#8211; L &#8211; XL<\/span><\/p>\n<p><span style=\"font-size: 15px; color: #993300;\">Samo v na\u0161i spletni prodajalni.<\/span><\/p>\n<p>&nbsp;<\/p>\n","protected":false},"excerpt":{"rendered":"<p><span style=\"color: #003366;\"><strong>Kabuto Rashguard majica z dolgimi rokavi.<\/strong><\/span><\/p>\n","protected":false},"featured_media":119569,"comment_status":"open","ping_status":"closed","template":"","meta":[],"product_brand":[5595],"product_cat":[1035,1043,1033,5405,5406,1031,1029,1005,921,1037,1025,741,1133,1039,1041],"product_tag":[],"class_list":{"0":"post-120366","1":"product","2":"type-product","3":"status-publish","4":"has-post-thumbnail","6":"product_brand-ju-sports","7":"product_cat-aikido-kendo-iai-kobudo-1","8":"product_cat-boks-kickbox-tajski-boks-mma","9":"product_cat-ju-jitsujiu-jitsu-1","10":"product_cat-ju-sports","11":"product_cat-ju-sports-2","12":"product_cat-judo-1","13":"product_cat-karate-5","14":"product_cat-majice","15":"product_cat-mma-1","16":"product_cat-ninjutsu-3","17":"product_cat-novosti-2","18":"product_cat-novosti","19":"product_cat-rashguard-1","20":"product_cat-taekwondo-3","21":"product_cat-tai-chi-kunf-fu-wu-shu-1","22":"pa_velikost-l-sl-2","23":"pa_velikost-m-sl-2","24":"pa_velikost-s-sl-2","25":"pa_velikost-xl-sl","27":"first","28":"instock","29":"taxable","30":"shipping-taxable","31":"purchasable","32":"product-type-variable"},"_links":{"self":[{"href":"https:\/\/www.budoshop.si\/sl\/wp-json\/wp\/v2\/product\/120366","targetHints":{"allow":["GET"]}}],"collection":[{"href":"https:\/\/www.budoshop.si\/sl\/wp-json\/wp\/v2\/product"}],"about":[{"href":"https:\/\/www.budoshop.si\/sl\/wp-json\/wp\/v2\/types\/product"}],"replies":[{"embeddable":true,"href":"https:\/\/www.budoshop.si\/sl\/wp-json\/wp\/v2\/comments?post=120366"}],"wp:featuredmedia":[{"embeddable":true,"href":"https:\/\/www.budoshop.si\/sl\/wp-json\/wp\/v2\/media\/119569"}],"wp:attachment":[{"href":"https:\/\/www.budoshop.si\/sl\/wp-json\/wp\/v2\/media?parent=120366"}],"wp:term":[{"taxonomy":"product_brand","embeddable":true,"href":"https:\/\/www.budoshop.si\/sl\/wp-json\/wp\/v2\/product_brand?post=120366"},{"taxonomy":"product_cat","embeddable":true,"href":"https:\/\/www.budoshop.si\/sl\/wp-json\/wp\/v2\/product_cat?post=120366"},{"taxonomy":"product_tag","embeddable":true,"href":"https:\/\/www.budoshop.si\/sl\/wp-json\/wp\/v2\/product_tag?post=120366"}],"curies":[{"name":"wp","href":"https:\/\/api.w.org\/{rel}","templated":true}]}}