{"id":120267,"date":"2025-11-10T11:31:26","date_gmt":"2025-11-10T10:31:26","guid":{"rendered":"https:\/\/www.budoshop.si\/karate-towel-tokaido-new\/"},"modified":"2026-01-20T09:44:36","modified_gmt":"2026-01-20T08:44:36","slug":"karate-towel-tokaido-new","status":"publish","type":"product","link":"https:\/\/www.budoshop.si\/sl\/izdelek\/karate-towel-tokaido-new\/","title":{"rendered":"Karate brisa\u010da &#8221;TOKAIDO&#8221; &#8211; NOVO!!!"},"content":{"rendered":"<p><span style=\"font-size: 15px; color: #993300;\"><span class=\"HwtZe\" lang=\"sl\"><span class=\"jCAhz ChMk0b\"><span class=\"ryNqvb\">Karate brisa\u010da TOKAIDO, uvo\u017eena iz Japonske!<\/span><\/span><br \/>\n<span class=\"jCAhz ChMk0b\"><span class=\"ryNqvb\">\u0160portna brisa\u010da TOKAIDO iz 100 % mehkega bomba\u017ea za prijeten ob\u010dutek na ko\u017ei.<\/span><\/span> <span class=\"jCAhz ChMk0b\"><span class=\"ryNqvb\">Popolna za uporabo po intenzivnem treningu, na treningu, v bazenu ali na pla\u017ei.<\/span><\/span> <span class=\"jCAhz ChMk0b\"><span class=\"ryNqvb\">Idealna za no\u0161enje okoli vratu.<\/span><\/span><br \/>\n<span class=\"jCAhz ChMk0b\"><span class=\"ryNqvb\">Dvobarvna oblika \u2013 ena stran \u010drna, druga bela.<\/span><\/span><\/span><br \/>\nZelo primerna tudi kot darilo!<\/span><\/p>\n<p><span style=\"font-size: 15px; color: #993300;\"><br \/>\n<strong>Kvaliteta, ki jo lahko zagotavlja samo japonska TOKAIDO znamka!<\/strong><\/span><\/p>\n<p><span style=\"font-size: 15px; color: #993300;\">Velikost: cca. 100 x 50 cm<\/span><\/p>\n","protected":false},"excerpt":{"rendered":"<p><span style=\"color: #003366;\"><strong>Tokaido Karate brisa\u010da.<\/strong><\/span><\/p>\n","protected":false},"featured_media":120264,"comment_status":"open","ping_status":"closed","template":"","meta":[],"product_brand":[5598],"product_cat":[1035,1043,1033,1031,1029,1025,741,841,1039,949,1047],"product_tag":[],"class_list":{"0":"post-120267","1":"product","2":"type-product","3":"status-publish","4":"has-post-thumbnail","6":"product_brand-tokaido","7":"product_cat-aikido-kendo-iai-kobudo-1","8":"product_cat-boks-kickbox-tajski-boks-mma","9":"product_cat-ju-jitsujiu-jitsu-1","10":"product_cat-judo-1","11":"product_cat-karate-5","12":"product_cat-novosti-2","13":"product_cat-novosti","14":"product_cat-ostalo-4","15":"product_cat-taekwondo-3","16":"product_cat-shureido-3","17":"product_cat-tokaido-1","19":"first","20":"instock","21":"taxable","22":"shipping-taxable","23":"purchasable","24":"product-type-simple"},"_links":{"self":[{"href":"https:\/\/www.budoshop.si\/sl\/wp-json\/wp\/v2\/product\/120267","targetHints":{"allow":["GET"]}}],"collection":[{"href":"https:\/\/www.budoshop.si\/sl\/wp-json\/wp\/v2\/product"}],"about":[{"href":"https:\/\/www.budoshop.si\/sl\/wp-json\/wp\/v2\/types\/product"}],"replies":[{"embeddable":true,"href":"https:\/\/www.budoshop.si\/sl\/wp-json\/wp\/v2\/comments?post=120267"}],"wp:featuredmedia":[{"embeddable":true,"href":"https:\/\/www.budoshop.si\/sl\/wp-json\/wp\/v2\/media\/120264"}],"wp:attachment":[{"href":"https:\/\/www.budoshop.si\/sl\/wp-json\/wp\/v2\/media?parent=120267"}],"wp:term":[{"taxonomy":"product_brand","embeddable":true,"href":"https:\/\/www.budoshop.si\/sl\/wp-json\/wp\/v2\/product_brand?post=120267"},{"taxonomy":"product_cat","embeddable":true,"href":"https:\/\/www.budoshop.si\/sl\/wp-json\/wp\/v2\/product_cat?post=120267"},{"taxonomy":"product_tag","embeddable":true,"href":"https:\/\/www.budoshop.si\/sl\/wp-json\/wp\/v2\/product_tag?post=120267"}],"curies":[{"name":"wp","href":"https:\/\/api.w.org\/{rel}","templated":true}]}}