{"id":120249,"date":"2025-11-10T10:35:06","date_gmt":"2025-11-10T09:35:06","guid":{"rendered":"https:\/\/www.budoshop.si\/karate-black-belt-obi-tokaido-silk-new\/"},"modified":"2026-01-12T08:36:55","modified_gmt":"2026-01-12T07:36:55","slug":"karate-black-belt-obi-tokaido-silk-new","status":"publish","type":"product","link":"https:\/\/www.budoshop.si\/sl\/izdelek\/karate-black-belt-obi-tokaido-silk-new\/","title":{"rendered":"Karate \u010drn pas &#8221;Obi TOKAIDO SILK&#8221; &#8211; NOVO!!!"},"content":{"rendered":"<p><span style=\"font-size: 15px; color: #993300;\">Vrhunski svilen \u010drn pas za Karate in druge borilne ve\u0161\u010dine priznane japonske blagovne znamke TOKAIDO!\u00a0<span class=\"HwtZe\" lang=\"sl\"><span class=\"jCAhz ChMk0b\"><span class=\"ryNqvb\">Zaradi \u010dvrstega notranjega materiala se ta Karate Tokaido pas, <\/span><\/span><\/span><span class=\"HwtZe\" lang=\"sl\"><span class=\"jCAhz ChMk0b\"><span class=\"ryNqvb\">zaradi visokokakovostnega rajona,<\/span><\/span><\/span><span class=\"HwtZe\" lang=\"sl\"><span class=\"jCAhz ChMk0b\"><span class=\"ryNqvb\"> lesketa v svetlobi. <\/span><\/span><\/span>Narejen je iz 100% umetnega usnja najbolj\u0161e kvalitete in zelo obstojne \u010drne barve in\u00a0<span class=\"HwtZe\" lang=\"sl\"><span class=\"jCAhz ChMk0b\"><span class=\"ryNqvb\">zagotavljata dober oprijem ter dostojanstven videz za skromnega mojstra.<\/span><\/span><\/span> <\/span><br \/>\n<span style=\"font-size: 15px; color: #993300;\">Pas je opremljen z etiketo uradnega &#8216;In-Yo&#8217; logotipa japonske Karate asociacije. \u0160irine 4,5 cm in kar 11x pre\u0161it.\u00a0<\/span><\/p>\n<p><span style=\"font-size: 15px; color: #993300;\">Odli\u010dno razmerje med ceno in kvaliteto!<\/span><\/p>\n<p><span style=\"font-size: 15px; color: #993300;\"><strong><br \/>\nKvaliteta, ki jo zagotavlja samo japonska TOKAIDO znamka!<\/strong><\/span><\/p>\n<p><span style=\"font-size: 15px; color: #993300;\">Nudimo mo\u017enost vezenja!<\/span><\/p>\n<p><span style=\"font-size: 15px; color: #993300;\">Dol\u017eine: 265 &#8211; 275 &#8211; 285 &#8211; 295 &#8211; 305 &#8211; 315 &#8211; 325 &#8211; 335 &#8211; 345 cm<\/span><\/p>\n","protected":false},"excerpt":{"rendered":"<p><span id=\"dnn_ctr448_ProductPage_lstProducts_lbllistDescription_2\" style=\"color: #003366;\"><strong>Vrhunski svilen \u010drn Karate pas japonske znamke TOKAIDO.<\/strong><\/span><\/p>\n","protected":false},"featured_media":120245,"comment_status":"open","ping_status":"closed","template":"","meta":[],"product_brand":[5598],"product_cat":[1029,861,1025,741,949,1047],"product_tag":[],"class_list":{"0":"post-120249","1":"product","2":"type-product","3":"status-publish","4":"has-post-thumbnail","6":"product_brand-tokaido","7":"product_cat-karate-5","8":"product_cat-mojstrski-pasovi","9":"product_cat-novosti-2","10":"product_cat-novosti","11":"product_cat-shureido-3","12":"product_cat-tokaido-1","13":"pa_dolzina-pasu-265-cm-2","14":"pa_dolzina-pasu-275-cm-2","15":"pa_dolzina-pasu-285-cm-2","16":"pa_dolzina-pasu-295-cm-2","17":"pa_dolzina-pasu-305-cm-2","18":"pa_dolzina-pasu-325-cm-sl","19":"pa_dolzina-pasu-345-cm-sl","21":"first","22":"instock","23":"taxable","24":"shipping-taxable","25":"purchasable","26":"product-type-variable"},"_links":{"self":[{"href":"https:\/\/www.budoshop.si\/sl\/wp-json\/wp\/v2\/product\/120249","targetHints":{"allow":["GET"]}}],"collection":[{"href":"https:\/\/www.budoshop.si\/sl\/wp-json\/wp\/v2\/product"}],"about":[{"href":"https:\/\/www.budoshop.si\/sl\/wp-json\/wp\/v2\/types\/product"}],"replies":[{"embeddable":true,"href":"https:\/\/www.budoshop.si\/sl\/wp-json\/wp\/v2\/comments?post=120249"}],"wp:featuredmedia":[{"embeddable":true,"href":"https:\/\/www.budoshop.si\/sl\/wp-json\/wp\/v2\/media\/120245"}],"wp:attachment":[{"href":"https:\/\/www.budoshop.si\/sl\/wp-json\/wp\/v2\/media?parent=120249"}],"wp:term":[{"taxonomy":"product_brand","embeddable":true,"href":"https:\/\/www.budoshop.si\/sl\/wp-json\/wp\/v2\/product_brand?post=120249"},{"taxonomy":"product_cat","embeddable":true,"href":"https:\/\/www.budoshop.si\/sl\/wp-json\/wp\/v2\/product_cat?post=120249"},{"taxonomy":"product_tag","embeddable":true,"href":"https:\/\/www.budoshop.si\/sl\/wp-json\/wp\/v2\/product_tag?post=120249"}],"curies":[{"name":"wp","href":"https:\/\/api.w.org\/{rel}","templated":true}]}}