{"id":120192,"date":"2025-11-08T15:57:26","date_gmt":"2025-11-08T14:57:26","guid":{"rendered":"https:\/\/www.budoshop.si\/begginers-punching-bag-adidas-new\/"},"modified":"2026-02-03T10:54:27","modified_gmt":"2026-02-03T09:54:27","slug":"begginers-punching-bag-adidas-new","status":"publish","type":"product","link":"https:\/\/www.budoshop.si\/sl\/izdelek\/begginers-punching-bag-adidas-new\/","title":{"rendered":"Za\u010detni\u0161ke boksarske vre\u010de &#8221;ADIDAS&#8221; &#8211; NOVO!!!"},"content":{"rendered":"<p><span style=\"font-size: 15px; color: #993300;\">Za\u010dnite svoje boks korake s temi Adidas boksarskimi vre\u010dami. <\/span><br \/>\n<span style=\"font-size: 15px; color: #993300;\">Vre\u010do se enostavno obesi s prilo\u017eenimi trakovi in karabinom, ki zagotavlja, da se vre\u010da ne zapleta.<\/span><\/p>\n<p><span style=\"font-size: 15px; color: #993300;\">Ta za\u010detni\u0161ka Adidas boksarska vre\u010da je izdelana iz izredno kvalitetnega in trpe\u017enega canvas platna ter polnjena s tekstilnimi obrezninami, ki zagotavljajo, da vre\u010da ni pretrda in se ne zbija temve\u010d ostaja enakomerne trdote ne glede na uporabo. Primerna je za vse vrste udarjanja z rokami in nogami.<\/span><\/p>\n<p><span style=\"font-size: 15px; color: #993300;\">\u010crne barve z velikim belim adidas napisom.<\/span><\/p>\n<p>&nbsp;<\/p>\n<p><span style=\"font-size: 15px; color: #993300;\">Modeli: <\/span><br \/>\n<span style=\"font-size: 15px; color: #993300;\">&#8211; cca. 90 x 30 cm x 20kg<\/span><br \/>\n<span style=\"font-size: 15px; color: #993300;\">&#8211; cca. 120 x 30 cm x 25kg<\/span><br \/>\n<span style=\"font-size: 15px; color: #993300;\">&#8211; cca: 150 x 30 cm x 31kg<\/span><\/p>\n","protected":false},"excerpt":{"rendered":"<p><span style=\"color: #003366;\"><strong>Za\u010detni\u0161ke platnene Adidas boksarske vre\u010de.<\/strong><\/span><\/p>\n","protected":false},"featured_media":120191,"comment_status":"open","ping_status":"closed","template":"","meta":[],"product_brand":[5594],"product_cat":[951,1049,1043,1033,1029,1025,741,1039,1041,865],"product_tag":[],"class_list":{"0":"post-120192","1":"product","2":"type-product","3":"status-publish","4":"has-post-thumbnail","6":"product_brand-adidas","7":"product_cat-adidas-3","8":"product_cat-adidas-7","9":"product_cat-boks-kickbox-tajski-boks-mma","10":"product_cat-ju-jitsujiu-jitsu-1","11":"product_cat-karate-5","12":"product_cat-novosti-2","13":"product_cat-novosti","14":"product_cat-taekwondo-3","15":"product_cat-tai-chi-kunf-fu-wu-shu-1","16":"product_cat-visece-vrece","17":"pa_model-120-cm-sl","18":"pa_model-150-cm-sl","19":"pa_model-90-cm","21":"first","22":"instock","23":"taxable","24":"shipping-taxable","25":"purchasable","26":"product-type-variable"},"_links":{"self":[{"href":"https:\/\/www.budoshop.si\/sl\/wp-json\/wp\/v2\/product\/120192","targetHints":{"allow":["GET"]}}],"collection":[{"href":"https:\/\/www.budoshop.si\/sl\/wp-json\/wp\/v2\/product"}],"about":[{"href":"https:\/\/www.budoshop.si\/sl\/wp-json\/wp\/v2\/types\/product"}],"replies":[{"embeddable":true,"href":"https:\/\/www.budoshop.si\/sl\/wp-json\/wp\/v2\/comments?post=120192"}],"wp:featuredmedia":[{"embeddable":true,"href":"https:\/\/www.budoshop.si\/sl\/wp-json\/wp\/v2\/media\/120191"}],"wp:attachment":[{"href":"https:\/\/www.budoshop.si\/sl\/wp-json\/wp\/v2\/media?parent=120192"}],"wp:term":[{"taxonomy":"product_brand","embeddable":true,"href":"https:\/\/www.budoshop.si\/sl\/wp-json\/wp\/v2\/product_brand?post=120192"},{"taxonomy":"product_cat","embeddable":true,"href":"https:\/\/www.budoshop.si\/sl\/wp-json\/wp\/v2\/product_cat?post=120192"},{"taxonomy":"product_tag","embeddable":true,"href":"https:\/\/www.budoshop.si\/sl\/wp-json\/wp\/v2\/product_tag?post=120192"}],"curies":[{"name":"wp","href":"https:\/\/api.w.org\/{rel}","templated":true}]}}