{"id":120182,"date":"2025-11-08T09:44:57","date_gmt":"2025-11-08T08:44:57","guid":{"rendered":"https:\/\/www.budoshop.si\/tonfa-black-new\/"},"modified":"2026-04-07T08:06:36","modified_gmt":"2026-04-07T06:06:36","slug":"tonfa-black-new","status":"publish","type":"product","link":"https:\/\/www.budoshop.si\/sl\/izdelek\/tonfa-black-new\/","title":{"rendered":"Tonfa &#8221;BLACK&#8221; &#8211; NOVO!!!"},"content":{"rendered":"<div>\n<p><span style=\"font-size: 15px; color: #993300;\">Aktualen in znova priljubljen borbeni pripomo\u010dek, saj moderno obliko uporabljajo policisti, sicer pa tradicionalno leseno KOBUDO oro\u017eje, narejeno po avtenti\u010dni obliki, kot je bilo uporabljano na Okinavi. Tonfa je narejena po tradicionalni obliki iz trdnega hrastovega lesa v \u010drni barvi in tanko lakirana.<\/span><\/p>\n<p><span style=\"font-size: 15px; color: #993300;\">Dol\u017eina: cca. 50 cm<\/span><br \/>\n<span style=\"font-size: 15px; color: #993300;\">Ro\u010daj: cca. 12,5 cm<\/span><br \/>\n<span style=\"font-size: 15px; color: #993300;\">Debelina: cca. 3,5 cm<\/span><br \/>\n<span style=\"font-size: 15px; color: #993300;\">Te\u017ea: cca. 485 g<\/span><\/p>\n<p><span style=\"font-size: 15px; color: #993300;\">Prodaja se v paru.<\/span><\/p>\n<p>&nbsp;<\/p>\n<\/div>\n<div><\/div>\n<div><span style=\"font-size: 11px; color: #993300;\">Opozorilo!<\/span><br \/>\n<span style=\"font-size: 11px; color: #993300;\">\u25ba Artikel je namenjen samo dekorativni uporabi oziroma osebnemu treningu borilnih ve\u0161\u010din.<\/span><br \/>\n<span style=\"font-size: 11px; color: #993300;\">\u25ba Po prodaji, prodajalec ni ve\u010d odgovoren za nikakr\u0161ne po\u0161kodbe, ki se lahko zgodijo zaradi napa\u010dne uporabe ali zanemarjanja teh opozoril. Novi lastnik prevzema popolno odgovornost za skrb in uporabo tega artikla.<\/span><br \/>\n<span style=\"font-size: 11px; color: #993300;\">\u25ba Vsakr\u0161na napa\u010dna uporaba ali nepazljivost lahko vam ali drugemu povzro\u010di resne po\u0161kodbe ali celo smrt!<\/span><br \/>\n<span style=\"font-size: 11px; color: #993300;\">\u25ba Ta artikel se v nobenem primeru ne sme uporabljati na drugi osebi!<\/span><\/div>\n","protected":false},"excerpt":{"rendered":"<p><span style=\"color: #003366;\"><strong>\u010crn tradicionalni Okinava model Tonfa palic (par).<\/strong><\/span><\/p>\n","protected":false},"featured_media":120174,"comment_status":"open","ping_status":"closed","template":"","meta":[],"product_brand":[5595],"product_cat":[1035,5405,5406,1029,741,1025,849],"product_tag":[],"class_list":{"0":"post-120182","1":"product","2":"type-product","3":"status-publish","4":"has-post-thumbnail","6":"product_brand-ju-sports","7":"product_cat-aikido-kendo-iai-kobudo-1","8":"product_cat-ju-sports","9":"product_cat-ju-sports-2","10":"product_cat-karate-5","11":"product_cat-novosti","12":"product_cat-novosti-2","13":"product_cat-tonfa-kama-sai-1","15":"first","16":"instock","17":"taxable","18":"shipping-taxable","19":"purchasable","20":"product-type-simple"},"_links":{"self":[{"href":"https:\/\/www.budoshop.si\/sl\/wp-json\/wp\/v2\/product\/120182","targetHints":{"allow":["GET"]}}],"collection":[{"href":"https:\/\/www.budoshop.si\/sl\/wp-json\/wp\/v2\/product"}],"about":[{"href":"https:\/\/www.budoshop.si\/sl\/wp-json\/wp\/v2\/types\/product"}],"replies":[{"embeddable":true,"href":"https:\/\/www.budoshop.si\/sl\/wp-json\/wp\/v2\/comments?post=120182"}],"wp:featuredmedia":[{"embeddable":true,"href":"https:\/\/www.budoshop.si\/sl\/wp-json\/wp\/v2\/media\/120174"}],"wp:attachment":[{"href":"https:\/\/www.budoshop.si\/sl\/wp-json\/wp\/v2\/media?parent=120182"}],"wp:term":[{"taxonomy":"product_brand","embeddable":true,"href":"https:\/\/www.budoshop.si\/sl\/wp-json\/wp\/v2\/product_brand?post=120182"},{"taxonomy":"product_cat","embeddable":true,"href":"https:\/\/www.budoshop.si\/sl\/wp-json\/wp\/v2\/product_cat?post=120182"},{"taxonomy":"product_tag","embeddable":true,"href":"https:\/\/www.budoshop.si\/sl\/wp-json\/wp\/v2\/product_tag?post=120182"}],"curies":[{"name":"wp","href":"https:\/\/api.w.org\/{rel}","templated":true}]}}