{"id":120166,"date":"2025-11-07T12:23:37","date_gmt":"2025-11-07T11:23:37","guid":{"rendered":"https:\/\/www.budoshop.si\/steel-samurai-knife-tanto-shirasaya-new\/"},"modified":"2026-04-28T12:29:36","modified_gmt":"2026-04-28T10:29:36","slug":"steel-samurai-knife-tanto-shirasaya-new","status":"publish","type":"product","link":"https:\/\/www.budoshop.si\/sl\/izdelek\/steel-samurai-knife-tanto-shirasaya-new\/","title":{"rendered":"Kovinski Samurajski no\u017e &#8221;Tanto SHIRASAYA&#8221; &#8211; NOVO!!!"},"content":{"rendered":"<div><span style=\"font-size: 15px; color: #993300;\">Tanto Shirasaya je tradicionalen japonski no\u017e z lesenim ro\u010dajem in leseno Sayo (no\u017enico) brez Tsube (\u0161\u010ditnika). <span class=\"HwtZe\" lang=\"sl\"><span class=\"jCAhz ChMk0b\"><span class=\"ryNqvb\">Shirasaya se nana\u0161a na poseben nosilec me\u010da, ki se je uporabljal za haranjenje rezila, \u0161e<\/span><\/span> z<span class=\"jCAhz ChMk0b\"><span class=\"ryNqvb\">lasti v \u010dasu miru.<\/span><\/span> <span class=\"jCAhz ChMk0b\"><span class=\"ryNqvb\">Svetel nelakiran les magnolije v naravni barvi lesa absorbira vlago v notranjosti no\u017enice, jo odvaja navzven in tako rezilo \u0161\u010diti pred rjo.<\/span><\/span> <span class=\"jCAhz ChMk0b\"><span class=\"ryNqvb\">Mnogi Shirasaya so bili opremljeni s &#8216;Saya-gaki&#8217; napisom, ki je podal informacije o kova\u010du, poreklu in klasifikaciji.<\/span><\/span> <span class=\"jCAhz ChMk0b\"><span class=\"ryNqvb\">Na japonskih ulicah se je uporabljala tak\u0161na neopazna oprema me\u010dev in no\u017eev brez ro\u010daja in \u0161\u010ditnika, zlasti v poznem 19. stoletju, ko je cesar prepovedal no\u0161enje Samurajskih me\u010dev.<\/span><\/span> <span class=\"jCAhz ChMk0b\"><span class=\"ryNqvb\">Shirasaya je dajala videz navadnega lesenega me\u010da ali palice, a je bil v njej neopa\u017eeno skrit no\u017e ali me\u010d.<\/span><\/span> <span class=\"jCAhz ChMk0b\"><span class=\"ryNqvb\">Tradicionalno se ja tak\u0161en no\u017e uporabljal tudi za obredni Harakiri.<br \/>\n<\/span><\/span><\/span><span class=\"HwtZe\" lang=\"sl\"><span class=\"jCAhz ChMk0b\"><span class=\"ryNqvb\"><br \/>\nTa model Tanto Shirasaya no\u017ea ima nabru\u0161eno <\/span><\/span><\/span><span class=\"HwtZe\" lang=\"sl\"><span class=\"jCAhz ChMk0b\"><span class=\"ryNqvb\">rezilo<\/span><\/span><\/span><span class=\"HwtZe\" lang=\"sl\"><span class=\"jCAhz ChMk0b\"><span class=\"ryNqvb\"> iz nerjave\u010dega jekla in je natan\u010dna replika pristnega Samurajskega Tanto-ja z visokokakovostnim rezilom iz nerjave\u010dega jekla.<\/span><\/span> <\/span><\/span><br \/>\n<span style=\"font-size: 15px; color: #993300;\">Tanto Shiaraya je primeren tako kot trening rekvizit, kot darilno dekorativni predmet.<\/p>\n<p><\/span><\/div>\n<div><span class=\"HwtZe\" lang=\"sl\" style=\"font-size: 15px; color: #993300;\"><span class=\"jCAhz ChMk0b\"><span class=\"ryNqvb\">Material rezila: 420 Stainless Steel<\/span><\/span> <\/span><\/div>\n<div><span class=\"HwtZe\" lang=\"sl\" style=\"font-size: 15px; color: #993300;\"><span class=\"jCAhz ChMk0b\"><span class=\"ryNqvb\">Material ro\u010daja: les<\/span><\/span> <\/span><\/div>\n<div><span class=\"HwtZe\" lang=\"sl\" style=\"font-size: 15px; color: #993300;\"><span class=\"jCAhz ChMk0b\"><span class=\"ryNqvb\">Saya: les<\/span><\/span><br \/>\n<span class=\"jCAhz ChMk0b\"><span class=\"ryNqvb\">Dol\u017eina ro\u010daja: 12 cm<\/span><\/span><br \/>\n<span class=\"jCAhz ChMk0b\"><span class=\"ryNqvb\">Dol\u017eina rezila: 32 cm<\/span><\/span><br \/>\n<span class=\"jCAhz ChMk0b\"><span class=\"ryNqvb\">Celotna dol\u017eina (brez Saye): 43 cm<\/span><\/span><br \/>\nCelotna dol\u017eina (s Sayo): 45 cm<br \/>\n<span class=\"jCAhz ChMk0b\"><span class=\"ryNqvb\">Te\u017ea (brez Saye): 260 g<br \/>\nTe\u017ea (s Sayo): 360<\/p>\n<p><\/span><\/span><\/span><span style=\"font-size: 15px; color: #993300;\">TA ARTIKEL PRODAJAMO SAMO POLNOLETNIM OSEBAM!!!<\/span><\/div>\n<div><\/div>\n<div><\/div>\n<div><span style=\"font-size: 11px; color: #993300;\">Opozorilo!<\/span><br \/>\n<span style=\"font-size: 11px; color: #993300;\">\u25ba Artikel je namenjen samo dekorativni uporabi oziroma osebnemu treningu borilnih ve\u0161\u010din.<\/span><br \/>\n<span style=\"font-size: 11px; color: #993300;\">\u25ba Po prodaji, prodajalec ni ve\u010d odgovoren za nikakr\u0161ne po\u0161kodbe, ki se lahko zgodijo zaradi napa\u010dne uporabe ali zanemarjanja teh opozoril. Novi lastnik prevzema popolno odgovornost za skrb in uporabo tega artikla.<\/span><br \/>\n<span style=\"font-size: 11px; color: #993300;\">\u25ba Vsakr\u0161na napa\u010dna uporaba ali nepazljivost lahko vam ali drugemu povzro\u010di resne po\u0161kodbe ali celo smrt!<\/span><br \/>\n<span style=\"font-size: 11px; color: #993300;\">\u25ba Ta artikel se v nobenem primeru ne sme uporabljati na drugi osebi!<\/span><\/div>\n","protected":false},"excerpt":{"rendered":"<p><strong><span style=\"color: #003366;\">Tradicionalen japonski Tanto no\u017e s kovinskim rezilom v lesu brez Tsube.<\/span> <\/strong><\/p>\n","protected":false},"featured_media":120161,"comment_status":"open","ping_status":"closed","template":"","meta":[],"product_brand":[5595],"product_cat":[1035,1033,5405,5406,1037,741,1025,813],"product_tag":[],"class_list":{"0":"post-120166","1":"product","2":"type-product","3":"status-publish","4":"has-post-thumbnail","6":"product_brand-ju-sports","7":"product_cat-aikido-kendo-iai-kobudo-1","8":"product_cat-ju-jitsujiu-jitsu-1","9":"product_cat-ju-sports","10":"product_cat-ju-sports-2","11":"product_cat-ninjutsu-3","12":"product_cat-novosti","13":"product_cat-novosti-2","14":"product_cat-nozi","16":"first","17":"instock","18":"taxable","19":"shipping-taxable","20":"purchasable","21":"product-type-simple"},"_links":{"self":[{"href":"https:\/\/www.budoshop.si\/sl\/wp-json\/wp\/v2\/product\/120166","targetHints":{"allow":["GET"]}}],"collection":[{"href":"https:\/\/www.budoshop.si\/sl\/wp-json\/wp\/v2\/product"}],"about":[{"href":"https:\/\/www.budoshop.si\/sl\/wp-json\/wp\/v2\/types\/product"}],"replies":[{"embeddable":true,"href":"https:\/\/www.budoshop.si\/sl\/wp-json\/wp\/v2\/comments?post=120166"}],"wp:featuredmedia":[{"embeddable":true,"href":"https:\/\/www.budoshop.si\/sl\/wp-json\/wp\/v2\/media\/120161"}],"wp:attachment":[{"href":"https:\/\/www.budoshop.si\/sl\/wp-json\/wp\/v2\/media?parent=120166"}],"wp:term":[{"taxonomy":"product_brand","embeddable":true,"href":"https:\/\/www.budoshop.si\/sl\/wp-json\/wp\/v2\/product_brand?post=120166"},{"taxonomy":"product_cat","embeddable":true,"href":"https:\/\/www.budoshop.si\/sl\/wp-json\/wp\/v2\/product_cat?post=120166"},{"taxonomy":"product_tag","embeddable":true,"href":"https:\/\/www.budoshop.si\/sl\/wp-json\/wp\/v2\/product_tag?post=120166"}],"curies":[{"name":"wp","href":"https:\/\/api.w.org\/{rel}","templated":true}]}}