{"id":120143,"date":"2025-11-07T09:47:12","date_gmt":"2025-11-07T08:47:12","guid":{"rendered":"https:\/\/www.budoshop.si\/budo-shorts-allround-new\/"},"modified":"2025-11-07T10:07:49","modified_gmt":"2025-11-07T09:07:49","slug":"budo-shorts-allround-new","status":"publish","type":"product","link":"https:\/\/www.budoshop.si\/sl\/izdelek\/budo-shorts-allround-new\/","title":{"rendered":"Budo kratke hla\u010de &#8221;ALLROUND&#8221; &#8211; NOVO!!!"},"content":{"rendered":"<div class=\"offcanvas-body\">\n<div class=\"product-detail-description tab-pane-container\">\n<div class=\"product-detail-description-text\">\n<p><span class=\"HwtZe\" lang=\"sl\" style=\"font-size: 15px; color: #993300;\"><span class=\"jCAhz ChMk0b\"><span class=\"ryNqvb\">Te kratke hla\u010de za borilne ve\u0161\u010dine zdru\u017eujejo tradicionalni videz in udobje klasi\u010dnih Budo hla\u010d s svobodo gibanja sodobnih trening kratkih hla\u010d.<\/span><\/span><span class=\"jCAhz ChMk0b\"><span class=\"ryNqvb\"><br \/>\nIzdelane so iz 100 % visokokakovostnega bomba\u017ea, zato ponujajo mehak, zra\u010den ob\u010dutek in odli\u010dno vzdr\u017eljivost. Idealne so za intenzivne treninge ali vro\u010de poletne vadbe na prostem.<\/span><\/span> <\/span><\/p>\n<p><span class=\"HwtZe\" lang=\"sl\" style=\"font-size: 15px; color: #993300;\"><span class=\"jCAhz ChMk0b\"><span class=\"ryNqvb\">Kroj je navdihnjen s tradicionalnimi hla\u010dami za borilne ve\u0161\u010dine, kot so tiste, ki se uporabljajo v Karateju ali Ju-jutsuju, vendar v skraj\u0161ani obliki: \u0161iroke hla\u010de za maksimalno svobodo gibanja, z elasti\u010dnim pasom in vrvico za varno prileganje.<\/span><\/span> <span class=\"jCAhz ChMk0b\"><span class=\"ryNqvb\">Idealne za borilne ve\u0161\u010dine, kot so Karate, Ju-jitsu, Ninjutsu, pa tudi za funkcionalno vadbo ali navzkri\u017eni trening.<\/span><\/span><\/span><\/p>\n<p><span style=\"font-size: 15px; color: #993300;\"><strong>Zan\u010dilnosti:<\/strong><\/span><\/p>\n<ul>\n<li><span class=\"HwtZe\" lang=\"sl\" style=\"font-size: 15px; color: #993300;\"><span class=\"jCAhz ChMk0b\"><span class=\"ryNqvb\">Material: 100 % bomba\u017e \u2013 trpe\u017een in prijazen do ko\u017ee<\/span><\/span><\/span><\/li>\n<li><span class=\"HwtZe\" lang=\"sl\" style=\"font-size: 15px; color: #993300;\"><span class=\"jCAhz ChMk0b\"><span class=\"ryNqvb\">\u0160irok kroj za poln svobodo gibanja<\/span><\/span><\/span><\/li>\n<li><span class=\"HwtZe\" lang=\"sl\" style=\"font-size: 15px; color: #993300;\"><span class=\"jCAhz ChMk0b\"><span class=\"ryNqvb\">Elasti\u010den pas z dodatno vrvico za zategovanje v pasu<\/span><\/span><\/span><\/li>\n<li><span class=\"HwtZe\" lang=\"sl\" style=\"font-size: 15px; color: #993300;\"><span class=\"jCAhz ChMk0b\"><span class=\"ryNqvb\">Skraj\u0161ana razli\u010dica tradicionalnih Budo hla\u010d<\/span><\/span><\/span><\/li>\n<li><span class=\"HwtZe\" lang=\"sl\" style=\"font-size: 15px; color: #993300;\"><span class=\"jCAhz ChMk0b\"><span class=\"ryNqvb\">Enostavno vzdr\u017eevanje in dolga \u017eivljenjska doba<\/span><\/span><\/span><\/li>\n<\/ul>\n<p><span class=\"HwtZe\" lang=\"sl\" style=\"font-size: 15px; color: #993300;\"><span class=\"jCAhz ChMk0b\"><span class=\"ryNqvb\">Idealno za tradicionalne borilne mojstre, trening na prostem ali vse, ki cenijo tako funkcionalnost kot tradicijo.<\/span><\/span> <span class=\"jCAhz ChMk0b\"><span class=\"ryNqvb\">Odli\u010dno tudi za prosti \u010das.<\/span><\/span><\/span><\/p>\n<p><span style=\"font-size: 15px; color: #993300;\">Velikost: S &#8211; M &#8211; L &#8211; XL<\/span><\/p>\n<\/div>\n<\/div>\n<\/div>\n","protected":false},"excerpt":{"rendered":"<p><span style=\"color: #003366;\"><strong>\u010crne borilne kratke hla\u010de.<\/strong><\/span><\/p>\n","protected":false},"featured_media":120136,"comment_status":"open","ping_status":"closed","template":"","meta":[],"product_brand":[5595],"product_cat":[1035,1043,1033,5405,5406,1031,1029,905,1037,1025,741,685,1039,1041,1013],"product_tag":[],"class_list":{"0":"post-120143","1":"product","2":"type-product","3":"status-publish","4":"has-post-thumbnail","6":"product_brand-ju-sports","7":"product_cat-aikido-kendo-iai-kobudo-1","8":"product_cat-boks-kickbox-tajski-boks-mma","9":"product_cat-ju-jitsujiu-jitsu-1","10":"product_cat-ju-sports","11":"product_cat-ju-sports-2","12":"product_cat-judo-1","13":"product_cat-karate-5","14":"product_cat-hlacke","15":"product_cat-ninjutsu-3","16":"product_cat-novosti-2","17":"product_cat-novosti","18":"product_cat-ostalo","19":"product_cat-taekwondo-3","20":"product_cat-tai-chi-kunf-fu-wu-shu-1","21":"product_cat-trenirke","22":"pa_velikost-l-sl-2","23":"pa_velikost-m-sl-2","24":"pa_velikost-s-sl-2","25":"pa_velikost-xl-sl","27":"first","28":"instock","29":"taxable","30":"shipping-taxable","31":"purchasable","32":"product-type-variable"},"_links":{"self":[{"href":"https:\/\/www.budoshop.si\/sl\/wp-json\/wp\/v2\/product\/120143","targetHints":{"allow":["GET"]}}],"collection":[{"href":"https:\/\/www.budoshop.si\/sl\/wp-json\/wp\/v2\/product"}],"about":[{"href":"https:\/\/www.budoshop.si\/sl\/wp-json\/wp\/v2\/types\/product"}],"replies":[{"embeddable":true,"href":"https:\/\/www.budoshop.si\/sl\/wp-json\/wp\/v2\/comments?post=120143"}],"wp:featuredmedia":[{"embeddable":true,"href":"https:\/\/www.budoshop.si\/sl\/wp-json\/wp\/v2\/media\/120136"}],"wp:attachment":[{"href":"https:\/\/www.budoshop.si\/sl\/wp-json\/wp\/v2\/media?parent=120143"}],"wp:term":[{"taxonomy":"product_brand","embeddable":true,"href":"https:\/\/www.budoshop.si\/sl\/wp-json\/wp\/v2\/product_brand?post=120143"},{"taxonomy":"product_cat","embeddable":true,"href":"https:\/\/www.budoshop.si\/sl\/wp-json\/wp\/v2\/product_cat?post=120143"},{"taxonomy":"product_tag","embeddable":true,"href":"https:\/\/www.budoshop.si\/sl\/wp-json\/wp\/v2\/product_tag?post=120143"}],"curies":[{"name":"wp","href":"https:\/\/api.w.org\/{rel}","templated":true}]}}