{"id":120126,"date":"2025-11-06T12:48:13","date_gmt":"2025-11-06T11:48:13","guid":{"rendered":"https:\/\/www.budoshop.si\/tabi-socks-tombo-new\/"},"modified":"2026-01-30T08:01:10","modified_gmt":"2026-01-30T07:01:10","slug":"tabi-socks-tombo-new","status":"publish","type":"product","link":"https:\/\/www.budoshop.si\/sl\/izdelek\/tabi-socks-tombo-new\/","title":{"rendered":"Tabi nogavice &#8221;TOMBO&#8221; &#8211; NOVO!!!"},"content":{"rendered":"<p><span style=\"font-size: 15px; color: #993300;\"><span class=\"HwtZe\" lang=\"sl\"><span class=\"jCAhz ChMk0b\"><span class=\"ryNqvb\">Tradicionalne japonske Tabi nogavice z lo\u010denim palcem\u00a0<\/span><\/span><\/span><span class=\"HwtZe\" lang=\"sl\"><span class=\"jCAhz ChMk0b\"><span class=\"ryNqvb\">in osupljivo vijoli\u010dno podlago, okra\u0161eno s \u010drnimi, zelenimi in belimi ka\u010djimi pastirji<br \/>\nTe japonske Tabi nogavice z lo\u010denim ponujajo udobje in kulturni \u010dar.<\/span><\/span><\/span><\/span><br \/>\n<span class=\"HwtZe\" lang=\"sl\" style=\"font-size: 15px; color: #993300;\"><span class=\"jCAhz ChMk0b\"><span class=\"ryNqvb\">Nogavice so zelo udobne in mehke, namenjene no\u0161enju z obuvali kot so Tabi copati ali tradicionalni japonski Zori natika\u010di, ki lo\u010dujejo palec od ostalih prstov.<\/span><\/span> <span class=\"jCAhz ChMk0b\"><span class=\"ryNqvb\">Podplat in prsti so dvojno oja\u010dani za oblazinjenje stopala.<\/span><\/span> <span class=\"jCAhz ChMk0b\"><span class=\"ryNqvb\">Oblika je anatomska in se odli\u010dno oprime stopala.<\/span><\/span> <span class=\"jCAhz ChMk0b\"><span class=\"ryNqvb\">Popolne za vadbo borilnih ve\u0161\u010din ali no\u0161enje v prostem \u010dasu.<\/span><\/span><br \/>\n<\/span><\/p>\n<p><span class=\"jCAhz\" style=\"font-size: 15px; color: #993300;\"><span class=\"ryNqvb\"><span class=\"HwtZe\" lang=\"sl\"><span class=\"jCAhz ChMk0b\">Sestava: 70% naravna bambusova vlakna \/ 28% poliester\u00a0 \/2% elastan<\/span><\/span><\/span><\/span><\/p>\n<p><span class=\"jCAhz\" style=\"font-size: 15px; color: #993300;\"><span class=\"ryNqvb\">Univerzalna velikost.<\/span><\/span><\/p>\n","protected":false},"excerpt":{"rendered":"<p><span style=\"color: #003366;\"><strong>Kvalitetene Tabi nogavice z japonskim Tombo motivom ka\u010djega pastirja.<\/strong><\/span><\/p>\n","protected":false},"featured_media":120117,"comment_status":"open","ping_status":"closed","template":"","meta":[],"product_brand":[5600],"product_cat":[1035,1037,1025,741,963,959,1055,977],"product_tag":[],"class_list":{"0":"post-120126","1":"product","2":"type-product","3":"status-publish","4":"has-post-thumbnail","6":"product_brand-yari-no-hanzo","7":"product_cat-aikido-kendo-iai-kobudo-1","8":"product_cat-ninjutsu-3","9":"product_cat-novosti-2","10":"product_cat-novosti","11":"product_cat-ostalo-6","12":"product_cat-tabi-1","13":"product_cat-yari-no-hanzo-3","14":"product_cat-yari-no-hanzo-1","16":"first","17":"instock","18":"taxable","19":"shipping-taxable","20":"purchasable","21":"product-type-simple"},"_links":{"self":[{"href":"https:\/\/www.budoshop.si\/sl\/wp-json\/wp\/v2\/product\/120126","targetHints":{"allow":["GET"]}}],"collection":[{"href":"https:\/\/www.budoshop.si\/sl\/wp-json\/wp\/v2\/product"}],"about":[{"href":"https:\/\/www.budoshop.si\/sl\/wp-json\/wp\/v2\/types\/product"}],"replies":[{"embeddable":true,"href":"https:\/\/www.budoshop.si\/sl\/wp-json\/wp\/v2\/comments?post=120126"}],"wp:featuredmedia":[{"embeddable":true,"href":"https:\/\/www.budoshop.si\/sl\/wp-json\/wp\/v2\/media\/120117"}],"wp:attachment":[{"href":"https:\/\/www.budoshop.si\/sl\/wp-json\/wp\/v2\/media?parent=120126"}],"wp:term":[{"taxonomy":"product_brand","embeddable":true,"href":"https:\/\/www.budoshop.si\/sl\/wp-json\/wp\/v2\/product_brand?post=120126"},{"taxonomy":"product_cat","embeddable":true,"href":"https:\/\/www.budoshop.si\/sl\/wp-json\/wp\/v2\/product_cat?post=120126"},{"taxonomy":"product_tag","embeddable":true,"href":"https:\/\/www.budoshop.si\/sl\/wp-json\/wp\/v2\/product_tag?post=120126"}],"curies":[{"name":"wp","href":"https:\/\/api.w.org\/{rel}","templated":true}]}}