{"id":120103,"date":"2025-11-06T12:06:15","date_gmt":"2025-11-06T11:06:15","guid":{"rendered":"https:\/\/www.budoshop.si\/ju-jitsu-gi-kimono-fighter-2-0-new\/"},"modified":"2026-03-16T12:05:45","modified_gmt":"2026-03-16T11:05:45","slug":"ju-jitsu-gi-kimono-fighter-2-0-new","status":"publish","type":"product","link":"https:\/\/www.budoshop.si\/sl\/izdelek\/ju-jitsu-gi-kimono-fighter-2-0-new\/","title":{"rendered":"Ju-jitsu Gi (Kimono) &#8221;FIGHTER 2.0&#8221; &#8211; NOVO!!!"},"content":{"rendered":"<p><span style=\"font-size: 15px; color: #993300;\"><span class=\"HwtZe\" lang=\"sl\"><span class=\"jCAhz ChMk0b\"><span class=\"ryNqvb\">Ta izbolj\u0161ana razli\u010dica modela <\/span><\/span><\/span><span class=\"HwtZe\" lang=\"sl\"><span class=\"jCAhz ChMk0b\"><span class=\"ryNqvb\">Ju-jitsu F<\/span><\/span><\/span><span class=\"HwtZe\" lang=\"sl\"><span class=\"jCAhz ChMk0b\"><span class=\"ryNqvb\">ighter Kimona je v vseh pogledih velik uspeh.<\/span><\/span> <span class=\"jCAhz ChMk0b\"><span class=\"ryNqvb\">Jakna je izdelana iz zelo robustne, a fleksibilne tkanine z biserno tkanino (450 g\/m\u00b2) in ima med \u0161tevilnimi oja\u010danimi deli mehak, ko\u017ei prijazen in zra\u010den vlo\u017eek iz likre na hrbtni strani.<\/span><\/span> <span class=\"jCAhz ChMk0b\"><span class=\"ryNqvb\">Ve\u010dkrat pre\u0161ite in oja\u010dane hla\u010de iz ripstop materiala, opremljene s sistemom 4 elasti\u010dnih vrvic in dodatno plastjo likre na notranji sprednji strani zagotavljajo popolno prileganje in ve\u010dje udobje no\u0161enja.<\/span><\/span> <span class=\"jCAhz ChMk0b\"><span class=\"ryNqvb\">Kontrastni \u0161ivi in \u200b\u200belegantne vezenine zaokro\u017eujejo njen eleganten videz. 100% bomba\u017e.<br \/>\nBele barve.<\/span><\/span><\/span><\/span><\/p>\n<p><span class=\"HwtZe\" lang=\"sl\" style=\"font-size: 15px; color: #993300;\"><span class=\"jCAhz ChMk0b\"><span class=\"ryNqvb\">Barve in velikosti ustrezajo trenutnim predpisom JJIF-a (Ju-jitsu International Federation).<\/span><\/span><\/span><\/p>\n<p><span style=\"font-size: 15px; color: #993300;\">Set vklju\u010duje hla\u010de z vrvico v pasu jakno zrnastega tkanja in prenosno torbico.<\/span><\/p>\n<p><span style=\"font-size: 15px; color: #993300;\">Velikosti: 150 cm (A1) &#8211; 160 cm (A2) \u2013 170 cm (A3) &#8211; 180 cm (A4) \u2013 190 cm (A5)<\/span><\/p>\n<p>&nbsp;<\/p>\n","protected":false},"excerpt":{"rendered":"<p><span style=\"color: #003366;\"><strong>JJIF tekmovalno Ju-jitsu Kimono Fighter 2.0<\/strong>.<\/span><\/p>\n","protected":false},"featured_media":120085,"comment_status":"open","ping_status":"closed","template":"","meta":[],"product_brand":[5595],"product_cat":[919,1033,5405,5406,1025,741],"product_tag":[],"class_list":{"0":"post-120103","1":"product","2":"type-product","3":"status-publish","4":"has-post-thumbnail","6":"product_brand-ju-sports","7":"product_cat-ju-jitsu-kimona","8":"product_cat-ju-jitsujiu-jitsu-1","9":"product_cat-ju-sports","10":"product_cat-ju-sports-2","11":"product_cat-novosti-2","12":"product_cat-novosti","13":"pa_velikost-150-cm-sl","14":"pa_velikost-160-cm-sl","15":"pa_velikost-170-cm-sl","16":"pa_velikost-180-cm-sl","17":"pa_velikost-190-cm-sl","19":"first","20":"instock","21":"taxable","22":"shipping-taxable","23":"purchasable","24":"product-type-variable"},"_links":{"self":[{"href":"https:\/\/www.budoshop.si\/sl\/wp-json\/wp\/v2\/product\/120103","targetHints":{"allow":["GET"]}}],"collection":[{"href":"https:\/\/www.budoshop.si\/sl\/wp-json\/wp\/v2\/product"}],"about":[{"href":"https:\/\/www.budoshop.si\/sl\/wp-json\/wp\/v2\/types\/product"}],"replies":[{"embeddable":true,"href":"https:\/\/www.budoshop.si\/sl\/wp-json\/wp\/v2\/comments?post=120103"}],"wp:featuredmedia":[{"embeddable":true,"href":"https:\/\/www.budoshop.si\/sl\/wp-json\/wp\/v2\/media\/120085"}],"wp:attachment":[{"href":"https:\/\/www.budoshop.si\/sl\/wp-json\/wp\/v2\/media?parent=120103"}],"wp:term":[{"taxonomy":"product_brand","embeddable":true,"href":"https:\/\/www.budoshop.si\/sl\/wp-json\/wp\/v2\/product_brand?post=120103"},{"taxonomy":"product_cat","embeddable":true,"href":"https:\/\/www.budoshop.si\/sl\/wp-json\/wp\/v2\/product_cat?post=120103"},{"taxonomy":"product_tag","embeddable":true,"href":"https:\/\/www.budoshop.si\/sl\/wp-json\/wp\/v2\/product_tag?post=120103"}],"curies":[{"name":"wp","href":"https:\/\/api.w.org\/{rel}","templated":true}]}}