{"id":120072,"date":"2025-11-06T11:41:11","date_gmt":"2025-11-06T10:41:11","guid":{"rendered":"https:\/\/www.budoshop.si\/rashguard-white-short-new\/"},"modified":"2025-11-12T11:50:26","modified_gmt":"2025-11-12T10:50:26","slug":"rashguard-white-short-new","status":"publish","type":"product","link":"https:\/\/www.budoshop.si\/sl\/izdelek\/rashguard-white-short-new\/","title":{"rendered":"Rashguard &#8221;WHITE SHORT&#8221; &#8211; NOVO!!!"},"content":{"rendered":"<p><span style=\"font-size: 15px; color: #993300;\"><span class=\"HwtZe\" lang=\"sl\"><span class=\"jCAhz ChMk0b\"><span class=\"ryNqvb\">Klasi\u010dna bela rasguard funkcionalna majica je izdelana iz ko\u017ei prijazne, visoko funkcionalne me\u0161anice materialov, ki zagotavlja potrebno kompresijo mi\u0161ic, optimalno regulacijo telesne temperature in odvajanje vlage.<\/span><\/span> <span class=\"jCAhz ChMk0b\"><span class=\"ryNqvb\">Ta\u00a0 rashggard funcionalna majica s kratkimi rokavi je izdelana iz elasti\u010dne tkanine, ki odvaja znoj od ko\u017ee navzven in ohranja va\u0161e telo hladno in suho.<\/span><\/span><span class=\"jCAhz ChMk0b\"><span class=\"ryNqvb\"> \u0160portni kroj kompresijske majice se tesno prilega telesu za bolj\u0161o prekrvavitev mi\u0161ic.<\/span><\/span> <span class=\"jCAhz ChMk0b\"><span class=\"ryNqvb\">Tako se lahko pove\u010da zmogljivost \u0161portnika.<\/span><\/span><span class=\"jCAhz ChMk0b\"><span class=\"ryNqvb\"><br \/>\nOdli\u010dna za no\u0161njo pod Karate, Judo, Ju-jitsu Kimono ali drugim obla\u010dilom za borilne ve\u0161\u010dine.<\/span><\/span><\/span><\/span><\/p>\n<p><span style=\"font-size: 15px; color: #993300;\">Idealna za tekmovanja ali trening.<\/span><\/p>\n<p><span style=\"font-size: 15px; color: #993300;\">Elasti\u010dni material 93% polyester \/ 7% elastan<\/span><\/p>\n<p><span style=\"font-size: 15px; color: #993300;\">Velikosti: S &#8211; M &#8211; L &#8211; XL<\/span><\/p>\n","protected":false},"excerpt":{"rendered":"<p><span style=\"color: #003366;\"><strong>Klasi\u010dna bela Rashguard funkcionalna majica s kratkimi rokavi.<\/strong><\/span><\/p>\n","protected":false},"featured_media":119621,"comment_status":"open","ping_status":"closed","template":"","meta":[],"product_brand":[5595],"product_cat":[1035,1043,1033,5405,5406,1031,1029,1005,921,1025,741,685,1133,1039,1041],"product_tag":[],"class_list":{"0":"post-120072","1":"product","2":"type-product","3":"status-publish","4":"has-post-thumbnail","6":"product_brand-ju-sports","7":"product_cat-aikido-kendo-iai-kobudo-1","8":"product_cat-boks-kickbox-tajski-boks-mma","9":"product_cat-ju-jitsujiu-jitsu-1","10":"product_cat-ju-sports","11":"product_cat-ju-sports-2","12":"product_cat-judo-1","13":"product_cat-karate-5","14":"product_cat-majice","15":"product_cat-mma-1","16":"product_cat-novosti-2","17":"product_cat-novosti","18":"product_cat-ostalo","19":"product_cat-rashguard-1","20":"product_cat-taekwondo-3","21":"product_cat-tai-chi-kunf-fu-wu-shu-1","22":"pa_velikost-l-sl-2","23":"pa_velikost-m-sl-2","24":"pa_velikost-s-sl-2","25":"pa_velikost-xl-sl","26":"pa_velikost-xxl-sl-2","28":"first","29":"instock","30":"taxable","31":"shipping-taxable","32":"purchasable","33":"product-type-variable"},"_links":{"self":[{"href":"https:\/\/www.budoshop.si\/sl\/wp-json\/wp\/v2\/product\/120072","targetHints":{"allow":["GET"]}}],"collection":[{"href":"https:\/\/www.budoshop.si\/sl\/wp-json\/wp\/v2\/product"}],"about":[{"href":"https:\/\/www.budoshop.si\/sl\/wp-json\/wp\/v2\/types\/product"}],"replies":[{"embeddable":true,"href":"https:\/\/www.budoshop.si\/sl\/wp-json\/wp\/v2\/comments?post=120072"}],"wp:featuredmedia":[{"embeddable":true,"href":"https:\/\/www.budoshop.si\/sl\/wp-json\/wp\/v2\/media\/119621"}],"wp:attachment":[{"href":"https:\/\/www.budoshop.si\/sl\/wp-json\/wp\/v2\/media?parent=120072"}],"wp:term":[{"taxonomy":"product_brand","embeddable":true,"href":"https:\/\/www.budoshop.si\/sl\/wp-json\/wp\/v2\/product_brand?post=120072"},{"taxonomy":"product_cat","embeddable":true,"href":"https:\/\/www.budoshop.si\/sl\/wp-json\/wp\/v2\/product_cat?post=120072"},{"taxonomy":"product_tag","embeddable":true,"href":"https:\/\/www.budoshop.si\/sl\/wp-json\/wp\/v2\/product_tag?post=120072"}],"curies":[{"name":"wp","href":"https:\/\/api.w.org\/{rel}","templated":true}]}}