{"id":120057,"date":"2025-11-06T11:16:53","date_gmt":"2025-11-06T10:16:53","guid":{"rendered":"https:\/\/www.budoshop.si\/karate-rashguard-tokaido-tsunami-short-new\/"},"modified":"2026-01-07T09:26:47","modified_gmt":"2026-01-07T08:26:47","slug":"karate-rashguard-tokaido-tsunami-short-new","status":"publish","type":"product","link":"https:\/\/www.budoshop.si\/sl\/izdelek\/karate-rashguard-tokaido-tsunami-short-new\/","title":{"rendered":"Karate Rashguard &#8221;Tokaido TSUNAMI SHORT&#8221; &#8211; NOVO!!!"},"content":{"rendered":"<p><span style=\"font-size: 15px; color: #993300;\">Ozka, elasti\u010dna kompresijska Karate rashguard majica s kratkimi rokavi. <span class=\"HwtZe\" lang=\"sl\"><span class=\"jCAhz ChMk0b\"><span class=\"ryNqvb\">Ta visokokakovostna funkcionalna majica navdu\u0161uje s prijetno mehkim materialom (88% poliester, 12% Spandeks-mesh) in udobnim krojem.<\/span><\/span><\/span> Aktivno-zra\u010den elasti\u010den material, ki se hitro su\u0161i, se ovije okrog muskulature and deluje kot telesna podpora. S tem se med treningi zmanj\u0161ujejo mi\u0161i\u010dne vibracije, ne da bi se kakorkoli omejevalo svobodo gibanja. Kot dodatek pa se s tem prijetnim pritiskom na telo mi\u0161ice hitreje ogreje, ohranja temperaturo in izbolj\u0161a krvna cirkulacija. Atraktiven japonski motiv, ki je implementiran kot sublimiran tisk najvi\u0161je kvalitete in se s pranjem ne izbri\u0161e. Rashguard odlikuje izredno kvalitetna izdelava in so primerne tako za Karate, MMA kot vse druge vrste treningov.<\/span><\/p>\n<p><span style=\"font-size: 15px; color: #993300;\"><strong>Kvaliteta, ki jo lahko zagotavlja samo japonska TOKAIDO znamka!<\/strong><\/span><\/p>\n<p><span style=\"font-size: 15px; color: #993300;\">Velikosti: S &#8211; M &#8211; L &#8211; XL<\/span><\/p>\n","protected":false},"excerpt":{"rendered":"<p><span style=\"color: #003366;\"><strong>Karate Rashguard \u0161portna kompresijska majica s kratkimi rokavi japonske znamke Tokaido.<\/strong><\/span><\/p>\n","protected":false},"featured_media":120919,"comment_status":"open","ping_status":"closed","template":"","meta":[],"product_brand":[5598],"product_cat":[1035,1043,1033,1031,1029,905,1005,1037,741,1025,685,1133,1039,1041,1047,999],"product_tag":[],"class_list":{"0":"post-120057","1":"product","2":"type-product","3":"status-publish","4":"has-post-thumbnail","6":"product_brand-tokaido","7":"product_cat-aikido-kendo-iai-kobudo-1","8":"product_cat-boks-kickbox-tajski-boks-mma","9":"product_cat-ju-jitsujiu-jitsu-1","10":"product_cat-judo-1","11":"product_cat-karate-5","12":"product_cat-hlacke","13":"product_cat-majice","14":"product_cat-ninjutsu-3","15":"product_cat-novosti","16":"product_cat-novosti-2","17":"product_cat-ostalo","18":"product_cat-rashguard-1","19":"product_cat-taekwondo-3","20":"product_cat-tai-chi-kunf-fu-wu-shu-1","21":"product_cat-tokaido-1","22":"product_cat-trocellen-1","23":"pa_velikost-l-sl-2","24":"pa_velikost-m-sl-2","25":"pa_velikost-s-sl-2","26":"pa_velikost-xl-sl","28":"first","29":"instock","30":"taxable","31":"shipping-taxable","32":"purchasable","33":"product-type-variable"},"_links":{"self":[{"href":"https:\/\/www.budoshop.si\/sl\/wp-json\/wp\/v2\/product\/120057","targetHints":{"allow":["GET"]}}],"collection":[{"href":"https:\/\/www.budoshop.si\/sl\/wp-json\/wp\/v2\/product"}],"about":[{"href":"https:\/\/www.budoshop.si\/sl\/wp-json\/wp\/v2\/types\/product"}],"replies":[{"embeddable":true,"href":"https:\/\/www.budoshop.si\/sl\/wp-json\/wp\/v2\/comments?post=120057"}],"wp:featuredmedia":[{"embeddable":true,"href":"https:\/\/www.budoshop.si\/sl\/wp-json\/wp\/v2\/media\/120919"}],"wp:attachment":[{"href":"https:\/\/www.budoshop.si\/sl\/wp-json\/wp\/v2\/media?parent=120057"}],"wp:term":[{"taxonomy":"product_brand","embeddable":true,"href":"https:\/\/www.budoshop.si\/sl\/wp-json\/wp\/v2\/product_brand?post=120057"},{"taxonomy":"product_cat","embeddable":true,"href":"https:\/\/www.budoshop.si\/sl\/wp-json\/wp\/v2\/product_cat?post=120057"},{"taxonomy":"product_tag","embeddable":true,"href":"https:\/\/www.budoshop.si\/sl\/wp-json\/wp\/v2\/product_tag?post=120057"}],"curies":[{"name":"wp","href":"https:\/\/api.w.org\/{rel}","templated":true}]}}