{"id":120021,"date":"2025-11-04T12:57:20","date_gmt":"2025-11-04T11:57:20","guid":{"rendered":"https:\/\/www.budoshop.si\/hoodie-fightnature-new\/"},"modified":"2025-11-04T13:03:28","modified_gmt":"2025-11-04T12:03:28","slug":"hoodie-fightnature-new","status":"publish","type":"product","link":"https:\/\/www.budoshop.si\/sl\/izdelek\/hoodie-fightnature-new\/","title":{"rendered":"Hoodie &#8221;FIGHTNATURE&#8221; &#8211; NOVO!!!"},"content":{"rendered":"<div><span class=\"HwtZe\" lang=\"sl\" style=\"font-size: 15px; color: #993300;\"><span class=\"jCAhz ChMk0b\"><span class=\"ryNqvb\">Ta \u0161portni MMA FIGHTNATURE kapucar je izdelan iz mehke, trpe\u017ene me\u0161ane tkanine.<\/span><\/span> <span class=\"jCAhz ChMk0b\"><span class=\"ryNqvb\">Notranja stran je bru\u0161ena, kar zagotavlja prijeten ob\u010dutek no\u0161enja.<\/span><\/span> <span class=\"jCAhz ChMk0b\"><span class=\"ryNqvb\">Pulover s kapuco FIGHTNATURE MMA zdru\u017euje prepri\u010dljiv videz in visoko udobje no\u0161enja.<\/span><\/span> Moden kroj z elastiko v rokavih in pasu, kapuca je opremljena z zatezno vrvico, na prednji strani pa se nahaja tudi kenguru \u017eep<span class=\"jCAhz ChMk0b\"><span class=\"ryNqvb\">. <\/span><\/span><span class=\"jCAhz\"><span class=\"ryNqvb\">Podlo\u017eena kapuca se lahko zategne z vrvico.<\/span><\/span> <span class=\"jCAhz ChMk0b\"><span class=\"ryNqvb\">Modni dodatek, podlo\u017eena kapuca z vrvico in kenguru \u017eep.<\/span><\/span><br \/>\n<span class=\"jCAhz ChMk0b\"><span class=\"ryNqvb\">Izdelan iz me\u0161anice 80 % bomba\u017ea in 20 % poliestra.<\/span><\/span><\/span><\/div>\n<div>\n<span class=\"HwtZe\" lang=\"sl\" style=\"font-size: 15px; color: #993300;\"><span class=\"jCAhz ChMk0b\"><span class=\"ryNqvb\">\u010crne barve z belim potiskom FIGHTNATURE MMA spredaj in logotipom na desni rami zadaj.<\/span><\/span><span class=\"jCAhz\"><span class=\"ryNqvb\"><br \/>\nUnisex.<\/span><\/span><\/span><\/div>\n<div><\/div>\n<div><span style=\"color: #993300; font-size: 15px;\">Sizes: M \u2013 L \u2013 XL &#8211; XXL<\/span><\/div>\n","protected":false},"excerpt":{"rendered":"<p><span style=\"color: #003366;\"><strong>\u010crn FightNature MMA kapucar<\/strong>.<\/span><\/p>\n","protected":false},"featured_media":120012,"comment_status":"open","ping_status":"closed","template":"","meta":[],"product_brand":[5609],"product_cat":[1043,5403,5404,1007,921,1025,741],"product_tag":[],"class_list":{"0":"post-120021","1":"product","2":"type-product","3":"status-publish","4":"has-post-thumbnail","6":"product_brand-fight-nature","7":"product_cat-boks-kickbox-tajski-boks-mma","8":"product_cat-fightnature","9":"product_cat-fightnature-2","10":"product_cat-kapucarji","11":"product_cat-mma-1","12":"product_cat-novosti-2","13":"product_cat-novosti","14":"pa_size-l-sl","15":"pa_size-m-sl","16":"pa_size-xl-sl-2","17":"pa_size-xxl","19":"first","20":"instock","21":"taxable","22":"shipping-taxable","23":"purchasable","24":"product-type-variable"},"_links":{"self":[{"href":"https:\/\/www.budoshop.si\/sl\/wp-json\/wp\/v2\/product\/120021","targetHints":{"allow":["GET"]}}],"collection":[{"href":"https:\/\/www.budoshop.si\/sl\/wp-json\/wp\/v2\/product"}],"about":[{"href":"https:\/\/www.budoshop.si\/sl\/wp-json\/wp\/v2\/types\/product"}],"replies":[{"embeddable":true,"href":"https:\/\/www.budoshop.si\/sl\/wp-json\/wp\/v2\/comments?post=120021"}],"wp:featuredmedia":[{"embeddable":true,"href":"https:\/\/www.budoshop.si\/sl\/wp-json\/wp\/v2\/media\/120012"}],"wp:attachment":[{"href":"https:\/\/www.budoshop.si\/sl\/wp-json\/wp\/v2\/media?parent=120021"}],"wp:term":[{"taxonomy":"product_brand","embeddable":true,"href":"https:\/\/www.budoshop.si\/sl\/wp-json\/wp\/v2\/product_brand?post=120021"},{"taxonomy":"product_cat","embeddable":true,"href":"https:\/\/www.budoshop.si\/sl\/wp-json\/wp\/v2\/product_cat?post=120021"},{"taxonomy":"product_tag","embeddable":true,"href":"https:\/\/www.budoshop.si\/sl\/wp-json\/wp\/v2\/product_tag?post=120021"}],"curies":[{"name":"wp","href":"https:\/\/api.w.org\/{rel}","templated":true}]}}