{"id":119935,"date":"2025-10-30T10:22:01","date_gmt":"2025-10-30T09:22:01","guid":{"rendered":"https:\/\/www.budoshop.si\/rashguard-green-muscle-new\/"},"modified":"2026-01-14T09:57:38","modified_gmt":"2026-01-14T08:57:38","slug":"rashguard-green-muscle-new","status":"publish","type":"product","link":"https:\/\/www.budoshop.si\/sl\/izdelek\/rashguard-green-muscle-new\/","title":{"rendered":"Rashguard &#8221;GREEN MUSCLE&#8221; &#8211; NOVO!!!"},"content":{"rendered":"<p><span style=\"font-size: 15px; color: #993300;\"><span class=\"HwtZe\" lang=\"sl\"><span class=\"jCAhz ChMk0b\"><span class=\"ryNqvb\">Rashguard GREEN MUSCLE je najudobnej\u0161a majica iz <\/span><\/span><\/span><span class=\"HwtZe\" lang=\"sl\"><span class=\"jCAhz ChMk0b\"><span class=\"ryNqvb\">No-Gi <\/span><\/span><\/span><span class=\"HwtZe\" lang=\"sl\"><span class=\"jCAhz ChMk0b\"><span class=\"ryNqvb\">linije.<\/span><\/span> <span class=\"jCAhz ChMk0b\"><span class=\"ryNqvb\">Ta rashguard je trpe\u017ena majica s kratkimi rokavi, izdelana iz elasti\u010dne tkanine, ki odvaja znoj stran od ko\u017ee in ohranja va\u0161e telo hladno in suho.<\/span><\/span> <span class=\"jCAhz ChMk0b\"><span class=\"ryNqvb\">Za bolj\u0161o ventilacijo vsebuje posebne stranske predele z luknjicami.<\/span><\/span> <span class=\"jCAhz\"><span class=\"ryNqvb\">Odli\u010dna me\u0161anica materialov.<\/span><\/span><span class=\"jCAhz ChMk0b\"><span class=\"ryNqvb\"><br \/>\nKompresijska majica \u0161portnega kroja se tesno prilega telesu za bolj\u0161o prekrvavitev mi\u0161ic.<\/span><\/span> <span class=\"jCAhz ChMk0b\"><span class=\"ryNqvb\">Tako se lahko pove\u010da zmogljivost \u0161portnika.<\/span><\/span><br \/>\n<span class=\"jCAhz ChMk0b\"><span class=\"ryNqvb\">Rashguard je \u0161e posebej priljubljen v \u0161portih s polnim kontaktom, saj trpe\u017ena tkanina \u0161\u010diti telo pred odrgninami in praskami.<\/span><\/span> <span class=\"jCAhz ChMk0b\"><span class=\"ryNqvb\">Nosi se lahko tudi pod obleko za borilne ve\u0161\u010dine.<\/span><\/span><\/span><\/span><\/p>\n<p><span class=\"HwtZe\" lang=\"sl\" style=\"font-size: 15px; color: #993300;\"><span class=\"jCAhz ChMk0b\"><span class=\"ryNqvb\">Idealna za tekmovanja ali treninge.<\/span><\/span><\/span><\/p>\n<p><span style=\"font-size: 15px; color: #993300;\">Elasti\u010dni material: 87% poliester \/ 13% elastan<\/span><\/p>\n<p><span style=\"font-size: 15px; color: #993300;\">Barva: zeleno-\u010drna<\/span><\/p>\n<p><span style=\"font-size: 15px; color: #993300;\">Velikosti: S &#8211; M &#8211; L &#8211; XL<\/span><\/p>\n<p><span style=\"font-size: 15px; color: #993300;\">Samo v na\u0161i spletni prodajalni.<\/span><\/p>\n","protected":false},"excerpt":{"rendered":"<p><span style=\"color: #003366;\"><strong>Green Muscle Rashguard majica s kratkimi rokavi.<\/strong><\/span><\/p>\n","protected":false},"featured_media":119581,"comment_status":"open","ping_status":"closed","template":"","meta":[],"product_brand":[5595],"product_cat":[1035,1043,1033,5405,5406,1031,1029,1005,921,1037,1025,741,1133,1039,1041],"product_tag":[],"class_list":{"0":"post-119935","1":"product","2":"type-product","3":"status-publish","4":"has-post-thumbnail","6":"product_brand-ju-sports","7":"product_cat-aikido-kendo-iai-kobudo-1","8":"product_cat-boks-kickbox-tajski-boks-mma","9":"product_cat-ju-jitsujiu-jitsu-1","10":"product_cat-ju-sports","11":"product_cat-ju-sports-2","12":"product_cat-judo-1","13":"product_cat-karate-5","14":"product_cat-majice","15":"product_cat-mma-1","16":"product_cat-ninjutsu-3","17":"product_cat-novosti-2","18":"product_cat-novosti","19":"product_cat-rashguard-1","20":"product_cat-taekwondo-3","21":"product_cat-tai-chi-kunf-fu-wu-shu-1","22":"pa_size-l-sl","23":"pa_size-m-sl","24":"pa_size-s","25":"pa_size-xl-sl-2","27":"first","28":"instock","29":"taxable","30":"shipping-taxable","31":"purchasable","32":"product-type-variable"},"_links":{"self":[{"href":"https:\/\/www.budoshop.si\/sl\/wp-json\/wp\/v2\/product\/119935","targetHints":{"allow":["GET"]}}],"collection":[{"href":"https:\/\/www.budoshop.si\/sl\/wp-json\/wp\/v2\/product"}],"about":[{"href":"https:\/\/www.budoshop.si\/sl\/wp-json\/wp\/v2\/types\/product"}],"replies":[{"embeddable":true,"href":"https:\/\/www.budoshop.si\/sl\/wp-json\/wp\/v2\/comments?post=119935"}],"wp:featuredmedia":[{"embeddable":true,"href":"https:\/\/www.budoshop.si\/sl\/wp-json\/wp\/v2\/media\/119581"}],"wp:attachment":[{"href":"https:\/\/www.budoshop.si\/sl\/wp-json\/wp\/v2\/media?parent=119935"}],"wp:term":[{"taxonomy":"product_brand","embeddable":true,"href":"https:\/\/www.budoshop.si\/sl\/wp-json\/wp\/v2\/product_brand?post=119935"},{"taxonomy":"product_cat","embeddable":true,"href":"https:\/\/www.budoshop.si\/sl\/wp-json\/wp\/v2\/product_cat?post=119935"},{"taxonomy":"product_tag","embeddable":true,"href":"https:\/\/www.budoshop.si\/sl\/wp-json\/wp\/v2\/product_tag?post=119935"}],"curies":[{"name":"wp","href":"https:\/\/api.w.org\/{rel}","templated":true}]}}