{"id":119628,"date":"2025-10-22T13:47:23","date_gmt":"2025-10-22T11:47:23","guid":{"rendered":"https:\/\/www.budoshop.si\/rashguard-space-gray-new\/"},"modified":"2025-10-22T14:29:25","modified_gmt":"2025-10-22T12:29:25","slug":"rashguard-space-gray-new","status":"publish","type":"product","link":"https:\/\/www.budoshop.si\/sl\/izdelek\/rashguard-space-gray-new\/","title":{"rendered":"Rashguard majica &#8221;SPACE gray&#8221; &#8211; NOVO!!!"},"content":{"rendered":"<p><span style=\"font-size: 15px; color: #993300;\"><span class=\"HwtZe\" lang=\"sl\"><span class=\"jCAhz ChMk0b\"><span class=\"ryNqvb\">Rashguard SPACE je najudobnej\u0161a majica iz\u00a0<\/span><\/span><\/span><\/span><span style=\"font-size: 15px; color: #993300;\"><span class=\"HwtZe\" lang=\"sl\"><span class=\"jCAhz ChMk0b\"><span class=\"ryNqvb\">No-Gi <\/span><\/span><\/span><\/span><span style=\"font-size: 15px; color: #993300;\"><span class=\"HwtZe\" lang=\"sl\"><span class=\"jCAhz ChMk0b\"><span class=\"ryNqvb\">linije.<\/span><\/span> <span class=\"jCAhz ChMk0b\"><span class=\"ryNqvb\">Ta rashguard je trpe\u017ena majica s kratkimi rokavi, izdelana iz elasti\u010dne tkanine, ki odvaja znoj stran od ko\u017ee in ohranja va\u0161e telo hladno in suho.<\/span><\/span> <span class=\"jCAhz ChMk0b\"><span class=\"ryNqvb\">Za bolj\u0161o ventilacijo vsebuje posebne stranske predele z luknjicami.<\/span><\/span> <span class=\"jCAhz\"><span class=\"ryNqvb\">Odli\u010dna me\u0161anica materialov.<\/span><\/span><span class=\"jCAhz ChMk0b\"><span class=\"ryNqvb\"><br \/>\nKompresijska majica \u0161portnega kroja se tesno prilega telesu za bolj\u0161o prekrvavitev mi\u0161ic.<\/span><\/span> <span class=\"jCAhz ChMk0b\"><span class=\"ryNqvb\">Tako se lahko pove\u010da zmogljivost \u0161portnika.<\/span><\/span><br \/>\n<span class=\"jCAhz ChMk0b\"><span class=\"ryNqvb\">Rashguard je \u0161e posebej priljubljen v \u0161portih s polnim kontaktom, saj trpe\u017ena tkanina \u0161\u010diti telo pred odrgninami in praskami.<\/span><\/span> <span class=\"jCAhz ChMk0b\"><span class=\"ryNqvb\">Nosi se lahko tudi pod obleko za borilne ve\u0161\u010dine.<\/span><\/span><\/span><\/span><\/p>\n<p><span class=\"HwtZe\" lang=\"sl\" style=\"font-size: 15px; color: #993300;\"><span class=\"jCAhz ChMk0b\"><span class=\"ryNqvb\">Idealna za tekmovanja ali treninge.<\/span><\/span><\/span><\/p>\n<p><span style=\"font-size: 15px; color: #993300;\">Elasti\u010dni material: 87% poliester \/ 13% elastan<\/span><br \/>\n<span style=\"font-size: 15px; color: #993300;\"><br \/>\nBarva: siva<\/span><\/p>\n<p><span style=\"font-size: 15px; color: #993300;\">Velikosti: S &#8211; M &#8211; L &#8211; XL<\/span><\/p>\n<p><span style=\"font-size: 15px; color: #993300;\">Samo v na\u0161i spletni prodajalni.<\/span><\/p>\n","protected":false},"excerpt":{"rendered":"<p><span style=\"color: #003366;\"><strong>Siva Rashguard majica s kratkimi rokavi.<\/strong><\/span><\/p>\n","protected":false},"featured_media":119555,"comment_status":"open","ping_status":"closed","template":"","meta":[],"product_brand":[5595],"product_cat":[1043,1033,5405,5406,1031,1029,1005,921,1025,741,1133,1039],"product_tag":[],"class_list":{"0":"post-119628","1":"product","2":"type-product","3":"status-publish","4":"has-post-thumbnail","6":"product_brand-ju-sports","7":"product_cat-boks-kickbox-tajski-boks-mma","8":"product_cat-ju-jitsujiu-jitsu-1","9":"product_cat-ju-sports","10":"product_cat-ju-sports-2","11":"product_cat-judo-1","12":"product_cat-karate-5","13":"product_cat-majice","14":"product_cat-mma-1","15":"product_cat-novosti-2","16":"product_cat-novosti","17":"product_cat-rashguard-1","18":"product_cat-taekwondo-3","19":"pa_velikost-l-sl-2","20":"pa_velikost-m-sl-2","21":"pa_velikost-s-sl-2","22":"pa_velikost-xl-sl","24":"first","25":"instock","26":"taxable","27":"shipping-taxable","28":"purchasable","29":"product-type-variable"},"_links":{"self":[{"href":"https:\/\/www.budoshop.si\/sl\/wp-json\/wp\/v2\/product\/119628","targetHints":{"allow":["GET"]}}],"collection":[{"href":"https:\/\/www.budoshop.si\/sl\/wp-json\/wp\/v2\/product"}],"about":[{"href":"https:\/\/www.budoshop.si\/sl\/wp-json\/wp\/v2\/types\/product"}],"replies":[{"embeddable":true,"href":"https:\/\/www.budoshop.si\/sl\/wp-json\/wp\/v2\/comments?post=119628"}],"wp:featuredmedia":[{"embeddable":true,"href":"https:\/\/www.budoshop.si\/sl\/wp-json\/wp\/v2\/media\/119555"}],"wp:attachment":[{"href":"https:\/\/www.budoshop.si\/sl\/wp-json\/wp\/v2\/media?parent=119628"}],"wp:term":[{"taxonomy":"product_brand","embeddable":true,"href":"https:\/\/www.budoshop.si\/sl\/wp-json\/wp\/v2\/product_brand?post=119628"},{"taxonomy":"product_cat","embeddable":true,"href":"https:\/\/www.budoshop.si\/sl\/wp-json\/wp\/v2\/product_cat?post=119628"},{"taxonomy":"product_tag","embeddable":true,"href":"https:\/\/www.budoshop.si\/sl\/wp-json\/wp\/v2\/product_tag?post=119628"}],"curies":[{"name":"wp","href":"https:\/\/api.w.org\/{rel}","templated":true}]}}