{"id":119419,"date":"2025-10-10T18:55:49","date_gmt":"2025-10-10T16:55:49","guid":{"rendered":"https:\/\/www.budoshop.si\/leather-key-ring-ju-jutsu-kanji-new\/"},"modified":"2025-10-10T18:59:23","modified_gmt":"2025-10-10T16:59:23","slug":"leather-key-ring-ju-jutsu-kanji-new","status":"publish","type":"product","link":"https:\/\/www.budoshop.si\/sl\/izdelek\/leather-key-ring-ju-jutsu-kanji-new\/","title":{"rendered":"Usnjen obesek &#8221;JU-JUTSU KANJI&#8221; &#8211; NOVO!!!"},"content":{"rendered":"<p><span class=\"HwtZe\" lang=\"sl\" style=\"color: #993300; font-size: 15px;\"><span class=\"jCAhz ChMk0b\"><span class=\"ryNqvb\">Visokokakovosten \u010drn usnjen obesek za klju\u010de z vgraviranimi Ju-jutsu Kanji pismenkami na kovinski plo\u0161\u010dici.<\/span><\/span><\/span><\/p>\n","protected":false},"excerpt":{"rendered":"<p><span style=\"color: #003366;\"><strong>Usnjen obesek za klju\u010de z japonsko Ju-jutsu gravuro.<\/strong><\/span><\/p>\n","protected":false},"featured_media":119417,"comment_status":"open","ping_status":"closed","template":"","meta":[],"product_brand":[5595],"product_cat":[5406,5405,1033,741,833,1025],"product_tag":[],"class_list":{"0":"post-119419","1":"product","2":"type-product","3":"status-publish","4":"has-post-thumbnail","6":"product_brand-ju-sports","7":"product_cat-ju-sports-2","8":"product_cat-ju-sports","9":"product_cat-ju-jitsujiu-jitsu-1","10":"product_cat-novosti","11":"product_cat-obeski","12":"product_cat-novosti-2","14":"first","15":"instock","16":"taxable","17":"shipping-taxable","18":"purchasable","19":"product-type-simple"},"_links":{"self":[{"href":"https:\/\/www.budoshop.si\/sl\/wp-json\/wp\/v2\/product\/119419","targetHints":{"allow":["GET"]}}],"collection":[{"href":"https:\/\/www.budoshop.si\/sl\/wp-json\/wp\/v2\/product"}],"about":[{"href":"https:\/\/www.budoshop.si\/sl\/wp-json\/wp\/v2\/types\/product"}],"replies":[{"embeddable":true,"href":"https:\/\/www.budoshop.si\/sl\/wp-json\/wp\/v2\/comments?post=119419"}],"wp:featuredmedia":[{"embeddable":true,"href":"https:\/\/www.budoshop.si\/sl\/wp-json\/wp\/v2\/media\/119417"}],"wp:attachment":[{"href":"https:\/\/www.budoshop.si\/sl\/wp-json\/wp\/v2\/media?parent=119419"}],"wp:term":[{"taxonomy":"product_brand","embeddable":true,"href":"https:\/\/www.budoshop.si\/sl\/wp-json\/wp\/v2\/product_brand?post=119419"},{"taxonomy":"product_cat","embeddable":true,"href":"https:\/\/www.budoshop.si\/sl\/wp-json\/wp\/v2\/product_cat?post=119419"},{"taxonomy":"product_tag","embeddable":true,"href":"https:\/\/www.budoshop.si\/sl\/wp-json\/wp\/v2\/product_tag?post=119419"}],"curies":[{"name":"wp","href":"https:\/\/api.w.org\/{rel}","templated":true}]}}