{"id":119347,"date":"2025-10-03T12:30:48","date_gmt":"2025-10-03T10:30:48","guid":{"rendered":"https:\/\/www.budoshop.si\/karate-shorts-tokaido-tsunami-new\/"},"modified":"2025-11-07T12:08:01","modified_gmt":"2025-11-07T11:08:01","slug":"karate-shorts-tokaido-tsunami-new","status":"publish","type":"product","link":"https:\/\/www.budoshop.si\/sl\/izdelek\/karate-shorts-tokaido-tsunami-new\/","title":{"rendered":"Karate \u0161portne kratke hla\u010de &#8221;Tokaido TSUNAMI&#8221; &#8211; NOVO!!!"},"content":{"rendered":"<div class=\"article-description\">\n<p><span style=\"font-size: 15px; color: #993300;\">Te udobne Karate \u0161portne kratke hla\u010de Tokaido Tsunami so izdelane iz lahkotnega in zra\u010dnega materiala, ki se hitro su\u0161i (88% poliester\/12% spandex). Elasti\u010dni vlo\u017eki iz notranje strani in posebna oblika nog zagotavljajo maksimalno svobodo gibanja in dela nog. Hla\u010de se za najbolj\u0161e prileganje zapenjajo z vrvico in pasom na je\u017eka. Vsi logotipi in napisi so implementirani kot sublimiran tisk najvi\u0161je kvalitete in se s pranjem ne izbri\u0161ejo. Hla\u010de odlikuje uzredno kvalitetna izdelava in so primerne tako za trening borilnih ve\u0161\u010din kot so Karate, MMA, BJJ, kot tudi za vse druge vrste treningov in rekereacijske vadbe.<\/span><\/p>\n<p><span style=\"font-size: 15px; color: #993300;\"><strong>Kvaliteta, ki jo lahko zagotavlja samo japonska TOKAIDO znamka!<\/strong><\/span><\/p>\n<p><span style=\"font-size: 15px; color: #993300;\">Velikosti: S &#8211; M &#8211; L &#8211; XL &#8211; XL<\/span><\/p>\n<\/div>\n","protected":false},"excerpt":{"rendered":"<p><span style=\"color: #003366;\"><strong>Funkcionalne Karate \u0161portne kratke hla\u010de japonske znamke Tokaido.<\/strong><\/span><\/p>\n","protected":false},"featured_media":119343,"comment_status":"open","ping_status":"closed","template":"","meta":[],"product_brand":[5598],"product_cat":[1043,1033,1029,741,905,685,949,1025,1047],"product_tag":[],"class_list":{"0":"post-119347","1":"product","2":"type-product","3":"status-publish","4":"has-post-thumbnail","6":"product_brand-tokaido","7":"product_cat-boks-kickbox-tajski-boks-mma","8":"product_cat-ju-jitsujiu-jitsu-1","9":"product_cat-karate-5","10":"product_cat-novosti","11":"product_cat-hlacke","12":"product_cat-ostalo","13":"product_cat-shureido-3","14":"product_cat-novosti-2","15":"product_cat-tokaido-1","16":"pa_velikost-s-sl-2","17":"pa_velikost-m-sl-2","18":"pa_velikost-l-sl-2","19":"pa_velikost-xl-sl","21":"first","22":"instock","23":"taxable","24":"shipping-taxable","25":"purchasable","26":"product-type-variable"},"_links":{"self":[{"href":"https:\/\/www.budoshop.si\/sl\/wp-json\/wp\/v2\/product\/119347","targetHints":{"allow":["GET"]}}],"collection":[{"href":"https:\/\/www.budoshop.si\/sl\/wp-json\/wp\/v2\/product"}],"about":[{"href":"https:\/\/www.budoshop.si\/sl\/wp-json\/wp\/v2\/types\/product"}],"replies":[{"embeddable":true,"href":"https:\/\/www.budoshop.si\/sl\/wp-json\/wp\/v2\/comments?post=119347"}],"wp:featuredmedia":[{"embeddable":true,"href":"https:\/\/www.budoshop.si\/sl\/wp-json\/wp\/v2\/media\/119343"}],"wp:attachment":[{"href":"https:\/\/www.budoshop.si\/sl\/wp-json\/wp\/v2\/media?parent=119347"}],"wp:term":[{"taxonomy":"product_brand","embeddable":true,"href":"https:\/\/www.budoshop.si\/sl\/wp-json\/wp\/v2\/product_brand?post=119347"},{"taxonomy":"product_cat","embeddable":true,"href":"https:\/\/www.budoshop.si\/sl\/wp-json\/wp\/v2\/product_cat?post=119347"},{"taxonomy":"product_tag","embeddable":true,"href":"https:\/\/www.budoshop.si\/sl\/wp-json\/wp\/v2\/product_tag?post=119347"}],"curies":[{"name":"wp","href":"https:\/\/api.w.org\/{rel}","templated":true}]}}