{"id":119280,"date":"2025-09-24T12:53:47","date_gmt":"2025-09-24T10:53:47","guid":{"rendered":"https:\/\/www.budoshop.si\/ball-pen-katana-new\/"},"modified":"2025-09-24T12:58:10","modified_gmt":"2025-09-24T10:58:10","slug":"ball-pen-katana-new","status":"publish","type":"product","link":"https:\/\/www.budoshop.si\/sl\/izdelek\/ball-pen-katana-new\/","title":{"rendered":"Kemi\u010dni svin\u010dnik &#8221;KATANA&#8221; &#8211; NOVO!!!"},"content":{"rendered":"<p><span style=\"font-size: 15px; color: #993300;\">Pi\u0161i s stilom!<br \/>\n<span class=\"HwtZe\" lang=\"sl\"><span class=\"jCAhz ChMk0b\"><span class=\"ryNqvb\">Ta atraktiven kemi\u010dna svin\u010dnik Katana vklju\u010duje plasti\u010dno stojalo in dve polnili.<\/span><\/span><\/span><\/span><\/p>\n<p><span class=\"HwtZe\" lang=\"sl\" style=\"font-size: 15px; color: #993300;\"><span class=\"jCAhz ChMk0b\"><span class=\"ryNqvb\">Material: tla\u010dno litje<\/span><\/span><\/span><br \/>\n<span style=\"font-size: 15px; color: #993300;\">Dol\u017eina: 190 mm<\/span><br \/>\n<span style=\"font-size: 15px; color: #993300;\">Te\u017ea: cca. 30 g<\/span><\/p>\n","protected":false},"excerpt":{"rendered":"<p><span style=\"color: #003366;\"><strong>Katana kemi\u010dni svin\u010dnik s stojalom in dvema polniloma.<\/strong><\/span><\/p>\n","protected":false},"featured_media":119274,"comment_status":"open","ping_status":"closed","template":"","meta":[],"product_brand":[5610],"product_cat":[1035,1043,1033,1031,1029,1037,1039,1041,741,841,5376,1025,5374],"product_tag":[],"class_list":{"0":"post-119280","1":"product","2":"type-product","3":"status-publish","4":"has-post-thumbnail","6":"product_brand-haller","7":"product_cat-aikido-kendo-iai-kobudo-1","8":"product_cat-boks-kickbox-tajski-boks-mma","9":"product_cat-ju-jitsujiu-jitsu-1","10":"product_cat-judo-1","11":"product_cat-karate-5","12":"product_cat-ninjutsu-3","13":"product_cat-taekwondo-3","14":"product_cat-tai-chi-kunf-fu-wu-shu-1","15":"product_cat-novosti","16":"product_cat-ostalo-4","17":"product_cat-haller-2","18":"product_cat-novosti-2","19":"product_cat-haller-sl","21":"first","22":"instock","23":"taxable","24":"shipping-taxable","25":"purchasable","26":"product-type-simple"},"_links":{"self":[{"href":"https:\/\/www.budoshop.si\/sl\/wp-json\/wp\/v2\/product\/119280","targetHints":{"allow":["GET"]}}],"collection":[{"href":"https:\/\/www.budoshop.si\/sl\/wp-json\/wp\/v2\/product"}],"about":[{"href":"https:\/\/www.budoshop.si\/sl\/wp-json\/wp\/v2\/types\/product"}],"replies":[{"embeddable":true,"href":"https:\/\/www.budoshop.si\/sl\/wp-json\/wp\/v2\/comments?post=119280"}],"wp:featuredmedia":[{"embeddable":true,"href":"https:\/\/www.budoshop.si\/sl\/wp-json\/wp\/v2\/media\/119274"}],"wp:attachment":[{"href":"https:\/\/www.budoshop.si\/sl\/wp-json\/wp\/v2\/media?parent=119280"}],"wp:term":[{"taxonomy":"product_brand","embeddable":true,"href":"https:\/\/www.budoshop.si\/sl\/wp-json\/wp\/v2\/product_brand?post=119280"},{"taxonomy":"product_cat","embeddable":true,"href":"https:\/\/www.budoshop.si\/sl\/wp-json\/wp\/v2\/product_cat?post=119280"},{"taxonomy":"product_tag","embeddable":true,"href":"https:\/\/www.budoshop.si\/sl\/wp-json\/wp\/v2\/product_tag?post=119280"}],"curies":[{"name":"wp","href":"https:\/\/api.w.org\/{rel}","templated":true}]}}