{"id":119228,"date":"2025-09-18T11:24:35","date_gmt":"2025-09-18T09:24:35","guid":{"rendered":"https:\/\/www.budoshop.si\/kids-boxing-punching-speed-ball-new\/"},"modified":"2025-09-18T11:32:50","modified_gmt":"2025-09-18T09:32:50","slug":"kids-boxing-punching-speed-ball-new","status":"publish","type":"product","link":"https:\/\/www.budoshop.si\/sl\/izdelek\/kids-boxing-punching-speed-ball-new\/","title":{"rendered":"Otro\u0161ka samostoje\u010da boksarska hitra \u017eoga-hru\u0161ka &#8211; NOVO!!!"},"content":{"rendered":"<div>\n<p><span style=\"font-size: 15px; color: #993300;\">Ta otro\u0161ka samostoje\u010da boksarska hitra \u017eoga-hru\u0161ka za udarjanje je posebej kreirana za male borce. Hru\u0161ka je narejena trpe\u017enega umetnega usnja. Podstavek je narejen iz trde plastike in se ga za mo\u010dno stabilnost napolni s peskom ali vodo. Gred z vzmetjo omogo\u010da prilagoditev udarne povr\u0161ine na \u017eeleno vi\u0161ino (med 75 in 105 cm).<\/p>\n<p><\/span><\/p>\n<div><span style=\"font-size: 15px; color: #993300;\">Zna\u010dilnosti:<\/span><br \/>\n<span style=\"font-size: 15px; color: #993300;\">1) Primerno za vadbo borilnih ve\u010din ali aerobiko<\/span><br \/>\n<span style=\"font-size: 15px; color: #993300;\">2) Izbolj\u0161uje usklajevanja rok in o\u010di <\/span><br \/>\n<span style=\"font-size: 15px; color: #993300;\">3) Razvija refleksno mi\u0161i\u010dno hitrost<\/span><br \/>\n<span style=\"font-size: 15px; color: #993300;\">4) Lahek za enostavno premi\u010dnost<\/span><br \/>\n<span style=\"font-size: 15px; color: #993300;\">5) Za stabilnost se ga oblo\u017ei s peskom ali vodo<\/span><br \/>\n<span style=\"font-size: 15px; color: #993300;\">6) Vi\u0161ina nastavljiva med 75 in 105 cm<\/span><br \/>\n<span style=\"font-size: 15px; color: #993300;\">7) Set vklju\u010duje napihljivo hitro \u017eogo, nastavljio stojalo, podstavek in pumpo<\/span><\/div>\n<p>&nbsp;<\/p>\n<\/div>\n<p>&nbsp;<\/p>\n","protected":false},"excerpt":{"rendered":"<p><span style=\"color: #003366;\"><strong>Nastavljiva otro\u0161ka samostoje\u010da boksarska hitra \u017eoga-hru\u0161ka.<\/strong><\/span><\/p>\n","protected":false},"featured_media":119223,"comment_status":"open","ping_status":"closed","template":"","meta":[],"product_brand":[5595],"product_cat":[1043,751,5405,5406,1025,741],"product_tag":[],"class_list":{"0":"post-119228","1":"product","2":"type-product","3":"status-publish","4":"has-post-thumbnail","6":"product_brand-ju-sports","7":"product_cat-boks-kickbox-tajski-boks-mma","8":"product_cat-punching-ball-1","9":"product_cat-ju-sports","10":"product_cat-ju-sports-2","11":"product_cat-novosti-2","12":"product_cat-novosti","14":"first","15":"instock","16":"taxable","17":"shipping-taxable","18":"purchasable","19":"product-type-simple"},"_links":{"self":[{"href":"https:\/\/www.budoshop.si\/sl\/wp-json\/wp\/v2\/product\/119228","targetHints":{"allow":["GET"]}}],"collection":[{"href":"https:\/\/www.budoshop.si\/sl\/wp-json\/wp\/v2\/product"}],"about":[{"href":"https:\/\/www.budoshop.si\/sl\/wp-json\/wp\/v2\/types\/product"}],"replies":[{"embeddable":true,"href":"https:\/\/www.budoshop.si\/sl\/wp-json\/wp\/v2\/comments?post=119228"}],"wp:featuredmedia":[{"embeddable":true,"href":"https:\/\/www.budoshop.si\/sl\/wp-json\/wp\/v2\/media\/119223"}],"wp:attachment":[{"href":"https:\/\/www.budoshop.si\/sl\/wp-json\/wp\/v2\/media?parent=119228"}],"wp:term":[{"taxonomy":"product_brand","embeddable":true,"href":"https:\/\/www.budoshop.si\/sl\/wp-json\/wp\/v2\/product_brand?post=119228"},{"taxonomy":"product_cat","embeddable":true,"href":"https:\/\/www.budoshop.si\/sl\/wp-json\/wp\/v2\/product_cat?post=119228"},{"taxonomy":"product_tag","embeddable":true,"href":"https:\/\/www.budoshop.si\/sl\/wp-json\/wp\/v2\/product_tag?post=119228"}],"curies":[{"name":"wp","href":"https:\/\/api.w.org\/{rel}","templated":true}]}}