{"id":119195,"date":"2025-09-17T11:15:34","date_gmt":"2025-09-17T09:15:34","guid":{"rendered":"https:\/\/www.budoshop.si\/karate-gi-kimono-set-tokaido-kata-master-duo-new\/"},"modified":"2026-01-12T08:25:27","modified_gmt":"2026-01-12T07:25:27","slug":"karate-gi-kimono-set-tokaido-kata-master-duo-new","status":"publish","type":"product","link":"https:\/\/www.budoshop.si\/sl\/izdelek\/karate-gi-kimono-set-tokaido-kata-master-duo-new\/","title":{"rendered":"Karate Gi (Kimono) SET &#8221;Tokaido Kata MASTER DUO&#8221; &#8211; NOVO!!!"},"content":{"rendered":"<p><span style=\"font-size: 15px; color: #993300;\"><span class=\"HwtZe\" lang=\"sl\"><span class=\"jCAhz ChMk0b\"><span class=\"ryNqvb\">Ta vrhunski Tokaido Kata Master Karate Kimono set ponuja maksimalno vsestranskost in udobje za trening in tekmovanja.<\/span><\/span> <span class=\"jCAhz ChMk0b\"><span class=\"ryNqvb\">Vklju\u010duje hla\u010de in dve jakni (z rde\u010dim in modrim vezenjem), kar omogo\u010da hitro menjavo glede na zahteve tekmovanja.<\/span><\/span> Kimono je i<span class=\"jCAhz ChMk0b\"><span class=\"ryNqvb\">zdelan iz novo razvitega 65 % bomba\u017ea\/35 % poliester (1<\/span><\/span><\/span><span class=\"HwtZe\" lang=\"sl\"><span class=\"jCAhz ChMk0b\"><span class=\"ryNqvb\">4 oz) materiala. Tradicionalen Slim-fit kroj s hla\u010dami s povi\u0161anim pasom in raztegljivim vlo\u017ekom v medno\u017eju.<\/span><\/span>\u00a0<span class=\"jCAhz ChMk0b\"><span class=\"ryNqvb\">Tehnologija Ultimate-Sound zagotavlja impresivno akusti\u010dno podporo dinami\u010dnim Kata gibom.<\/span><\/span><span class=\"jCAhz ChMk0b\"><span class=\"ryNqvb\"><br \/>\nPriporo\u010dljivo za profesionalce.<\/span><\/span><\/span><\/span><\/p>\n<div class=\"tab--content content--facts is--collapsed js--collapse-target\">\n<ul>\n<li><span style=\"font-size: 15px; color: #993300;\"><strong data-start=\"39\" data-end=\"54\"><span class=\"HwtZe\" lang=\"sl\"><span class=\"jCAhz ChMk0b\"><span class=\"ryNqvb\">Dve jakni <\/span><\/span><\/span><\/strong><span class=\"HwtZe\" lang=\"sl\"><span class=\"jCAhz ChMk0b\"><span class=\"ryNqvb\">\u2013 ena z modrim in ena z rde\u010dim vezenjem na ramenih<\/span><\/span><\/span><\/span><\/li>\n<li><span style=\"font-size: 15px; color: #993300;\"><strong data-start=\"109\" data-end=\"126\">WKF approved<\/strong> \u2013 <span class=\"HwtZe\" lang=\"sl\"><span class=\"jCAhz ChMk0b\"><span class=\"ryNqvb\">odobreno za nacionalna in mednarodna tekmovanja<\/span><\/span><\/span><\/span><\/li>\n<li><span style=\"font-size: 15px; color: #993300;\"><strong data-start=\"183\" data-end=\"203\">Dodatno oja\u010dano<\/strong> \u2013 <span class=\"HwtZe\" lang=\"sl\"><span class=\"jCAhz ChMk0b\"><span class=\"ryNqvb\">na robovih hla\u010dnic in rokavov za ve\u010djo stabilnost in vzdr\u017eljivost<\/span><\/span><\/span><\/span><\/li>\n<li><span style=\"font-size: 15px; color: #993300;\"><strong data-start=\"270\" data-end=\"290\">Hla\u010de z visokim pasom<\/strong> \u2013 <span class=\"HwtZe\" lang=\"sl\"><span class=\"jCAhz ChMk0b\"><span class=\"ryNqvb\">z raztegljivim vlo\u017ekom v medno\u017eju za optimalno svobodo gibanja<\/span><\/span><\/span><\/span><\/li>\n<li><span style=\"font-size: 15px; color: #993300;\"><strong data-start=\"360\" data-end=\"395\">Izredno \u0161iroke hla\u010de in ozki rokavi<\/strong> \u2013 <span class=\"HwtZe\" lang=\"sl\"><span class=\"jCAhz ChMk0b\"><span class=\"ryNqvb\">za idealno Kata silhueto in dinamiko gibanja<\/span><\/span><\/span><\/span><\/li>\n<li><span class=\"HwtZe\" lang=\"sl\" style=\"font-size: 15px; color: #993300;\"><span class=\"jCAhz ChMk0b\"><span class=\"ryNqvb\">\u00a0Novo razvit material je optimiziran za poudarjanje vsake intenzivne tehnike <strong>z<\/strong> <strong>impresivnim zvokom<\/strong><\/span><\/span><\/span><\/li>\n<li><span class=\"HwtZe\" lang=\"sl\" style=\"font-size: 15px; color: #993300;\"><span class=\"jCAhz ChMk0b\"><span class=\"ryNqvb\">\u00a0<strong>Nizka stopnja kr\u010denja<\/strong> pribli\u017eno 3%<\/span><\/span><\/span><\/li>\n<li><span class=\"HwtZe\" lang=\"sl\" style=\"font-size: 15px; color: #993300;\"><span class=\"jCAhz ChMk0b\"><span class=\"ryNqvb\"><strong>Trdna kartonska \u0161katla<\/strong> \u2013 idealna za shranjevanje<\/span><\/span><\/span><\/li>\n<\/ul>\n<\/div>\n<p><span style=\"font-size: 15px; color: #993300;\"><strong>Kvaliteta, ki jo zagotavlja samo japonska TOKAIDO znamka!<\/strong><\/span><\/p>\n<p><span style=\"font-size: 15px; color: #993300;\">V kompletu se nahajajo hla\u010de z vrvico v pasu in jakna.<\/span><\/p>\n<p><span style=\"font-size: 15px; color: #993300;\">Velikosti: 160 \u2013 200 cm (na 5cm).<\/span><\/p>\n<p><span style=\"font-size: 15px; color: #993300;\"><strong>Ta artikel je odobren iz strani WKF<\/strong>-a (World Karate Federation).<\/span><\/p>\n<p><span style=\"font-size: 15px; color: #993300;\"><br \/>\n<span style=\"font-size: 11px;\">Pozor! Kimono ni predprano in se pri prvem pranju lahko skr\u010di za cca. 3 %.<\/span><\/span><\/p>\n<p>&nbsp;<\/p>\n","protected":false},"excerpt":{"rendered":"<p><span style=\"color: #003366;\"><strong>Profesionalni Tokaido WKF Kata Kimono SET z dvema jaknama z rde\u010dim in modrim vezenjem ter enimi hla\u010dami.<\/strong><\/span><\/p>\n","protected":false},"featured_media":119176,"comment_status":"open","ping_status":"closed","template":"","meta":[],"product_brand":[5598],"product_cat":[1029,1025,741,917,949,1047],"product_tag":[],"class_list":{"0":"post-119195","1":"product","2":"type-product","3":"status-publish","4":"has-post-thumbnail","6":"product_brand-tokaido","7":"product_cat-karate-5","8":"product_cat-novosti-2","9":"product_cat-novosti","10":"product_cat-shureido-1","11":"product_cat-shureido-3","12":"product_cat-tokaido-1","13":"pa_velikost-160-cm-sl","14":"pa_velikost-165-cm-sl","15":"pa_velikost-170-cm-sl","16":"pa_velikost-175-cm-sl","17":"pa_velikost-180-cm-sl","18":"pa_velikost-185-cm-sl","19":"pa_velikost-190-cm-sl","20":"pa_velikost-195-cm-sl","21":"pa_velikost-200-cm-sl","23":"first","24":"instock","25":"taxable","26":"shipping-taxable","27":"purchasable","28":"product-type-variable"},"_links":{"self":[{"href":"https:\/\/www.budoshop.si\/sl\/wp-json\/wp\/v2\/product\/119195","targetHints":{"allow":["GET"]}}],"collection":[{"href":"https:\/\/www.budoshop.si\/sl\/wp-json\/wp\/v2\/product"}],"about":[{"href":"https:\/\/www.budoshop.si\/sl\/wp-json\/wp\/v2\/types\/product"}],"replies":[{"embeddable":true,"href":"https:\/\/www.budoshop.si\/sl\/wp-json\/wp\/v2\/comments?post=119195"}],"wp:featuredmedia":[{"embeddable":true,"href":"https:\/\/www.budoshop.si\/sl\/wp-json\/wp\/v2\/media\/119176"}],"wp:attachment":[{"href":"https:\/\/www.budoshop.si\/sl\/wp-json\/wp\/v2\/media?parent=119195"}],"wp:term":[{"taxonomy":"product_brand","embeddable":true,"href":"https:\/\/www.budoshop.si\/sl\/wp-json\/wp\/v2\/product_brand?post=119195"},{"taxonomy":"product_cat","embeddable":true,"href":"https:\/\/www.budoshop.si\/sl\/wp-json\/wp\/v2\/product_cat?post=119195"},{"taxonomy":"product_tag","embeddable":true,"href":"https:\/\/www.budoshop.si\/sl\/wp-json\/wp\/v2\/product_tag?post=119195"}],"curies":[{"name":"wp","href":"https:\/\/api.w.org\/{rel}","templated":true}]}}