{"id":119052,"date":"2025-09-11T09:54:24","date_gmt":"2025-09-11T07:54:24","guid":{"rendered":"https:\/\/www.budoshop.si\/karate-body-protector-tokaido-wkf-youth-league-new\/"},"modified":"2026-03-31T10:20:16","modified_gmt":"2026-03-31T08:20:16","slug":"karate-body-protector-tokaido-wkf-youth-league-new","status":"publish","type":"product","link":"https:\/\/www.budoshop.si\/sl\/izdelek\/karate-body-protector-tokaido-wkf-youth-league-new\/","title":{"rendered":"Karate \u0161\u010ditnik trupa &#8221;Tokaido WKF YOUTH LEAGUE&#8221;"},"content":{"rendered":"<p><span style=\"font-size: 15px; color: #993300;\"><span class=\"HwtZe\" lang=\"sl\"><span class=\"jCAhz ChMk0b\"><span class=\"ryNqvb\">Izredno kakovosten Tokaido Karate \u0161\u010ditnik trupa, ki je zasnovan za mladinsko Karate ligo in\u00a0<\/span><\/span><\/span><span class=\"HwtZe\" lang=\"sl\"><span class=\"jCAhz ChMk0b\"><span class=\"ryNqvb\">je po novih WKF zahtevah obvezen za tekmovalce do 14 let<\/span><\/span><\/span><span class=\"HwtZe\" lang=\"sl\"><span class=\"jCAhz ChMk0b\"><span class=\"ryNqvb\">.<\/span><\/span> <span class=\"jCAhz ChMk0b\"><span class=\"ryNqvb\">Ta Karate \u0161\u010ditnik trupa je debel 3,5 cm in zasnovan za no\u0161enje preko Karate Kimona, kar zagotavlja optimalno za\u0161\u010dito med treningi in tekmovanji.<\/span><\/span><br \/>\n\u0160\u010ditnik je i<span class=\"jCAhz ChMk0b\"><span class=\"ryNqvb\">zdelan iz trpe\u017ene EVA pene<\/span><\/span><\/span><span class=\"HwtZe\" lang=\"sl\"><span class=\"jCAhz ChMk0b\"><span class=\"ryNqvb\">in oble\u010den v umetno usnje<\/span><\/span><\/span><span class=\"HwtZe\" lang=\"sl\"><span class=\"jCAhz ChMk0b\"><span class=\"ryNqvb\">, zaradi \u010desar je ta \u0161\u010ditnik lahek, vzdr\u017eljiv in udoben, <\/span><\/span><\/span><span class=\"HwtZe\" lang=\"sl\"><span class=\"jCAhz ChMk0b\"><span class=\"ryNqvb\">ne omejuje gibanja in zagotavlja zanesljivo za\u0161\u010dito trupa. \u0160\u010ditnik se na hrbtu pritrdi z elasti\u010dnimi trakovi na je\u017eka kar omogo\u010da\u00a0<\/span><\/span><\/span><span class=\"HwtZe\" lang=\"sl\"><span class=\"jCAhz ChMk0b\"><span class=\"ryNqvb\"> enostavni za name\u0161\u010danje in snemanje.<\/span><\/span><\/span><span class=\"HwtZe\" lang=\"sl\"><span class=\"jCAhz ChMk0b\"><span class=\"ryNqvb\"><br \/>\n<\/span><\/span><\/span><br \/>\n<span class=\"HwtZe\" lang=\"sl\"><span class=\"jCAhz ChMk0b\"><span class=\"ryNqvb\">Izkusite popolno kombinacijo za\u0161\u010dite in udobja s tem Tokaido Karate \u0161\u010ditnikom trupa, zasnovanim posebej za mladinsko Karate ligo.<\/span><\/span><\/span><\/span><\/p>\n<div class=\"tab--content content--facts is--collapsed js--collapse-target\">\n<ul>\n<li><span class=\"Y2IQFc\" lang=\"en\" style=\"font-size: 15px; color: #993300;\">odobreno za Youth League maldinsko Karate ligo<\/span><\/li>\n<li><span style=\"font-size: 15px; color: #993300;\">debeline 3,5 cm<\/span><\/li>\n<li><span class=\"Y2IQFc\" lang=\"en\" style=\"font-size: 15px; color: #993300;\">lahkoten in trpe\u017een<\/span><\/li>\n<li><span class=\"Y2IQFc\" lang=\"en\" style=\"font-size: 15px; color: #993300;\">varno prileganje<\/span><\/li>\n<li><span class=\"Y2IQFc\" lang=\"en\" style=\"font-size: 15px; color: #993300;\">prilagodljivo zapenjanje z je\u017ekom<\/span><\/li>\n<\/ul>\n<\/div>\n<p><span style=\"font-size: 15px; color: #993300;\"><strong>Kvaliteta, ki jo zagotavlja samo japonska TOKAIDO znamka!<\/strong><\/span><\/p>\n<p><span style=\"font-size: 15px; color: #993300;\"><strong>Ta \u0161\u010ditnik je odobren s strani WKF<\/strong>-ja (World Karate Federation)!<\/span><\/p>\n<p><span style=\"font-size: 15px; color: #993300;\">Velikosti: XS &#8211; S &#8211; M &#8211; L &#8211; XL<\/span><\/p>\n<p>&nbsp;<\/p>\n","protected":false},"excerpt":{"rendered":"<p><span style=\"color: #003366;\"><strong>Debelej\u0161i WKF verificiran TOKAIDO Karate \u0161\u010ditnik trupa za mladinsko ligo.<\/strong><\/span><\/p>\n","protected":false},"featured_media":119045,"comment_status":"open","ping_status":"closed","template":"","meta":[],"product_brand":[5598],"product_cat":[1029,775,1047,949],"product_tag":[],"class_list":{"0":"post-119052","1":"product","2":"type-product","3":"status-publish","4":"has-post-thumbnail","6":"product_brand-tokaido","7":"product_cat-karate-5","8":"product_cat-scitniki-prsi-in-trupa","9":"product_cat-tokaido-1","10":"product_cat-shureido-3","11":"pa_velikost-l-sl-2","12":"pa_velikost-m-sl-2","13":"pa_velikost-s-sl-2","14":"pa_velikost-xl-sl","15":"pa_velikost-xs-sl","17":"first","18":"instock","19":"taxable","20":"shipping-taxable","21":"purchasable","22":"product-type-variable"},"_links":{"self":[{"href":"https:\/\/www.budoshop.si\/sl\/wp-json\/wp\/v2\/product\/119052","targetHints":{"allow":["GET"]}}],"collection":[{"href":"https:\/\/www.budoshop.si\/sl\/wp-json\/wp\/v2\/product"}],"about":[{"href":"https:\/\/www.budoshop.si\/sl\/wp-json\/wp\/v2\/types\/product"}],"replies":[{"embeddable":true,"href":"https:\/\/www.budoshop.si\/sl\/wp-json\/wp\/v2\/comments?post=119052"}],"wp:featuredmedia":[{"embeddable":true,"href":"https:\/\/www.budoshop.si\/sl\/wp-json\/wp\/v2\/media\/119045"}],"wp:attachment":[{"href":"https:\/\/www.budoshop.si\/sl\/wp-json\/wp\/v2\/media?parent=119052"}],"wp:term":[{"taxonomy":"product_brand","embeddable":true,"href":"https:\/\/www.budoshop.si\/sl\/wp-json\/wp\/v2\/product_brand?post=119052"},{"taxonomy":"product_cat","embeddable":true,"href":"https:\/\/www.budoshop.si\/sl\/wp-json\/wp\/v2\/product_cat?post=119052"},{"taxonomy":"product_tag","embeddable":true,"href":"https:\/\/www.budoshop.si\/sl\/wp-json\/wp\/v2\/product_tag?post=119052"}],"curies":[{"name":"wp","href":"https:\/\/api.w.org\/{rel}","templated":true}]}}