{"id":118565,"date":"2025-06-03T14:39:22","date_gmt":"2025-06-03T12:39:22","guid":{"rendered":"https:\/\/www.budoshop.si\/kukishindern-ryu-rokushaku-bo-new\/"},"modified":"2025-11-06T12:30:55","modified_gmt":"2025-11-06T11:30:55","slug":"kukishindern-ryu-rokushaku-bo-new","status":"publish","type":"product","link":"https:\/\/www.budoshop.si\/sl\/izdelek\/kukishindern-ryu-rokushaku-bo-new\/","title":{"rendered":"KUKISHINDEN RYU Rokushaku B\u00f4"},"content":{"rendered":"<p><span style=\"font-size: 15px; color: #993300;\">Ta \u201cmoderni\u201d Densho je predvsem potrebno jemati kot osnovni priro\u010dnik za dnevni trening. Posebnost te knjige je, da je vsak posamezen gib prikazan z ilustracijo, da bi se uporabnik lahko osredoto\u010dil na posamezno tehniko ali Kato. Vsako od tehnik<span class=\"HwtZe\" lang=\"sl\"><span class=\"jCAhz ChMk0b\"><span class=\"ryNqvb\"> dopolnjuje tudi jedrna opis. Vsebinsko knjiga opisuje najpomembnej\u0161e oblike gibanja z B\u00f4-jem (dolgo palico) Kukishinden Ry\u00fb-ja.<\/span><\/span><\/span><br \/>\n<\/span><\/p>\n<p><span style=\"font-size: 15px; color: #993300;\"><strong>Iz vsebine:<\/strong><\/span><br \/>\n<span style=\"font-size: 15px; color: #993300;\">B\u00f4 no Toriatsukai no Reigi Sah\u00f4<\/span><br \/>\n<span style=\"font-size: 15px; color: #993300;\">Kukishinden Ry\u00fb Kamae no Kata<\/span><br \/>\n<span style=\"font-size: 15px; color: #993300;\">Kukishinden Ry\u00fb Uchi no Kata<\/span><br \/>\n<span style=\"font-size: 15px; color: #993300;\">Kukishinden Ry\u00fb Kihon Gata \/ Furikata<\/span><br \/>\n<span style=\"font-size: 15px; color: #993300;\">Kukishinden Ry\u00fb Keiko Sabaki Gata<\/span><br \/>\n<span style=\"font-size: 15px; color: #993300;\">Kukishinden Ry\u00fb Sh\u00f4den no Kata<\/span><br \/>\n<span style=\"font-size: 15px; color: #993300;\">Kukishinden Ry\u00fb Ch\u00fbden no Kata<\/span><br \/>\n<span style=\"font-size: 15px; color: #993300;\">Kukishinden Ry\u00fb Okuden no Kata<\/span><br \/>\n<span style=\"font-size: 15px; color: #993300;\">Kukishin Ry\u00fb Kamae no Kata<\/span><br \/>\n<span style=\"font-size: 15px; color: #993300;\">Kukishin Ry\u00fb Kutsu no H\u00f4<\/span><br \/>\n<span style=\"font-size: 15px; color: #993300;\">Kukishin Ry\u00fb Kuji no Kata \/Kuji no H\u00f4 \u00a0<\/span><\/p>\n<p><span style=\"font-size: 15px; color: #993300;\">200 strani<br \/>\nVe\u010d kot 580 illustracij<\/span><\/p>\n<p>Jezik: Angle\u0161ki.<\/p>\n","protected":false},"excerpt":{"rendered":"<p><span style=\"color: #003366;\">Avtor: <strong>Carsten KUHN &amp; Manuel BELLEMANN<\/strong><\/span><\/p>\n","protected":false},"featured_media":118563,"comment_status":"open","ping_status":"closed","template":"","meta":[],"product_brand":[],"product_cat":[1035,797,1037],"product_tag":[],"class_list":{"0":"post-118565","1":"product","2":"type-product","3":"status-publish","4":"has-post-thumbnail","6":"product_cat-aikido-kendo-iai-kobudo-1","7":"product_cat-ninjutsu-1","8":"product_cat-ninjutsu-3","10":"first","11":"instock","12":"taxable","13":"shipping-taxable","14":"purchasable","15":"product-type-simple"},"_links":{"self":[{"href":"https:\/\/www.budoshop.si\/sl\/wp-json\/wp\/v2\/product\/118565","targetHints":{"allow":["GET"]}}],"collection":[{"href":"https:\/\/www.budoshop.si\/sl\/wp-json\/wp\/v2\/product"}],"about":[{"href":"https:\/\/www.budoshop.si\/sl\/wp-json\/wp\/v2\/types\/product"}],"replies":[{"embeddable":true,"href":"https:\/\/www.budoshop.si\/sl\/wp-json\/wp\/v2\/comments?post=118565"}],"wp:featuredmedia":[{"embeddable":true,"href":"https:\/\/www.budoshop.si\/sl\/wp-json\/wp\/v2\/media\/118563"}],"wp:attachment":[{"href":"https:\/\/www.budoshop.si\/sl\/wp-json\/wp\/v2\/media?parent=118565"}],"wp:term":[{"taxonomy":"product_brand","embeddable":true,"href":"https:\/\/www.budoshop.si\/sl\/wp-json\/wp\/v2\/product_brand?post=118565"},{"taxonomy":"product_cat","embeddable":true,"href":"https:\/\/www.budoshop.si\/sl\/wp-json\/wp\/v2\/product_cat?post=118565"},{"taxonomy":"product_tag","embeddable":true,"href":"https:\/\/www.budoshop.si\/sl\/wp-json\/wp\/v2\/product_tag?post=118565"}],"curies":[{"name":"wp","href":"https:\/\/api.w.org\/{rel}","templated":true}]}}