{"id":118366,"date":"2025-05-14T13:24:26","date_gmt":"2025-05-14T11:24:26","guid":{"rendered":"https:\/\/www.budoshop.si\/karate-gi-kimono-tokaido-kata-master-junior-with-embrodery-new\/"},"modified":"2025-12-23T07:59:12","modified_gmt":"2025-12-23T06:59:12","slug":"karate-gi-kimono-tokaido-kata-master-junior-with-embrodery-new","status":"publish","type":"product","link":"https:\/\/www.budoshop.si\/sl\/izdelek\/karate-gi-kimono-tokaido-kata-master-junior-with-embrodery-new\/","title":{"rendered":"Karate Gi (Kimono) &#8221;Tokaido KATA MASTER JUNIOR z ramenskim vezenjem&#8221;"},"content":{"rendered":"<p><span style=\"font-size: 15px; color: #993300;\">To WKF Karate Kata Kimono je Tokaido razvil posebej za otroke, saj je bil &#8216;slim-fit&#8217; kroj prilagojen postavi otrok in mladostnikov. Tehnologija &#8216;Ultimate-Sound&#8217; zagotavlja impresivno akusti\u010dno podporo dinami\u010dnim premikom telesa. Izdelan je 100% (12 OZ) ko\u017ei prijetnega in zra\u010dnega bomba\u017ea, ki je prijetno gladek in ne praska. Hla\u010de so opremljene s \u0161iroko in mehko elastiko z dodatno vrvico, kar omogo\u010da hitro obla\u010denje in ne \u017euli. Za \u0161ivanje so uporabljeni ve\u010dkratni in oja\u010dani \u0161ivi. Na predelu prsi Karate Kimono krasi tudi prepoznaven vezen Tokaido logotip ter uradni JKA znak. Z RDE\u010cIM ali MODRIM Tokaido vezenjem na ramenih za mednarodna\u00a0 in Youth League tekmovanja.<\/span><\/p>\n<p><span style=\"font-size: 15px; color: #993300;\"><strong><br \/>\nKvaliteta, ki jo zagotavlja samo japonska TOKAIDO Karate znamka!<\/strong><\/span><\/p>\n<p><span style=\"font-size: 15px; color: #993300;\">V kompletu se nahajajo hla\u010de z elastiko v pasu in jakna (brez pasu).<\/span><\/p>\n<p><span style=\"font-size: 15px; color: #993300;\">Velikosti: 110 \u2013 160 cm (na 10cm).<\/span><\/p>\n<p><span style=\"font-size: 15px; color: #993300;\"><strong><br \/>\nTa artikel je odobren iz strani WKF<\/strong>-ja (World Karate Federation).<\/span><\/p>\n<p><span style=\"font-size: 15px; color: #993300;\"><br \/>\n<span style=\"font-size: 11px;\">Pozor! Kimono ni predprano in se pri prvem pranju lahko\u00a0skr\u010di za cca. 5 %.<\/span><\/span><\/p>\n","protected":false},"excerpt":{"rendered":"<p><span id=\"dnn_ctr448_ProductPage_lstProducts_lbllistDescription_12\" style=\"color: #003366;\"><strong>Otro\u0161ki Tokaido Kata Kimono z ramenskim barvnim vezenjem.<\/strong><\/span><\/p>\n","protected":false},"featured_media":118358,"comment_status":"open","ping_status":"closed","template":"","meta":[],"product_brand":[5598],"product_cat":[1029,917,949,1047],"product_tag":[],"class_list":{"0":"post-118366","1":"product","2":"type-product","3":"status-publish","4":"has-post-thumbnail","6":"product_brand-tokaido","7":"product_cat-karate-5","8":"product_cat-shureido-1","9":"product_cat-shureido-3","10":"product_cat-tokaido-1","11":"pa_barva-vezenja-modra","12":"pa_barva-vezenja-rdeca","13":"pa_velikost-110-cm-sl","14":"pa_velikost-120-cm-sl","15":"pa_velikost-130-cm-sl","16":"pa_velikost-140-cm-sl","17":"pa_velikost-150-cm-sl","18":"pa_velikost-160-cm-sl","20":"first","21":"instock","22":"taxable","23":"shipping-taxable","24":"purchasable","25":"product-type-variable"},"_links":{"self":[{"href":"https:\/\/www.budoshop.si\/sl\/wp-json\/wp\/v2\/product\/118366","targetHints":{"allow":["GET"]}}],"collection":[{"href":"https:\/\/www.budoshop.si\/sl\/wp-json\/wp\/v2\/product"}],"about":[{"href":"https:\/\/www.budoshop.si\/sl\/wp-json\/wp\/v2\/types\/product"}],"replies":[{"embeddable":true,"href":"https:\/\/www.budoshop.si\/sl\/wp-json\/wp\/v2\/comments?post=118366"}],"wp:featuredmedia":[{"embeddable":true,"href":"https:\/\/www.budoshop.si\/sl\/wp-json\/wp\/v2\/media\/118358"}],"wp:attachment":[{"href":"https:\/\/www.budoshop.si\/sl\/wp-json\/wp\/v2\/media?parent=118366"}],"wp:term":[{"taxonomy":"product_brand","embeddable":true,"href":"https:\/\/www.budoshop.si\/sl\/wp-json\/wp\/v2\/product_brand?post=118366"},{"taxonomy":"product_cat","embeddable":true,"href":"https:\/\/www.budoshop.si\/sl\/wp-json\/wp\/v2\/product_cat?post=118366"},{"taxonomy":"product_tag","embeddable":true,"href":"https:\/\/www.budoshop.si\/sl\/wp-json\/wp\/v2\/product_tag?post=118366"}],"curies":[{"name":"wp","href":"https:\/\/api.w.org\/{rel}","templated":true}]}}