{"id":118337,"date":"2025-05-14T11:26:11","date_gmt":"2025-05-14T09:26:11","guid":{"rendered":"https:\/\/www.budoshop.si\/plastic-break-board-pro-new\/"},"modified":"2026-01-22T08:14:08","modified_gmt":"2026-01-22T07:14:08","slug":"plastic-break-board-pro-new","status":"publish","type":"product","link":"https:\/\/www.budoshop.si\/sl\/izdelek\/plastic-break-board-pro-new\/","title":{"rendered":"Sestavljiva deska za udarjanje \u201dPRO\u201d"},"content":{"rendered":"<p><span style=\"font-size: 15px; color: #993300;\">Deska narejena iz vzdr\u017eljive plastike namenjena ve\u010dkratnemu lomljenju. Narejena je iz dveh delov, ki sta s posebnim sistemom na sredini sestavljena skupaj. Pri dovolj mo\u010dnem udarcu se deski lo\u010dita, vendar jih po uporabi enostavno sestavimo skupaj in pripravljeni sta za novo uporabo. Tako lahko to desko uporabljamo spet in spet.<\/span><br \/>\n<span style=\"font-size: 15px; color: #993300;\">Deska je na obeh straneh tudi oblo\u017eena z gumirano peno, ki \u0161\u010diti \u010dlenke in sklepe in je tako namenjena vsem vrstam udarcev.<\/span><br \/>\n<span class=\"HwtZe\" lang=\"sl\" style=\"font-size: 15px; color: #993300;\"><span class=\"jCAhz ChMk0b\"><span class=\"ryNqvb\">Na\u0161e lomne deske so vzdr\u017eljive, varne za uporabo in primerne za ve\u010dkratno uporabo.<br \/>\n<span class=\"jCAhz\">Rde\u010de barve.<\/span><\/span><\/span><\/span><\/p>\n<ul>\n<li><span style=\"font-size: 15px; color: #993300;\">dimenzije: 29,5 x 24,5 x 1,5 cm<\/span><\/li>\n<li><span style=\"font-size: 15px; color: #993300;\">udarna povr\u0161ina oblo\u017eena z gumirano peno<\/span><\/li>\n<li><span style=\"font-size: 15px; color: #993300;\">izredno vzdr\u017eljivo<\/span><\/li>\n<li><span style=\"font-size: 15px; color: #993300;\">poseben sistem sestavljanja<\/span><\/li>\n<\/ul>\n","protected":false},"excerpt":{"rendered":"<p><span style=\"color: #003366;\"><strong>Profesionalna sestavljiva deska za treniranje mo\u010dnih udarcev.<\/strong><\/span><\/p>\n","protected":false},"featured_media":118333,"comment_status":"open","ping_status":"closed","template":"","meta":[],"product_brand":[5595],"product_cat":[5406,5405,1043,1033,1029,1039,1041,809],"product_tag":[],"class_list":{"0":"post-118337","1":"product","2":"type-product","3":"status-publish","4":"has-post-thumbnail","6":"product_brand-ju-sports","7":"product_cat-ju-sports-2","8":"product_cat-ju-sports","9":"product_cat-boks-kickbox-tajski-boks-mma","10":"product_cat-ju-jitsujiu-jitsu-1","11":"product_cat-karate-5","12":"product_cat-taekwondo-3","13":"product_cat-tai-chi-kunf-fu-wu-shu-1","14":"product_cat-deske-za-lomljenje","16":"first","17":"instock","18":"taxable","19":"shipping-taxable","20":"purchasable","21":"product-type-simple"},"_links":{"self":[{"href":"https:\/\/www.budoshop.si\/sl\/wp-json\/wp\/v2\/product\/118337","targetHints":{"allow":["GET"]}}],"collection":[{"href":"https:\/\/www.budoshop.si\/sl\/wp-json\/wp\/v2\/product"}],"about":[{"href":"https:\/\/www.budoshop.si\/sl\/wp-json\/wp\/v2\/types\/product"}],"replies":[{"embeddable":true,"href":"https:\/\/www.budoshop.si\/sl\/wp-json\/wp\/v2\/comments?post=118337"}],"wp:featuredmedia":[{"embeddable":true,"href":"https:\/\/www.budoshop.si\/sl\/wp-json\/wp\/v2\/media\/118333"}],"wp:attachment":[{"href":"https:\/\/www.budoshop.si\/sl\/wp-json\/wp\/v2\/media?parent=118337"}],"wp:term":[{"taxonomy":"product_brand","embeddable":true,"href":"https:\/\/www.budoshop.si\/sl\/wp-json\/wp\/v2\/product_brand?post=118337"},{"taxonomy":"product_cat","embeddable":true,"href":"https:\/\/www.budoshop.si\/sl\/wp-json\/wp\/v2\/product_cat?post=118337"},{"taxonomy":"product_tag","embeddable":true,"href":"https:\/\/www.budoshop.si\/sl\/wp-json\/wp\/v2\/product_tag?post=118337"}],"curies":[{"name":"wp","href":"https:\/\/api.w.org\/{rel}","templated":true}]}}