{"id":118302,"date":"2025-05-13T11:35:34","date_gmt":"2025-05-13T09:35:34","guid":{"rendered":"https:\/\/www.budoshop.si\/karate-gi-kimono-tokaido-kumite-master-set-new\/"},"modified":"2026-01-12T08:21:51","modified_gmt":"2026-01-12T07:21:51","slug":"karate-gi-kimono-tokaido-kumite-master-set-new","status":"publish","type":"product","link":"https:\/\/www.budoshop.si\/sl\/izdelek\/karate-gi-kimono-tokaido-kumite-master-set-new\/","title":{"rendered":"Karate Gi (Kimono) SET \u201dTokaido KUMITE MASTER DUO\u201d \u2013 NOVO!!!"},"content":{"rendered":"<p><span style=\"font-size: 15px; color: #993300;\"><span class=\"HwtZe\" lang=\"sl\"><span class=\"jCAhz ChMk0b\"><span class=\"ryNqvb\">Ta Tokaido Karate kimono omogo\u010da Kumite profesionalcem dose\u010di svoj polni potencial in se na tekmovanjih predstavijo na najvi\u0161ji ravni.<\/span><\/span> <\/span>Ta Karate Kimono je bil razvit prav za Kumite z optimalnim prileganjem in krojem, ki je zna\u010dilen za to Karate disciplino. <span class=\"HwtZe\" lang=\"sl\"><span class=\"jCAhz ChMk0b\"><span class=\"ryNqvb\">Njegov lahek in trpe\u017een material ponuja kombinacijo lahkotnosti, pro\u017enosti in vzdr\u017eljivosti.<\/span><\/span> Kimono je i<span class=\"jCAhz ChMk0b\"><span class=\"ryNqvb\">zdelano iz 70 % recikliranega poliestra in tako tudi okolju prijazno in trajnostno.<\/span><\/span><br \/>\n<span class=\"jCAhz ChMk0b\"><span class=\"ryNqvb\">Komplet vklju\u010duje dve (2) jakni z vezenjem na ramenih v rde\u010di in modri barvi ter ujemajo\u010de se hla\u010de.<\/span><\/span><\/span><\/span><\/p>\n<p><span class=\"HwtZe\" lang=\"sl\" style=\"font-size: 15px; color: #993300;\"><span class=\"jCAhz ChMk0b\"><span class=\"ryNqvb\">&#8211; <strong>Oprijet<\/strong> karate kimono, ki se popolnoma prilega: Jakna <strong>z ozkim pasom<\/strong> in \u00bbpametnim ramenskim delom\u00ab.<\/span><\/span> <span class=\"jCAhz ChMk0b\"><span class=\"ryNqvb\">Rokavi in \u200b\u200bhla\u010dnice so o\u017eji.<br \/>\n&#8211; Hla\u010de imajo <strong>ekstra \u0161irok in mehak gumijast trak<\/strong> \u2013 za visoko udobje no\u0161enja brez bole\u010dih pritiskovnih to\u010dk.<br \/>\n&#8211; <strong>Trajnostno<\/strong>: 70 % recikliran poliester.<br \/>\n&#8211; <strong>Vezenja<\/strong> na ramenih na obeh straneh.<br \/>\n&#8211; Ve\u010d <strong>elasti\u010dnih mre\u017eastih vlo\u017ekov<\/strong> na jakni zagotavlja odli\u010dno vzdr\u017eljivost.<\/span><\/span><span class=\"jCAhz ChMk0b\"><span class=\"ryNqvb\"><br \/>\n&#8211; <strong>Obstojnost oblike<\/strong>: tudi po ve\u010dkratnem pranju (se ne kr\u010di).<br \/>\n&#8211; <strong>Izjemno lahek kimono<\/strong>: Kombinacija lahkega materiala (3,5 g) in oprijetega kroja odpravlja nepotrebno in mote\u010do tkanino, kar zmanj\u0161uje te\u017eo.<br \/>\n&#8211; Vezeni <strong>Tokaido logotipi<\/strong> na prsih, vratu in zdaj tudi na hla\u010dah!<\/span><\/span><br \/>\n&#8211; <span class=\"jCAhz ChMk0b\"><span class=\"ryNqvb\">Dostava vklju\u010duje <strong>dve (2) Karate jakni<\/strong> (rde\u010de + modro vezenje) in <strong>ene Karate hla\u010de<\/strong>.<br \/>\n&#8211; Dostavljeno v <strong>trdni kartonski \u0161katli<\/strong>.<\/span><\/span><\/span><\/p>\n<p><span style=\"font-size: 15px; color: #993300;\"><strong>Kvaliteta, ki jo zagotavlja samo japonska TOKAIDO Karate znamka!<\/strong><\/span><\/p>\n<p><span style=\"font-size: 15px; color: #993300;\">V kompletu se nahajajo hla\u010de z elastiko v pasu in dve (2) jakni.<\/span><\/p>\n<p><span style=\"font-size: 15px; color: #993300;\">Velikost: 140 &#8211; 200 cm (od 160 na 5 cm)<\/span><\/p>\n<p><span style=\"font-size: 15px; color: #993300;\"><strong>Ta artikel je odobren iz strani WKF<\/strong>-a (World Karate Federation).<\/span><\/p>\n<p><span style=\"font-size: 11px; color: #993300;\">Pozor! Kimono ni predprano in se pri prvem pranju lahko\u00a0skr\u010di za cca. 3 %.<\/span><\/p>\n","protected":false},"excerpt":{"rendered":"<p><span style=\"color: #003366;\"><strong>Tokaido Kumite Karate set dveh jaken z rde\u010dim in modrim vezenjem ter hla\u010dami.<\/strong><\/span><\/p>\n","protected":false},"featured_media":118285,"comment_status":"open","ping_status":"closed","template":"","meta":[],"product_brand":[5598],"product_cat":[1029,741,917,949,1025,1047],"product_tag":[],"class_list":{"0":"post-118302","1":"product","2":"type-product","3":"status-publish","4":"has-post-thumbnail","6":"product_brand-tokaido","7":"product_cat-karate-5","8":"product_cat-novosti","9":"product_cat-shureido-1","10":"product_cat-shureido-3","11":"product_cat-novosti-2","12":"product_cat-tokaido-1","13":"pa_size-140-cm-en-2","14":"pa_size-150-cm-en-2","15":"pa_size-160-cm-sl-2","16":"pa_size-165-cm-sl-2","17":"pa_size-170-cm-sl-2","18":"pa_size-175-cm-sl-2","19":"pa_size-180-cm-sl","20":"pa_size-185-cm-sl","21":"pa_size-190-cm-sl","22":"pa_size-195-cm-sl","23":"pa_size-200-cm-sl","25":"first","26":"instock","27":"taxable","28":"shipping-taxable","29":"purchasable","30":"product-type-variable"},"_links":{"self":[{"href":"https:\/\/www.budoshop.si\/sl\/wp-json\/wp\/v2\/product\/118302","targetHints":{"allow":["GET"]}}],"collection":[{"href":"https:\/\/www.budoshop.si\/sl\/wp-json\/wp\/v2\/product"}],"about":[{"href":"https:\/\/www.budoshop.si\/sl\/wp-json\/wp\/v2\/types\/product"}],"replies":[{"embeddable":true,"href":"https:\/\/www.budoshop.si\/sl\/wp-json\/wp\/v2\/comments?post=118302"}],"wp:featuredmedia":[{"embeddable":true,"href":"https:\/\/www.budoshop.si\/sl\/wp-json\/wp\/v2\/media\/118285"}],"wp:attachment":[{"href":"https:\/\/www.budoshop.si\/sl\/wp-json\/wp\/v2\/media?parent=118302"}],"wp:term":[{"taxonomy":"product_brand","embeddable":true,"href":"https:\/\/www.budoshop.si\/sl\/wp-json\/wp\/v2\/product_brand?post=118302"},{"taxonomy":"product_cat","embeddable":true,"href":"https:\/\/www.budoshop.si\/sl\/wp-json\/wp\/v2\/product_cat?post=118302"},{"taxonomy":"product_tag","embeddable":true,"href":"https:\/\/www.budoshop.si\/sl\/wp-json\/wp\/v2\/product_tag?post=118302"}],"curies":[{"name":"wp","href":"https:\/\/api.w.org\/{rel}","templated":true}]}}