{"id":118069,"date":"2025-04-11T13:08:55","date_gmt":"2025-04-11T11:08:55","guid":{"rendered":"https:\/\/www.budoshop.si\/boxing-bag-100cm\/"},"modified":"2026-04-20T10:23:16","modified_gmt":"2026-04-20T08:23:16","slug":"boxing-bag-100cm","status":"publish","type":"product","link":"https:\/\/www.budoshop.si\/sl\/izdelek\/boxing-bag-100cm\/","title":{"rendered":"Boksarska vre\u010da 100cm"},"content":{"rendered":"<div>\n<p><span style=\"font-size: 15px; color: #993300;\">Boksarska vre\u010da za trening vseh vrst udarjanja z roko ali nogo. Narejena je iz zelo trpe\u017enega umetnega usnja NT. <span class=\"HwtZe\" lang=\"sl\"><span class=\"jCAhz ChMk0b\"><span class=\"ryNqvb\">Dodatna rinka na dnu vre\u010de omogo\u010da fiksiranje boksarske vre\u010de, da se manj premika oziroma niha.<\/span><\/span><span class=\"jCAhz ChMk0b\"><span class=\"ryNqvb\">Vre\u010da je polnjena z zrnatim polnilom, ki zagotavlja odli\u010dno bla\u017eenje udarcev.<\/span><\/span> <span class=\"jCAhz ChMk0b\"><span class=\"ryNqvb\">Samo polnilo iz gumijastega granulata ima odli\u010den u\u010dinek bla\u017eenja udarcev, dodana pena na zunanjem robu pa poskrbi za dodatno mehkobo.<\/span><\/span> <span class=\"jCAhz ChMk0b\"><span class=\"ryNqvb\">Zgornji del je opremljen z zadrgo in se lahko odpre, da vsebino prilagodite svojim potrebam in \u017eeljam. <\/span><\/span><\/span>Vre\u010da je opremljena tudi s 4 mo\u010dnimi trakovi (polipropilen) za obe\u0161anje, ki ob udarjanju ne povro\u010dajo hrupa kot je to pri vre\u010dah z verigami. Na koncih trakov se nahajajo kovinske rinke s katerimi se vre\u010do obesi na kavelj.<\/span><\/p>\n<p><span style=\"font-size: 15px; color: #993300;\">Dimenzije: cca. 100 cm x 35 cm x 34 kg<\/span><\/p>\n<\/div>\n","protected":false},"excerpt":{"rendered":"<p><strong><span style=\"color: #003366;\">Klasi\u010dna \u010drna 100 cm velika boksarska vre\u010da.<\/span><\/strong><\/p>\n","protected":false},"featured_media":118066,"comment_status":"open","ping_status":"closed","template":"","meta":[],"product_brand":[5620],"product_cat":[1043,1033,1029,1083,1075,1039,865],"product_tag":[],"class_list":{"0":"post-118069","1":"product","2":"type-product","3":"status-publish","4":"has-post-thumbnail","6":"product_brand-pride","7":"product_cat-boks-kickbox-tajski-boks-mma","8":"product_cat-ju-jitsujiu-jitsu-1","9":"product_cat-karate-5","10":"product_cat-pride-3","11":"product_cat-pride-1","12":"product_cat-taekwondo-3","13":"product_cat-visece-vrece","15":"first","16":"instock","17":"taxable","18":"shipping-taxable","19":"purchasable","20":"product-type-simple"},"_links":{"self":[{"href":"https:\/\/www.budoshop.si\/sl\/wp-json\/wp\/v2\/product\/118069","targetHints":{"allow":["GET"]}}],"collection":[{"href":"https:\/\/www.budoshop.si\/sl\/wp-json\/wp\/v2\/product"}],"about":[{"href":"https:\/\/www.budoshop.si\/sl\/wp-json\/wp\/v2\/types\/product"}],"replies":[{"embeddable":true,"href":"https:\/\/www.budoshop.si\/sl\/wp-json\/wp\/v2\/comments?post=118069"}],"wp:featuredmedia":[{"embeddable":true,"href":"https:\/\/www.budoshop.si\/sl\/wp-json\/wp\/v2\/media\/118066"}],"wp:attachment":[{"href":"https:\/\/www.budoshop.si\/sl\/wp-json\/wp\/v2\/media?parent=118069"}],"wp:term":[{"taxonomy":"product_brand","embeddable":true,"href":"https:\/\/www.budoshop.si\/sl\/wp-json\/wp\/v2\/product_brand?post=118069"},{"taxonomy":"product_cat","embeddable":true,"href":"https:\/\/www.budoshop.si\/sl\/wp-json\/wp\/v2\/product_cat?post=118069"},{"taxonomy":"product_tag","embeddable":true,"href":"https:\/\/www.budoshop.si\/sl\/wp-json\/wp\/v2\/product_tag?post=118069"}],"curies":[{"name":"wp","href":"https:\/\/api.w.org\/{rel}","templated":true}]}}