{"id":117867,"date":"2025-03-10T14:52:20","date_gmt":"2025-03-10T13:52:20","guid":{"rendered":"https:\/\/www.budoshop.si\/tabi-socks-kuro-new\/"},"modified":"2026-01-30T08:04:46","modified_gmt":"2026-01-30T07:04:46","slug":"tabi-socks-kuro-new","status":"publish","type":"product","link":"https:\/\/www.budoshop.si\/sl\/izdelek\/tabi-socks-kuro-new\/","title":{"rendered":"Tabi nogavice &#8221;KURO&#8221;"},"content":{"rendered":"<p><span style=\"font-size: 15px; color: #993300;\"><span class=\"HwtZe\" lang=\"sl\"><span class=\"jCAhz ChMk0b\"><span class=\"ryNqvb\">Tradicionalne japonske Tabi nogavice z lo\u010denim palcem\u00a0<\/span><\/span><\/span><span class=\"HwtZe\" lang=\"sl\"><span class=\"jCAhz ChMk0b\"><span class=\"ryNqvb\">osupljivega belega dizajna japonskih Torii vrat in motivom vzhajajo\u010dega sonca.<br \/>\nTte japonske nogavice z lo\u010denim palcem ustvarijo popoln dizajn sonca, ko sta nogi postavljeni skupaj.<\/span><\/span><\/span><\/span><br \/>\n<span class=\"HwtZe\" lang=\"sl\" style=\"font-size: 15px; color: #993300;\"><span class=\"jCAhz ChMk0b\"><span class=\"ryNqvb\">Nogavice so zelo udobne in mehke, namenjene no\u0161enju z obuvali kot so Tabi copati ali tradicionalni japonski Zori natika\u010di, ki lo\u010dujejo palec od ostalih prstov.<\/span><\/span> <span class=\"jCAhz ChMk0b\"><span class=\"ryNqvb\">Podplat in prsti so dvojno oja\u010dani za oblazinjenje stopala.<\/span><\/span> <span class=\"jCAhz ChMk0b\"><span class=\"ryNqvb\">Oblika je anatomska in se odli\u010dno oprime stopala.<\/span><\/span> <span class=\"jCAhz ChMk0b\"><span class=\"ryNqvb\">Popolne za vadbo borilnih ve\u0161\u010din ali no\u0161enje v prostem \u010dasu.<\/span><\/span><br \/>\n<\/span><\/p>\n<p><span class=\"jCAhz\" style=\"font-size: 15px; color: #993300;\"><span class=\"ryNqvb\"><span class=\"HwtZe\" lang=\"sl\"><span class=\"jCAhz ChMk0b\">Sestava: 70% bomba\u017e \/ 28% poliester\u00a0 \/2% elastan<\/span><\/span><\/span><\/span><\/p>\n<p><span class=\"jCAhz\" style=\"font-size: 15px; color: #993300;\"><span class=\"ryNqvb\">Univerzalna velikost.<\/span><\/span><\/p>\n","protected":false},"excerpt":{"rendered":"<p><span style=\"color: #003366;\"><strong>Kvalitetene \u010drne Tabi nogavice.<\/strong><\/span><\/p>\n","protected":false},"featured_media":117864,"comment_status":"open","ping_status":"closed","template":"","meta":[],"product_brand":[5600],"product_cat":[1035,1037,939,963,959,1055,977],"product_tag":[],"class_list":{"0":"post-117867","1":"product","2":"type-product","3":"status-publish","4":"has-post-thumbnail","6":"product_brand-yari-no-hanzo","7":"product_cat-aikido-kendo-iai-kobudo-1","8":"product_cat-ninjutsu-3","9":"product_cat-ninjutsu-oblacila","10":"product_cat-ostalo-6","11":"product_cat-tabi-1","12":"product_cat-yari-no-hanzo-3","13":"product_cat-yari-no-hanzo-1","15":"first","16":"instock","17":"taxable","18":"shipping-taxable","19":"purchasable","20":"product-type-simple"},"_links":{"self":[{"href":"https:\/\/www.budoshop.si\/sl\/wp-json\/wp\/v2\/product\/117867","targetHints":{"allow":["GET"]}}],"collection":[{"href":"https:\/\/www.budoshop.si\/sl\/wp-json\/wp\/v2\/product"}],"about":[{"href":"https:\/\/www.budoshop.si\/sl\/wp-json\/wp\/v2\/types\/product"}],"replies":[{"embeddable":true,"href":"https:\/\/www.budoshop.si\/sl\/wp-json\/wp\/v2\/comments?post=117867"}],"wp:featuredmedia":[{"embeddable":true,"href":"https:\/\/www.budoshop.si\/sl\/wp-json\/wp\/v2\/media\/117864"}],"wp:attachment":[{"href":"https:\/\/www.budoshop.si\/sl\/wp-json\/wp\/v2\/media?parent=117867"}],"wp:term":[{"taxonomy":"product_brand","embeddable":true,"href":"https:\/\/www.budoshop.si\/sl\/wp-json\/wp\/v2\/product_brand?post=117867"},{"taxonomy":"product_cat","embeddable":true,"href":"https:\/\/www.budoshop.si\/sl\/wp-json\/wp\/v2\/product_cat?post=117867"},{"taxonomy":"product_tag","embeddable":true,"href":"https:\/\/www.budoshop.si\/sl\/wp-json\/wp\/v2\/product_tag?post=117867"}],"curies":[{"name":"wp","href":"https:\/\/api.w.org\/{rel}","templated":true}]}}