{"id":117719,"date":"2025-02-19T11:39:02","date_gmt":"2025-02-19T10:39:02","guid":{"rendered":"https:\/\/www.budoshop.si\/five-toe-socks-mikasa-ninja-trek-new\/"},"modified":"2025-10-30T08:51:22","modified_gmt":"2025-10-30T07:51:22","slug":"five-toe-socks-mikasa-ninja-trek-new","status":"publish","type":"product","link":"https:\/\/www.budoshop.si\/sl\/izdelek\/five-toe-socks-mikasa-ninja-trek-new\/","title":{"rendered":"Nogavice na prste &#8221;Mikasa Ninja Trek&#8221;"},"content":{"rendered":"<p><span style=\"font-size: 15px; color: #993300;\"><span class=\"HwtZe\" lang=\"en\"><span class=\"jCAhz ChMk0b\"><span class=\"ryNqvb\"><span class=\"HwtZe\" lang=\"sl\">Nogavice Mikasa Ninja Trek so <\/span><\/span><\/span><\/span><span class=\"HwtZe\" lang=\"en\"><span class=\"jCAhz ChMk0b\"><span class=\"ryNqvb\"><span class=\"HwtZe\" lang=\"sl\">absolutno vrhunski izdelek v nogavicah s petimi prsti, Mikasa tukaj postavlja nove standarde!<br \/>\nNinja Trek so vrhunski model iz Mikase linije nogavic na prste. Brez\u0161ivna tehnologija zagotavlja najbolj\u0161e mo\u017eno udobje in prileganje stopalu. <\/span><\/span><\/span><\/span><span class=\"HwtZe\" lang=\"en\"><span class=\"jCAhz ChMk0b\"><span class=\"ryNqvb\"><span class=\"HwtZe\" lang=\"sl\">Za popolnost vsakega para je potrebno ve\u010d kot eno uro natan\u010dnega pletenja. <\/span><\/span><\/span><\/span><span class=\"HwtZe\" lang=\"en\"><span class=\"jCAhz ChMk0b\"><span class=\"ryNqvb\"><span class=\"HwtZe\" lang=\"sl\">Nogavice Mikasa Ninja Trek so popolne za ob\u010dutljivo ko\u017eo. 3D distan\u010dne plasti blazine pomagajo med tekom. Silikon za oprijem na podplatu zagotavlja potreben oprijem. Vgrajena opora stopalnega loka pomeni, da se stopalo po\u010dasneje utrudi in je podprto ravnote\u017eje. Kro\u017eenje v zra\u010dnem materialu zagotavlja suha stopala. <\/span><\/span><\/span><\/span><span class=\"HwtZe\" lang=\"en\"><span class=\"jCAhz ChMk0b\"><span class=\"ryNqvb\"><span class=\"HwtZe\" lang=\"sl\">Nogavice so kot nala\u0161\u010d za ob\u010dutljivo ko\u017eo.<\/span><\/span><\/span><\/span><\/span><br \/>\n<span style=\"font-size: 15px; color: #993300;\"><span class=\"HwtZe\" lang=\"en\"><span class=\"jCAhz ChMk0b\"><span class=\"ryNqvb\"><span class=\"HwtZe\" lang=\"sl\">Ninja Trek nogavice so narejene iz vrhunske Merino volne. To posebno vlakno je raztegljivo, trpe\u017eno in odporno na lu\u0161\u010denje vlaken. Nogavice tudi po \u0161tevilnih pranjih ostanejo tako dobre, kot so bile prvi dan.<br \/>\n<\/span><\/span><\/span><\/span>\u010crne barve.<\/span><br \/>\n<span style=\"font-size: 15px; color: #993300;\"><span class=\"HwtZe\" lang=\"en\"><span class=\"jCAhz ChMk0b\"><span class=\"ryNqvb\"><br \/>\nZakaj nogavice na prste:<br \/>\n&#8211; ker <\/span><\/span><\/span><span class=\"HwtZe\" lang=\"en\"><span class=\"jCAhz ChMk0b\"><span class=\"ryNqvb\">je vsak prst posebej ovit v dihajo\u010d material, to pove\u010da odvajanje vlage (ve\u010dja povr\u0161ina) ter prepre\u010di drgnjenje ko\u017ee in potenje med posameznimi prsti<br \/>\n&#8211; prsti so bolj svobodni in spro\u0161\u010deni (navadne nogavice lahko stiskajo stopalo), s tem se pove\u010da stabilnost in zmanj\u0161a zdrsavanje<br \/>\n<span class=\"HwtZe\" lang=\"sl\">&#8211; popolnoma se prilegajo nogi kar daje veliko bolj\u0161i ob\u010dutek in varnej\u0161i korak<br \/>\n&#8211; ker nudijo bolj\u0161e ravnote\u017eje od obi\u010dajnih nogavic<br \/>\n&#8211; prepre\u010duje nastanek \u017euljev, ker stopala ostanejo lepa in suha<\/span><br \/>\n<\/span><\/span><\/span><\/span><\/p>\n<p><span style=\"font-size: 15px; color: #993300;\"><strong>MADE IN JAPAN!<\/strong><\/span><\/p>\n<p><span class=\"HwtZe\" lang=\"en\" style=\"font-size: 15px; color: #993300;\"><span class=\"jCAhz ChMk0b\"><span class=\"ryNqvb\">Na voljo v velikostih: M (37-40), L (40-43), XL (43-46)<br \/>\n<\/span><\/span><\/span><\/p>\n<p><span class=\"HwtZe\" lang=\"sl\" style=\"font-size: 15px; color: #993300;\"><span class=\"jCAhz ChMk0b\"><span class=\"ryNqvb\">56% volna (merino volna), 22% najlon, 19% poliester, 3% elastan (spandex)<\/span><\/span><\/span><\/p>\n","protected":false},"excerpt":{"rendered":"<p><span style=\"color: #003366;\"><strong>\u010crne nogavice na prste iz merino volne japonske znamke Mikasa.<\/strong><\/span><\/p>\n","protected":false},"featured_media":117707,"comment_status":"open","ping_status":"closed","template":"","meta":[],"product_brand":[],"product_cat":[5542,5541,1037,939,963,959],"product_tag":[],"class_list":{"0":"post-117719","1":"product","2":"type-product","3":"status-publish","4":"has-post-thumbnail","6":"product_cat-mikasa-sl-2","7":"product_cat-mikasa-sl","8":"product_cat-ninjutsu-3","9":"product_cat-ninjutsu-oblacila","10":"product_cat-ostalo-6","11":"product_cat-tabi-1","12":"pa_velikost-l-sl-2","13":"pa_velikost-m-sl-2","14":"pa_velikost-xl-sl","16":"first","17":"instock","18":"taxable","19":"shipping-taxable","20":"purchasable","21":"product-type-variable"},"_links":{"self":[{"href":"https:\/\/www.budoshop.si\/sl\/wp-json\/wp\/v2\/product\/117719","targetHints":{"allow":["GET"]}}],"collection":[{"href":"https:\/\/www.budoshop.si\/sl\/wp-json\/wp\/v2\/product"}],"about":[{"href":"https:\/\/www.budoshop.si\/sl\/wp-json\/wp\/v2\/types\/product"}],"replies":[{"embeddable":true,"href":"https:\/\/www.budoshop.si\/sl\/wp-json\/wp\/v2\/comments?post=117719"}],"wp:featuredmedia":[{"embeddable":true,"href":"https:\/\/www.budoshop.si\/sl\/wp-json\/wp\/v2\/media\/117707"}],"wp:attachment":[{"href":"https:\/\/www.budoshop.si\/sl\/wp-json\/wp\/v2\/media?parent=117719"}],"wp:term":[{"taxonomy":"product_brand","embeddable":true,"href":"https:\/\/www.budoshop.si\/sl\/wp-json\/wp\/v2\/product_brand?post=117719"},{"taxonomy":"product_cat","embeddable":true,"href":"https:\/\/www.budoshop.si\/sl\/wp-json\/wp\/v2\/product_cat?post=117719"},{"taxonomy":"product_tag","embeddable":true,"href":"https:\/\/www.budoshop.si\/sl\/wp-json\/wp\/v2\/product_tag?post=117719"}],"curies":[{"name":"wp","href":"https:\/\/api.w.org\/{rel}","templated":true}]}}