{"id":117558,"date":"2025-02-06T17:31:49","date_gmt":"2025-02-06T16:31:49","guid":{"rendered":"https:\/\/www.budoshop.si\/katana-warrior-new\/"},"modified":"2026-01-12T08:05:06","modified_gmt":"2026-01-12T07:05:06","slug":"katana-warrior-new","status":"publish","type":"product","link":"https:\/\/www.budoshop.si\/sl\/izdelek\/katana-warrior-new\/","title":{"rendered":"Katana &#8221;WARRIOR&#8221;"},"content":{"rendered":"<div>\n<p><span style=\"font-size: 15px; color: #993300;\">Tradicionalen dolgi Samurajski me\u010d z jeklenim oja\u010danim nenabru\u0161enim rezilom. Me\u010d je s svojim izgledom primeren tako za dekorativni predmet kot IAI DO trening. Me\u010d ima trden ro\u010daj, ki je preko \u010drne podloge ovit s trakom sive barve, da dobro stoji v roki in kvalitetno ter okra\u0161eno Tsubo (\u0161\u010ditnik) \u010drne barve. Saya (no\u017enica) bele barve, je lesena ter plastificirana, da omogo\u010da ne\u0161teto izvlekov in vra\u010danj me\u010da, ne da bi se bistveno obrabila ali zlomila. Ta me\u010d je natan\u010dna replika prave kovane Katane z zelo kvalitetnim rezilom iz nerjave\u010dega karbonskega jekla dol\u017eine 72 cm, ki zagotavlja dober in varen trening izvleka me\u010da (IAI DO) kot tudi tehnik sparinga (KEN JUTSU).<br \/>\nOdli\u010dna \u010drno-sive-bela barvna kombinacija.<br \/>\n<\/span><\/p>\n<p><span style=\"font-size: 15px; color: #993300;\">Detajli: <\/span><br \/>\n<span style=\"font-size: 15px; color: #993300;\">Kovina: Carbon Steel<\/span><br \/>\n<span style=\"font-size: 15px; color: #993300;\">NAGASA (dol\u017eina rezila): 69,5 cm, 72 cm s Habaki-jem <\/span><br \/>\n<span style=\"font-size: 15px; color: #993300;\">HAMON (motiv ostrine): da<\/span><br \/>\n<span style=\"font-size: 15px; color: #993300;\">SORI (ukrivljenost): 2,00 cm <\/span><br \/>\n<span style=\"font-size: 15px; color: #993300;\">TSUKA (ro\u010daj): 26,5 cm <\/span><br \/>\n<span style=\"font-size: 15px; color: #993300;\">TSUKA ITO (navitje ro\u010daja): siv bomba\u017e<\/span><br \/>\n<span style=\"font-size: 15px; color: #993300;\">SAME (podloga ro\u010daja): \u010drn sinteti\u010den<\/span><br \/>\n<span style=\"font-size: 15px; color: #993300;\">BOHI (\u017eleb v rezilo): da<\/span><br \/>\n<span style=\"font-size: 15px; color: #993300;\">SAYA (no\u017enica): lesena 75 cm bele barve<\/span><br \/>\n<span style=\"font-size: 15px; color: #993300;\">SAGEO (vrvica): siv bomba\u017e<\/span><br \/>\n<span style=\"font-size: 15px; color: #993300;\">MEKUGI (zati\u010d): 2x<\/span><br \/>\n<span style=\"font-size: 15px; color: #993300;\">Te\u017ea: cca. 1.060 g (s Sayo), 930 g (brez Saye) <\/span><\/p>\n<p><span style=\"font-size: 15px; color: #993300;\">TA ARTIKEL PRODAJAMO SAMO POLNOLETNIM OSEBAM!!!<\/span><\/p>\n<\/div>\n<div><\/div>\n<div><\/div>\n<div><span style=\"font-size: 11px; color: #993300;\">Opozorilo!<\/span><br \/>\n<span style=\"font-size: 11px; color: #993300;\">\u25ba Artikel je namenjen samo dekorativni uporabi oziroma osebnemu treningu borilnih ve\u0161\u010din.<\/span><br \/>\n<span style=\"font-size: 11px; color: #993300;\">\u25ba Po prodaji, prodajalec ni ve\u010d odgovoren za nikakr\u0161ne po\u0161kodbe, ki se lahko zgodijo zaradi napa\u010dne uporabe ali zanemarjanja teh opozoril. Novi lastnik prevzema popolno odgovornost za skrb in uporabo tega artikla.<\/span><br \/>\n<span style=\"font-size: 11px; color: #993300;\">\u25ba Vsakr\u0161na napa\u010dna uporaba ali nepazljivost lahko vam ali drugemu povzro\u010di resne po\u0161kodbe ali celo smrt!<\/span><br \/>\n<span style=\"font-size: 11px; color: #993300;\">\u25ba Ta artikel se v nobenem primeru ne sme uporabljati na drugi osebi!<\/span><\/div>\n","protected":false},"excerpt":{"rendered":"<p><span style=\"color: #003366;\"><strong>Dolg trening Samuraiski Katana me\u010d \u010drno-sive-bele barvne kombinacije.<\/strong><\/span><\/p>\n","protected":false},"featured_media":117557,"comment_status":"open","ping_status":"closed","template":"","meta":[],"product_brand":[],"product_cat":[1035,5382,5383,1037],"product_tag":[],"class_list":{"0":"post-117558","1":"product","2":"type-product","3":"status-publish","4":"has-post-thumbnail","6":"product_cat-aikido-kendo-iai-kobudo-1","7":"product_cat-dekorativni-katana-meci","8":"product_cat-iaito-trening-katana-meci","9":"product_cat-ninjutsu-3","11":"first","12":"instock","13":"taxable","14":"shipping-taxable","15":"purchasable","16":"product-type-simple"},"_links":{"self":[{"href":"https:\/\/www.budoshop.si\/sl\/wp-json\/wp\/v2\/product\/117558","targetHints":{"allow":["GET"]}}],"collection":[{"href":"https:\/\/www.budoshop.si\/sl\/wp-json\/wp\/v2\/product"}],"about":[{"href":"https:\/\/www.budoshop.si\/sl\/wp-json\/wp\/v2\/types\/product"}],"replies":[{"embeddable":true,"href":"https:\/\/www.budoshop.si\/sl\/wp-json\/wp\/v2\/comments?post=117558"}],"wp:featuredmedia":[{"embeddable":true,"href":"https:\/\/www.budoshop.si\/sl\/wp-json\/wp\/v2\/media\/117557"}],"wp:attachment":[{"href":"https:\/\/www.budoshop.si\/sl\/wp-json\/wp\/v2\/media?parent=117558"}],"wp:term":[{"taxonomy":"product_brand","embeddable":true,"href":"https:\/\/www.budoshop.si\/sl\/wp-json\/wp\/v2\/product_brand?post=117558"},{"taxonomy":"product_cat","embeddable":true,"href":"https:\/\/www.budoshop.si\/sl\/wp-json\/wp\/v2\/product_cat?post=117558"},{"taxonomy":"product_tag","embeddable":true,"href":"https:\/\/www.budoshop.si\/sl\/wp-json\/wp\/v2\/product_tag?post=117558"}],"curies":[{"name":"wp","href":"https:\/\/api.w.org\/{rel}","templated":true}]}}