{"id":117531,"date":"2025-02-04T10:57:49","date_gmt":"2025-02-04T09:57:49","guid":{"rendered":"https:\/\/www.budoshop.si\/karate-rashguard-tokaido-tsunami-new\/"},"modified":"2026-03-09T08:02:29","modified_gmt":"2026-03-09T07:02:29","slug":"karate-rashguard-tokaido-tsunami-new","status":"publish","type":"product","link":"https:\/\/www.budoshop.si\/sl\/izdelek\/karate-rashguard-tokaido-tsunami-new\/","title":{"rendered":"Karate Rashguard majica &#8221;Tokaido TSUNAMI&#8221;"},"content":{"rendered":"<p><span style=\"font-size: 15px; color: #993300;\">Ozka, elasti\u010dna kompresijska rashguard majica z dolgimi rokavi. Aktivno-zra\u010den elasti\u010den material, ki se hitro su\u0161i, se ovije okrog muskulature and deluje kot telesna podpora. S tem se med treningi zmanj\u0161ujejo mi\u0161i\u010dne vibracije, ne da bi se kakorkoli omejevalo svobodo gibanja. Kot dodatek pa se s tem prijetnim pritiskom na telo mi\u0161ice hitreje ogreje, ohranja temperaturo in izbolj\u0161a krvna cirkulacija. Dolgi rokavi pa nudijo za\u0161\u010dito pred odrgninami pri borbi na tleh. Atraktiven japonski motiv, ki je implementiran kot sublimiran tisk najvi\u0161je kvalitete in se s pranjem ne izbri\u0161e. Rashguard odlikuje izredno kvalitetna izdelava in so primerne tako za Karate, MMA kot vse druge vrste treningov.<\/span><\/p>\n<p><span style=\"font-size: 15px; color: #993300;\"><strong>Kvaliteta, ki jo lahko zagotavlja samo japonska TOKAIDO znamka!<\/strong><\/span><\/p>\n<p><span style=\"font-size: 15px; color: #993300;\">Velikosti: S &#8211; M &#8211; L &#8211; XL<\/span><\/p>\n","protected":false},"excerpt":{"rendered":"<p><span style=\"color: #003366;\"><strong>Karate Rashguard \u0161portna kompresijska majica z dolgimi rokavi japonske znamke Tokaido.<\/strong><\/span><\/p>\n","protected":false},"featured_media":117524,"comment_status":"open","ping_status":"closed","template":"","meta":[],"product_brand":[5598],"product_cat":[1043,1033,1031,1029,1037,1039,1041,909,921,685,1005,1133,949,1047],"product_tag":[],"class_list":{"0":"post-117531","1":"product","2":"type-product","3":"status-publish","4":"has-post-thumbnail","6":"product_brand-tokaido","7":"product_cat-boks-kickbox-tajski-boks-mma","8":"product_cat-ju-jitsujiu-jitsu-1","9":"product_cat-judo-1","10":"product_cat-karate-5","11":"product_cat-ninjutsu-3","12":"product_cat-taekwondo-3","13":"product_cat-tai-chi-kunf-fu-wu-shu-1","14":"product_cat-drugo","15":"product_cat-mma-1","16":"product_cat-ostalo","17":"product_cat-majice","18":"product_cat-rashguard-1","19":"product_cat-shureido-3","20":"product_cat-tokaido-1","21":"pa_velikost-s-sl-2","22":"pa_velikost-m-sl-2","23":"pa_velikost-l-sl-2","24":"pa_velikost-xl-sl","26":"first","27":"instock","28":"taxable","29":"shipping-taxable","30":"purchasable","31":"product-type-variable"},"_links":{"self":[{"href":"https:\/\/www.budoshop.si\/sl\/wp-json\/wp\/v2\/product\/117531","targetHints":{"allow":["GET"]}}],"collection":[{"href":"https:\/\/www.budoshop.si\/sl\/wp-json\/wp\/v2\/product"}],"about":[{"href":"https:\/\/www.budoshop.si\/sl\/wp-json\/wp\/v2\/types\/product"}],"replies":[{"embeddable":true,"href":"https:\/\/www.budoshop.si\/sl\/wp-json\/wp\/v2\/comments?post=117531"}],"wp:featuredmedia":[{"embeddable":true,"href":"https:\/\/www.budoshop.si\/sl\/wp-json\/wp\/v2\/media\/117524"}],"wp:attachment":[{"href":"https:\/\/www.budoshop.si\/sl\/wp-json\/wp\/v2\/media?parent=117531"}],"wp:term":[{"taxonomy":"product_brand","embeddable":true,"href":"https:\/\/www.budoshop.si\/sl\/wp-json\/wp\/v2\/product_brand?post=117531"},{"taxonomy":"product_cat","embeddable":true,"href":"https:\/\/www.budoshop.si\/sl\/wp-json\/wp\/v2\/product_cat?post=117531"},{"taxonomy":"product_tag","embeddable":true,"href":"https:\/\/www.budoshop.si\/sl\/wp-json\/wp\/v2\/product_tag?post=117531"}],"curies":[{"name":"wp","href":"https:\/\/api.w.org\/{rel}","templated":true}]}}