{"id":117210,"date":"2025-01-07T12:41:17","date_gmt":"2025-01-07T11:41:17","guid":{"rendered":"https:\/\/www.budoshop.si\/compression-panths-fightnature-long-new\/"},"modified":"2026-01-16T09:53:18","modified_gmt":"2026-01-16T08:53:18","slug":"compression-panths-fightnature-long-new","status":"publish","type":"product","link":"https:\/\/www.budoshop.si\/sl\/izdelek\/compression-panths-fightnature-long-new\/","title":{"rendered":"Kompresijske hla\u010dke &#8221;Fightnature LONG&#8221;"},"content":{"rendered":"<p><span class=\"HwtZe\" lang=\"sl\" style=\"font-size: 15px; color: #993300;\"><span class=\"jCAhz ChMk0b\"><span class=\"ryNqvb\">Dalj\u0161e ompresijske kratke hla\u010de Fightnature so posebej razvite MMA hla\u010dke, ki vas podpirajo v najte\u017ejih MMA borbah.<\/span><\/span> <span class=\"jCAhz ChMk0b\"><span class=\"ryNqvb\">Narejene so iz elastana za maksimalno funkcionalnost v boju na tleh ali boju stoje.<\/span><\/span> <span class=\"jCAhz ChMk0b\"><span class=\"ryNqvb\">Kompresijski material lahko izbolj\u0161a prekrvavitev mi\u0161ic.<\/span><\/span> <span class=\"jCAhz\"><span class=\"ryNqvb\">Tako se lahko va\u0161 \u010das regeneracije pospe\u0161i.<\/span><\/span><\/span><br \/>\n<span class=\"HwtZe\" lang=\"sl\" style=\"font-size: 15px; color: #993300;\"><span class=\"jCAhz ChMk0b\"><span class=\"ryNqvb\">Anatomsko krojen, 4 cm \u0161irok gumiran pas pa omogo\u010da optimalen oprijem. Dol\u017eina do kolen<br \/>\n<\/span><\/span><span class=\"jCAhz ChMk0b\"><span class=\"ryNqvb\">\u010crne barve s sublimacijskim tiskom.<\/span><\/span><\/span><\/p>\n<p><span id=\"result_box\" class=\"short_text\" style=\"font-size: 15px; color: #993300;\"><span class=\"HwtZe\" lang=\"sl\"><span class=\"jCAhz ChMk0b\"><span class=\"ryNqvb\">Material: 100% poliestrski elasti\u010dni material<\/span><\/span><\/span><\/span><\/p>\n<p><span style=\"font-size: 15px; color: #993300;\">Velikosti: S &#8211; M &#8211; L &#8211; XL<\/span><\/p>\n","protected":false},"excerpt":{"rendered":"<p><span style=\"color: #003366;\"><strong>Dalj\u0161e Fightnature MMA kompresijske hla\u010dke.<\/strong><\/span><\/p>\n","protected":false},"featured_media":117207,"comment_status":"open","ping_status":"closed","template":"","meta":[],"product_brand":[5609],"product_cat":[1043,5403,5404,905,921],"product_tag":[],"class_list":{"0":"post-117210","1":"product","2":"type-product","3":"status-publish","4":"has-post-thumbnail","6":"product_brand-fight-nature","7":"product_cat-boks-kickbox-tajski-boks-mma","8":"product_cat-fightnature","9":"product_cat-fightnature-2","10":"product_cat-hlacke","11":"product_cat-mma-1","12":"pa_size-l-sl","13":"pa_size-m-sl","14":"pa_size-s","15":"pa_size-xl-sl-2","17":"first","18":"instock","19":"taxable","20":"shipping-taxable","21":"purchasable","22":"product-type-variable"},"_links":{"self":[{"href":"https:\/\/www.budoshop.si\/sl\/wp-json\/wp\/v2\/product\/117210","targetHints":{"allow":["GET"]}}],"collection":[{"href":"https:\/\/www.budoshop.si\/sl\/wp-json\/wp\/v2\/product"}],"about":[{"href":"https:\/\/www.budoshop.si\/sl\/wp-json\/wp\/v2\/types\/product"}],"replies":[{"embeddable":true,"href":"https:\/\/www.budoshop.si\/sl\/wp-json\/wp\/v2\/comments?post=117210"}],"wp:featuredmedia":[{"embeddable":true,"href":"https:\/\/www.budoshop.si\/sl\/wp-json\/wp\/v2\/media\/117207"}],"wp:attachment":[{"href":"https:\/\/www.budoshop.si\/sl\/wp-json\/wp\/v2\/media?parent=117210"}],"wp:term":[{"taxonomy":"product_brand","embeddable":true,"href":"https:\/\/www.budoshop.si\/sl\/wp-json\/wp\/v2\/product_brand?post=117210"},{"taxonomy":"product_cat","embeddable":true,"href":"https:\/\/www.budoshop.si\/sl\/wp-json\/wp\/v2\/product_cat?post=117210"},{"taxonomy":"product_tag","embeddable":true,"href":"https:\/\/www.budoshop.si\/sl\/wp-json\/wp\/v2\/product_tag?post=117210"}],"curies":[{"name":"wp","href":"https:\/\/api.w.org\/{rel}","templated":true}]}}