{"id":117182,"date":"2025-01-06T10:32:39","date_gmt":"2025-01-06T09:32:39","guid":{"rendered":"https:\/\/www.budoshop.si\/five-toe-socks-mikasa-tough-runner-new\/"},"modified":"2026-01-11T13:31:01","modified_gmt":"2026-01-11T12:31:01","slug":"five-toe-socks-mikasa-tough-runner-new","status":"publish","type":"product","link":"https:\/\/www.budoshop.si\/sl\/izdelek\/five-toe-socks-mikasa-tough-runner-new\/","title":{"rendered":"Nogavice na prste &#8221;Mikasa Tough Runner&#8221;"},"content":{"rendered":"<p><span class=\"HwtZe\" lang=\"en\" style=\"font-size: 15px; color: #993300;\"><span class=\"jCAhz ChMk0b\"><span class=\"ryNqvb\"><span class=\"HwtZe\" lang=\"sl\">Nogavice s petimi prsti Tough Runner japonskega proizvajalca Mikasa (Made in Japan) so absolutni vrhunski izdelek med nogavicami s petimi prsti, Mikasa tu postavlja nova merila!<br \/>\nNogavice s petimi prsti Tough Runner znamke Mikasa so izdelane iz izjemno trpe\u017enega bomba\u017ea in izjemno vzdr\u017eljivega najlona. Zaradi tega so nogavice Tough Runner do 8-krat bolj vzdr\u017eljive od obi\u010dajnih nogavic (to je testiral in potrdil neodvisni laboratorij v skladu z japonskimi industrijskimi standardi).<\/span><br \/>\n<span class=\"HwtZe\" lang=\"sl\">Petni del in prstni del sta dodatno oja\u010dana, vendar je nogavica tanj\u0161a od primerljivih nogavic. <span class=\"jCAhz\">Na podplatu so nanesene &#8220;protizdrsne&#8221; cone.<br \/>\n<\/span>Zaradi posebne sestave tekstila je material z notranje strani prepusten za vlago, kar prepre\u010duje potenje nog in nastanek neprijetnih vonjav. Uporabljeni bomba\u017e (visokokakovosten organski bomba\u017e) je okolju prijazen in brez kemikalij, zaradi \u010desar je ko\u017ei zelo prijazen in ga zelo dobro prena\u0161a.<\/span><br \/>\n<\/span><\/span><\/span><\/p>\n<p><span class=\"HwtZe\" lang=\"en\" style=\"font-size: 15px; color: #993300;\"><span class=\"jCAhz ChMk0b\"><span class=\"ryNqvb\"><span class=\"HwtZe\" lang=\"sl\">S temi prstnimi nogavicami se lahko spopadete z vsakodnevnimi izzivi, postale pa bodo tudi va\u0161 popoln spremljevalec v prostem \u010dasu!<\/span><\/span><\/span><\/span><\/p>\n<p><span style=\"font-size: 15px; color: #993300;\"><span class=\"HwtZe\" lang=\"en\"><span class=\"jCAhz ChMk0b\"><span class=\"ryNqvb\">Zakaj nogavice na prste:<br \/>\n\u2013 ker <\/span><\/span><\/span><span class=\"HwtZe\" lang=\"en\"><span class=\"jCAhz ChMk0b\"><span class=\"ryNqvb\">je vsak prst posebej ovit v dihajo\u010d material, to pove\u010da odvajanje vlage (ve\u010dja povr\u0161ina) ter prepre\u010di drgnjenje ko\u017ee in potenje med posameznimi prsti<br \/>\n\u2013 prsti so bolj svobodni in spro\u0161\u010deni (navadne nogavice lahko stiskajo stopalo), s tem se pove\u010da stabilnost in zmanj\u0161a zdrsavanje<br \/>\n<span class=\"HwtZe\" lang=\"sl\">\u2013 popolnoma se prilegajo nogi kar daje veliko bolj\u0161i ob\u010dutek in varnej\u0161i korak<br \/>\n\u2013 ker nudijo bolj\u0161e ravnote\u017eje od obi\u010dajnih nogavic<br \/>\n\u2013 prepre\u010duje nastanek \u017euljev, ker stopala ostanejo lepa in suha<\/span><br \/>\n<\/span><\/span><\/span><\/span><\/p>\n<p><span style=\"font-size: 15px; color: #993300;\"><strong>MADE IN JAPAN!<\/strong><\/span><\/p>\n<p><span class=\"HwtZe\" lang=\"en\" style=\"font-size: 15px; color: #993300;\"><span class=\"jCAhz ChMk0b\"><span class=\"ryNqvb\">Na voljo v velikostih: M (37-40), L (40-43), XL (43-46)<\/span><\/span><\/span><\/p>\n<p><span class=\"HwtZe\" lang=\"en\" style=\"font-size: 15px; color: #993300;\"><span class=\"jCAhz ChMk0b\"><span class=\"ryNqvb\"><span class=\"HwtZe\" lang=\"sl\">Material: 49% najlon, 30% bomba\u017e, 9% viskoza (rajon), 7% poliester, 6% elastan (spandex)<\/span><\/span><\/span><\/span><\/p>\n","protected":false},"excerpt":{"rendered":"<p><span style=\"color: #003366;\"><strong>Tough Runner nogavice na prste japonske znamke Mikasa.<\/strong><\/span><\/p>\n","protected":false},"featured_media":117170,"comment_status":"open","ping_status":"closed","template":"","meta":[],"product_brand":[],"product_cat":[5541,5542,1037,963,959],"product_tag":[],"class_list":{"0":"post-117182","1":"product","2":"type-product","3":"status-publish","4":"has-post-thumbnail","6":"product_cat-mikasa-sl","7":"product_cat-mikasa-sl-2","8":"product_cat-ninjutsu-3","9":"product_cat-ostalo-6","10":"product_cat-tabi-1","11":"pa_velikost-l-sl-2","12":"pa_velikost-m-sl-2","13":"pa_velikost-xl-sl","15":"first","16":"instock","17":"taxable","18":"shipping-taxable","19":"purchasable","20":"product-type-variable"},"_links":{"self":[{"href":"https:\/\/www.budoshop.si\/sl\/wp-json\/wp\/v2\/product\/117182","targetHints":{"allow":["GET"]}}],"collection":[{"href":"https:\/\/www.budoshop.si\/sl\/wp-json\/wp\/v2\/product"}],"about":[{"href":"https:\/\/www.budoshop.si\/sl\/wp-json\/wp\/v2\/types\/product"}],"replies":[{"embeddable":true,"href":"https:\/\/www.budoshop.si\/sl\/wp-json\/wp\/v2\/comments?post=117182"}],"wp:featuredmedia":[{"embeddable":true,"href":"https:\/\/www.budoshop.si\/sl\/wp-json\/wp\/v2\/media\/117170"}],"wp:attachment":[{"href":"https:\/\/www.budoshop.si\/sl\/wp-json\/wp\/v2\/media?parent=117182"}],"wp:term":[{"taxonomy":"product_brand","embeddable":true,"href":"https:\/\/www.budoshop.si\/sl\/wp-json\/wp\/v2\/product_brand?post=117182"},{"taxonomy":"product_cat","embeddable":true,"href":"https:\/\/www.budoshop.si\/sl\/wp-json\/wp\/v2\/product_cat?post=117182"},{"taxonomy":"product_tag","embeddable":true,"href":"https:\/\/www.budoshop.si\/sl\/wp-json\/wp\/v2\/product_tag?post=117182"}],"curies":[{"name":"wp","href":"https:\/\/api.w.org\/{rel}","templated":true}]}}