{"id":116999,"date":"2024-12-16T14:52:20","date_gmt":"2024-12-16T13:52:20","guid":{"rendered":"https:\/\/www.budoshop.si\/ankle-guard-adidas-black-new\/"},"modified":"2025-08-19T08:15:34","modified_gmt":"2025-08-19T06:15:34","slug":"ankle-guard-adidas-black-new","status":"publish","type":"product","link":"https:\/\/www.budoshop.si\/sl\/izdelek\/ankle-guard-adidas-black-new\/","title":{"rendered":"\u0160\u010ditnik\/steznik za gle\u017eenj &#8221;ADIDAS black&#8221;"},"content":{"rendered":"<p><span style=\"font-size: 15px; color: #993300;\">Elasti\u010dni Adidasov bomba\u017eni \u0161\u010ditnik\/steznik gle\u017enja s prosto peto za za\u0161\u010dito, stabilnost in oporo v borilnih ve\u0161\u010dinah. Narejen je iz posebnega elasti\u010dnega, ko\u017ei prijaznega bomba\u017ea in se ga enostavno natakne na nogo kot nogavico ter ga ni potrebno zapenjati. Zaradi elasti\u010dnega materiala se lepo in trdno prilega nogi ter zagotavlja dobro gibljivost gle\u017enja in za\u0161\u010dito pred odrgninami, udarci, zvini ali drugimi po\u0161kodbami. Prosta peta pa omogo\u010da dober oprijem stopala s tlemi. <\/span><br \/>\n<span style=\"font-size: 15px; color: #993300;\">\u0160\u010ditnik za gle\u017eenj je primeren za vse praktikante borilnih \u0161portov in ve\u0161\u010din, uporabljajo pa ga tudi v drugih \u0161portih.<\/span><\/p>\n<p><span style=\"font-size: 15px; color: #993300;\">\u010crne barve z belim Adidas logotipom.<\/span><\/p>\n<p><span style=\"font-size: 15px; color: #993300;\">Univerzalna velikost.<\/span><\/p>\n<p><span style=\"font-size: 15px; color: #993300;\">Prodaja se v paru.<\/span><\/p>\n<p><span class=\"HwtZe\" lang=\"sl\"><span class=\"jCAhz ChMk0b\"><span class=\"ryNqvb\">Karakteristike:\u00a0<\/span><\/span><br \/>\n&#8211;<span class=\"jCAhz ChMk0b\"><span class=\"ryNqvb\"> Idealen za uporabo pri vseh vrstah treninga ali tekmovanj, trpe\u017ena elasti\u010dna najlonska obroba je zasnovana za zmogljivost in vzdr\u017eljivost z zra\u010dno tkanino in prilagodljivostjo za celoten obseg gibanja. <\/span><\/span><br \/>\n&#8211; Ergonomi\u010dna oblika nudi<span class=\"jCAhz ChMk0b\"><span class=\"ryNqvb\"> podporo gle\u017enja in pomaga okrepiti gle\u017eenj, ne da bi omejeval gibanje, tako da se lahko po\u010dutite podprte pri izpolnjevanju svojih fitnes ciljev za intenzivne treninge in tekmovanja.<\/span><\/span> <span class=\"jCAhz ChMk0b\"><span class=\"ryNqvb\">Mo\u010dna najlonska obroba pomaga obdr\u017eati rokav na mestu. <\/span><\/span><br \/>\n&#8211; <span class=\"jCAhz ChMk0b\"><span class=\"ryNqvb\">Brez\u0161ivna okrogla pletena zasnova kompresijskega tulca za stopala zdru\u017euje udobje in vzdr\u017eljivost, prilagojeno za ve\u010dkratno uporabo.<\/span><\/span> <span class=\"jCAhz ChMk0b\"><span class=\"ryNqvb\">Kompresijska oblika pomaga okrepiti gle\u017eenj.<\/span><\/span><\/span><\/p>\n","protected":false},"excerpt":{"rendered":"<p><span style=\"color: #003366;\"><strong>\u010crn Adidas elasti\u010den \u0161\u010ditnik\/steznik za gle\u017eenj (par).<\/strong><\/span><\/p>\n","protected":false},"featured_media":116995,"comment_status":"open","ping_status":"closed","template":"","meta":[],"product_brand":[],"product_cat":[951,1049,1035,1043,1033,1029,895,1039],"product_tag":[],"class_list":{"0":"post-116999","1":"product","2":"type-product","3":"status-publish","4":"has-post-thumbnail","6":"product_cat-adidas-3","7":"product_cat-adidas-7","8":"product_cat-aikido-kendo-iai-kobudo-1","9":"product_cat-boks-kickbox-tajski-boks-mma","10":"product_cat-ju-jitsujiu-jitsu-1","11":"product_cat-karate-5","12":"product_cat-scitniki-za-glezenj","13":"product_cat-taekwondo-3","15":"first","16":"instock","17":"taxable","18":"shipping-taxable","19":"purchasable","20":"product-type-simple"},"_links":{"self":[{"href":"https:\/\/www.budoshop.si\/sl\/wp-json\/wp\/v2\/product\/116999","targetHints":{"allow":["GET"]}}],"collection":[{"href":"https:\/\/www.budoshop.si\/sl\/wp-json\/wp\/v2\/product"}],"about":[{"href":"https:\/\/www.budoshop.si\/sl\/wp-json\/wp\/v2\/types\/product"}],"replies":[{"embeddable":true,"href":"https:\/\/www.budoshop.si\/sl\/wp-json\/wp\/v2\/comments?post=116999"}],"wp:featuredmedia":[{"embeddable":true,"href":"https:\/\/www.budoshop.si\/sl\/wp-json\/wp\/v2\/media\/116995"}],"wp:attachment":[{"href":"https:\/\/www.budoshop.si\/sl\/wp-json\/wp\/v2\/media?parent=116999"}],"wp:term":[{"taxonomy":"product_brand","embeddable":true,"href":"https:\/\/www.budoshop.si\/sl\/wp-json\/wp\/v2\/product_brand?post=116999"},{"taxonomy":"product_cat","embeddable":true,"href":"https:\/\/www.budoshop.si\/sl\/wp-json\/wp\/v2\/product_cat?post=116999"},{"taxonomy":"product_tag","embeddable":true,"href":"https:\/\/www.budoshop.si\/sl\/wp-json\/wp\/v2\/product_tag?post=116999"}],"curies":[{"name":"wp","href":"https:\/\/api.w.org\/{rel}","templated":true}]}}