{"id":116957,"date":"2024-12-13T10:13:26","date_gmt":"2024-12-13T09:13:26","guid":{"rendered":"https:\/\/www.budoshop.si\/small-japanese-utility-tool-kogai-bronze-new\/"},"modified":"2026-01-22T13:12:22","modified_gmt":"2026-01-22T12:12:22","slug":"small-japanese-utility-tool-kogai-bronze-new","status":"publish","type":"product","link":"https:\/\/www.budoshop.si\/sl\/izdelek\/small-japanese-utility-tool-kogai-bronze-new\/","title":{"rendered":"Majhno japonsko bodalo &#8221;KOGAI BRONZE&#8221;"},"content":{"rendered":"<p><span class=\"HwtZe\" lang=\"sl\" style=\"font-size: 15px; color: #993300;\"><span class=\"jCAhz ChMk0b\"><span class=\"ryNqvb\">Kogai je majhen japonski pripomo\u010dek, ki se ga nosi v Saya no\u017enici japonskih me\u010dev.<\/span><\/span> <span class=\"jCAhz ChMk0b\"><span class=\"ryNqvb\">Ta okrasni del me\u010da je pogosto bogato okra\u0161en in razkriva status, bogastvo in slog lastnika.<\/span><\/span> <span class=\"jCAhz ChMk0b\"><span class=\"ryNqvb\">Kogai je bil pogosto zasnovan tako, da se je ujemal s podobnim bode\u017eem\/orodjem imenovanim Kozuka, ki se je nosil na nasprotni strani no\u017enice.<\/span><\/span> Kogai je n<span class=\"jCAhz ChMk0b\"><span class=\"ryNqvb\">arejena tako, da se prilega stranicam no\u017enic japonskih me\u010dev kot so Katana, Wakizashi in Tanto.<\/span><\/span> <span class=\"jCAhz ChMk0b\"><span class=\"ryNqvb\">Kogai je bil pogosto umetni\u0161ko dovr\u0161en in fine izdelave, okra\u0161en z rezbarijami, intarzijami in barvnimi kovinami.<\/span><\/span> <span class=\"jCAhz ChMk0b\"><span class=\"ryNqvb\">Ta model z izrezlanim ro\u010dajem je bronaste barve.<\/span><\/span><\/span><\/p>\n<p><span style=\"font-size: 15px; color: #993300;\">Mere:<\/span><br \/>\n<span style=\"font-size: 15px; color: #993300;\">Rezilo: 12 cm<\/span><br \/>\n<span style=\"font-size: 15px; color: #993300;\">Ro\u010daj: 9,5 cm<\/span><\/p>\n","protected":false},"excerpt":{"rendered":"<p><span style=\"color: #003366;\"><strong>Kogai, majhen japonski bode\u017e v bronasti barvi.<\/strong><\/span><\/p>\n","protected":false},"featured_media":116955,"comment_status":"open","ping_status":"closed","template":"","meta":[],"product_brand":[5610],"product_cat":[1035,5376,5374,847,1037,813,923,731],"product_tag":[],"class_list":{"0":"post-116957","1":"product","2":"type-product","3":"status-publish","4":"has-post-thumbnail","6":"product_brand-haller","7":"product_cat-aikido-kendo-iai-kobudo-1","8":"product_cat-haller-2","9":"product_cat-haller-sl","10":"product_cat-ninja-1","11":"product_cat-ninjutsu-3","12":"product_cat-nozi","13":"product_cat-ostalo-5","14":"product_cat-ostalo-2","16":"first","17":"instock","18":"taxable","19":"shipping-taxable","20":"purchasable","21":"product-type-simple"},"_links":{"self":[{"href":"https:\/\/www.budoshop.si\/sl\/wp-json\/wp\/v2\/product\/116957","targetHints":{"allow":["GET"]}}],"collection":[{"href":"https:\/\/www.budoshop.si\/sl\/wp-json\/wp\/v2\/product"}],"about":[{"href":"https:\/\/www.budoshop.si\/sl\/wp-json\/wp\/v2\/types\/product"}],"replies":[{"embeddable":true,"href":"https:\/\/www.budoshop.si\/sl\/wp-json\/wp\/v2\/comments?post=116957"}],"wp:featuredmedia":[{"embeddable":true,"href":"https:\/\/www.budoshop.si\/sl\/wp-json\/wp\/v2\/media\/116955"}],"wp:attachment":[{"href":"https:\/\/www.budoshop.si\/sl\/wp-json\/wp\/v2\/media?parent=116957"}],"wp:term":[{"taxonomy":"product_brand","embeddable":true,"href":"https:\/\/www.budoshop.si\/sl\/wp-json\/wp\/v2\/product_brand?post=116957"},{"taxonomy":"product_cat","embeddable":true,"href":"https:\/\/www.budoshop.si\/sl\/wp-json\/wp\/v2\/product_cat?post=116957"},{"taxonomy":"product_tag","embeddable":true,"href":"https:\/\/www.budoshop.si\/sl\/wp-json\/wp\/v2\/product_tag?post=116957"}],"curies":[{"name":"wp","href":"https:\/\/api.w.org\/{rel}","templated":true}]}}