{"id":116934,"date":"2024-12-11T11:54:37","date_gmt":"2024-12-11T10:54:37","guid":{"rendered":"https:\/\/www.budoshop.si\/rashguard-fightnature-long-new\/"},"modified":"2025-10-14T15:00:37","modified_gmt":"2025-10-14T13:00:37","slug":"rashguard-fightnature-long-new","status":"publish","type":"product","link":"https:\/\/www.budoshop.si\/sl\/izdelek\/rashguard-fightnature-long-new\/","title":{"rendered":"Rashguard majica &#8221;Fightnature LONG&#8221;"},"content":{"rendered":"<p><span class=\"HwtZe\" lang=\"sl\" style=\"font-size: 15px; color: #993300;\"><span class=\"jCAhz ChMk0b\"><span class=\"ryNqvb\">Rash Guard FIGHTNATURE je trpe\u017ena majica z dolgimi rokavi, izdelana iz elasti\u010dne tkanine, ki usmerja znoj stran od ko\u017ee navzven ter ohranja va\u0161e telo hladno in suho. <\/span><\/span><span class=\"jCAhz ChMk0b\"><span class=\"ryNqvb\">Kompresijska majica atletskega kroja se tesno prilega telesu za bolj\u0161o prekrvavitev mi\u0161ic.<\/span><\/span> S tem s<span class=\"jCAhz ChMk0b\"><span class=\"ryNqvb\">e lahko pove\u010da u\u010dinkovitost \u0161portnika.<\/span><\/span><\/span><br \/>\n<span class=\"HwtZe\" lang=\"sl\" style=\"font-size: 15px; color: #993300;\"><span class=\"jCAhz ChMk0b\"><span class=\"ryNqvb\">MMA majica z jedrnatim logotipom FIGHTNATURE je \u0161e posebej priljubljena pri \u0161portih s polnim kontaktom, saj lahko robustna tkanina za\u0161\u010diti telo pred odrgninami in praskami.<\/span><\/span> <span class=\"jCAhz ChMk0b\"><span class=\"ryNqvb\">Lahko se nosi tudi pod uniformo za borilne ve\u0161\u010dine.<br \/>\n\u010crne barve.<\/span><\/span><\/span><\/p>\n<p><span class=\"HwtZe\" lang=\"sl\" style=\"font-size: 15px; color: #993300;\"><span class=\"jCAhz ChMk0b\"><span class=\"ryNqvb\">Idealna za tekmovanja ali treninge.<\/span><\/span><\/span><\/p>\n<p><span id=\"result_box\" class=\"short_text\" style=\"font-size: 15px; color: #993300;\"><span class=\"HwtZe\" lang=\"sl\"><span class=\"jCAhz ChMk0b\"><span class=\"ryNqvb\">Material: 100% poliestrski elasti\u010dni material<\/span><\/span><\/span><\/span><\/p>\n<p><span style=\"font-size: 15px; color: #993300;\">Velikosti: S &#8211; M &#8211; L &#8211; XL<\/span><\/p>\n","protected":false},"excerpt":{"rendered":"<p><span style=\"color: #003366;\"><strong>Fightnature MMA \/ BJJ Rashguard z dolgimi rokavi.<\/strong><\/span><\/p>\n","protected":false},"featured_media":116925,"comment_status":"open","ping_status":"closed","template":"","meta":[],"product_brand":[5609],"product_cat":[5404,5403,1043,909,921,685,1133],"product_tag":[],"class_list":{"0":"post-116934","1":"product","2":"type-product","3":"status-publish","4":"has-post-thumbnail","6":"product_brand-fight-nature","7":"product_cat-fightnature-2","8":"product_cat-fightnature","9":"product_cat-boks-kickbox-tajski-boks-mma","10":"product_cat-drugo","11":"product_cat-mma-1","12":"product_cat-ostalo","13":"product_cat-rashguard-1","14":"pa_velikost-s-sl-2","15":"pa_velikost-m-sl-2","16":"pa_velikost-l-sl-2","17":"pa_velikost-xl-sl","19":"first","20":"instock","21":"taxable","22":"shipping-taxable","23":"purchasable","24":"product-type-variable"},"_links":{"self":[{"href":"https:\/\/www.budoshop.si\/sl\/wp-json\/wp\/v2\/product\/116934","targetHints":{"allow":["GET"]}}],"collection":[{"href":"https:\/\/www.budoshop.si\/sl\/wp-json\/wp\/v2\/product"}],"about":[{"href":"https:\/\/www.budoshop.si\/sl\/wp-json\/wp\/v2\/types\/product"}],"replies":[{"embeddable":true,"href":"https:\/\/www.budoshop.si\/sl\/wp-json\/wp\/v2\/comments?post=116934"}],"wp:featuredmedia":[{"embeddable":true,"href":"https:\/\/www.budoshop.si\/sl\/wp-json\/wp\/v2\/media\/116925"}],"wp:attachment":[{"href":"https:\/\/www.budoshop.si\/sl\/wp-json\/wp\/v2\/media?parent=116934"}],"wp:term":[{"taxonomy":"product_brand","embeddable":true,"href":"https:\/\/www.budoshop.si\/sl\/wp-json\/wp\/v2\/product_brand?post=116934"},{"taxonomy":"product_cat","embeddable":true,"href":"https:\/\/www.budoshop.si\/sl\/wp-json\/wp\/v2\/product_cat?post=116934"},{"taxonomy":"product_tag","embeddable":true,"href":"https:\/\/www.budoshop.si\/sl\/wp-json\/wp\/v2\/product_tag?post=116934"}],"curies":[{"name":"wp","href":"https:\/\/api.w.org\/{rel}","templated":true}]}}