{"id":116852,"date":"2024-12-09T09:55:43","date_gmt":"2024-12-09T08:55:43","guid":{"rendered":"https:\/\/www.budoshop.si\/martial-art-training-shoes-adi-kick-new\/"},"modified":"2026-01-13T10:08:33","modified_gmt":"2026-01-13T09:08:33","slug":"martial-art-training-shoes-adi-kick-new","status":"publish","type":"product","link":"https:\/\/www.budoshop.si\/sl\/izdelek\/martial-art-training-shoes-adi-kick-new\/","title":{"rendered":"Trening copati za borilne ve\u0161\u010dine &#8221;ADI-KICK&#8221;"},"content":{"rendered":"<p><span style=\"font-size: 15px; color: #993300;\"><span class=\"HwtZe\" lang=\"sl\"><span class=\"jCAhz ChMk0b\"><span class=\"ryNqvb\">Model Adi-Kick je \u017ee leta temelj Adidas obutve za borilne ve\u0161\u010dine.<\/span><\/span> <span class=\"jCAhz ChMk0b\"><span class=\"ryNqvb\">Njegove prvotne lastnosti na podro\u010dju fleksibilnosti materiala in udobja pri no\u0161enju \u0161e vedno izpolnjujejo pri\u010dakovanja kupcev.<\/span><\/span> <span class=\"jCAhz ChMk0b\"><span class=\"ryNqvb\">Visoko funkcionalna me\u0161anica materialov zagotavlja neomejeno svobodo gibanja in dolgo \u017eivljenjsko dobo.<br \/>\nTrening copati <\/span><\/span><\/span><span class=\"HwtZe\" lang=\"sl\"><span class=\"jCAhz ChMk0b\"><span class=\"ryNqvb\">Adidas Adi-Kick so izdelani iz umetnega usnja, zelo lahki \u010devlji z gumijastim podplatom.<\/span><\/span> <span class=\"jCAhz ChMk0b\"><span class=\"ryNqvb\">Kratke vezalke za bolj\u0161e zategovanje stopala.<\/span><\/span><\/span><br \/>\n<\/span><br \/>\n<span style=\"font-size: 15px; color: #993300;\">Copati so namenjeni za vsakdanjo vadbo ve\u0161\u010din kot so Karate, Taekwondo, Kung Fu, Tai Chi in drugih! Primerni tudi za sodnike in kot tudi za vsakdanjo ubutev za \u0161port in prosti \u010das.<\/span><\/p>\n<p><span style=\"font-size: 15px; color: #993300;\">Belo-\u010drna barvna kombinacija.<\/span><\/p>\n<p><span style=\"font-size: 15px; color: #993300;\">\u0160tevilke: 35 \u2013 47<\/span><br \/>\n<span style=\"font-size: 15px; color: #993300;\">Rahlo manj\u0161i model zato svetujemo naro\u010dilo eno velikost ve\u010djo \u0161tevilko kot jo nosite obi\u010dajno.<\/span><\/p>\n","protected":false},"excerpt":{"rendered":"<p><strong><span style=\"color: #003366;\">Lahki Adidas trening copati.<\/span><\/strong><\/p>\n","protected":false},"featured_media":116820,"comment_status":"open","ping_status":"closed","template":"","meta":[],"product_brand":[5594],"product_cat":[1029,1039,1041,957,951,1049],"product_tag":[],"class_list":{"0":"post-116852","1":"product","2":"type-product","3":"status-publish","4":"has-post-thumbnail","6":"product_brand-adidas","7":"product_cat-karate-5","8":"product_cat-taekwondo-3","9":"product_cat-tai-chi-kunf-fu-wu-shu-1","10":"product_cat-karate-taekwondo-copati","11":"product_cat-adidas-3","12":"product_cat-adidas-7","13":"pa_velikost-35-sl","14":"pa_velikost-36-sl","15":"pa_velikost-37-sl","16":"pa_velikost-38-sl","17":"pa_velikost-39-sl","18":"pa_velikost-40-sl","19":"pa_velikost-41-sl","20":"pa_velikost-41-1-3-2","21":"pa_velikost-42-sl","22":"pa_velikost-42-2-3-2","23":"pa_velikost-43-sl","24":"pa_velikost-44-sl","25":"pa_velikost-44-2-3-2","26":"pa_velikost-45-sl","27":"pa_velikost-46-sl","28":"pa_velikost-47-sl","30":"first","31":"instock","32":"taxable","33":"shipping-taxable","34":"purchasable","35":"product-type-variable"},"_links":{"self":[{"href":"https:\/\/www.budoshop.si\/sl\/wp-json\/wp\/v2\/product\/116852","targetHints":{"allow":["GET"]}}],"collection":[{"href":"https:\/\/www.budoshop.si\/sl\/wp-json\/wp\/v2\/product"}],"about":[{"href":"https:\/\/www.budoshop.si\/sl\/wp-json\/wp\/v2\/types\/product"}],"replies":[{"embeddable":true,"href":"https:\/\/www.budoshop.si\/sl\/wp-json\/wp\/v2\/comments?post=116852"}],"wp:featuredmedia":[{"embeddable":true,"href":"https:\/\/www.budoshop.si\/sl\/wp-json\/wp\/v2\/media\/116820"}],"wp:attachment":[{"href":"https:\/\/www.budoshop.si\/sl\/wp-json\/wp\/v2\/media?parent=116852"}],"wp:term":[{"taxonomy":"product_brand","embeddable":true,"href":"https:\/\/www.budoshop.si\/sl\/wp-json\/wp\/v2\/product_brand?post=116852"},{"taxonomy":"product_cat","embeddable":true,"href":"https:\/\/www.budoshop.si\/sl\/wp-json\/wp\/v2\/product_cat?post=116852"},{"taxonomy":"product_tag","embeddable":true,"href":"https:\/\/www.budoshop.si\/sl\/wp-json\/wp\/v2\/product_tag?post=116852"}],"curies":[{"name":"wp","href":"https:\/\/api.w.org\/{rel}","templated":true}]}}