{"id":116754,"date":"2024-12-04T11:55:35","date_gmt":"2024-12-04T10:55:35","guid":{"rendered":"https:\/\/www.budoshop.si\/karate-gi-kimono-kamikaze-sensei-made-in-japan-new\/"},"modified":"2026-01-12T17:41:46","modified_gmt":"2026-01-12T16:41:46","slug":"karate-gi-kimono-kamikaze-sensei-made-in-japan-new","status":"publish","type":"product","link":"https:\/\/www.budoshop.si\/sl\/izdelek\/karate-gi-kimono-kamikaze-sensei-made-in-japan-new\/","title":{"rendered":"Karate Gi (Kimono) &#8221;Kamikaze SENSEI Made in Japan&#8221;"},"content":{"rendered":"<p><span style=\"font-size: 15px; color: #993300;\"><span class=\"HwtZe\" lang=\"sl\"><span class=\"jCAhz ChMk0b\"><span class=\"ryNqvb\">Kamikaze s ponosom predstavlja naslednjo generacijo karate uniforme, New Life SENSEI Made in Japan<\/span><\/span><\/span>!<br \/>\n<span class=\"HwtZe\" lang=\"sl\"><span class=\"jCAhz ChMk0b\"><span class=\"ryNqvb\">Blago za Kamikaze New Life Sensei Kimono izdeluje zgodovinski izdelovalec platna iz mesta Kurashiki, Okayama (Japonska), ki uporablja izvirne tehnike in tradicionalno japonsko izdelavo \u017ee od leta 1888. Velik uspeh je zdru\u017eiti tradicionalno japonsko kulturo tkalskega znanja s sodobno<\/span><\/span><\/span><span class=\"HwtZe\" lang=\"sl\"><span class=\"jCAhz ChMk0b\"><span class=\"ryNqvb\"> vrhunsko<\/span><\/span> <span class=\"jCAhz ChMk0b\"><span class=\"ryNqvb\">ravnjo spretnosti, ki ustvarjajo platno visoke gostote \u0161t.<\/span><\/span> <span class=\"jCAhz ChMk0b\"><span class=\"ryNqvb\">11 (srednje te\u017ea, 100 % bomba\u017e vrhunske kakovosti), iz katerega je narejen New Life Sensei Karate Gi.<\/span><\/span> <span class=\"jCAhz ChMk0b\"><span class=\"ryNqvb\">Tradicionalne japonske ve\u0161\u010dine \u0161ivanja vodijo do ponosa oznake &#8220;Made in Japan&#8221;, ki je vedno zavezana kakovosti.<br \/>\n<\/span><\/span><\/span><span class=\"HwtZe\" lang=\"sl\"><span class=\"jCAhz ChMk0b\"><span class=\"ryNqvb\">Kamikaze New Life Sensei je udobna in trpe\u017ena Karate uniforma va\u0161e izbire, ki jo boste lahko vsakodnevno uporabljali tudi za najte\u017eke treninge.<\/span><\/span> <span class=\"jCAhz ChMk0b\"><span class=\"ryNqvb\">\u010cudovita tekstura, udobna na dotik in premikanje v njej. Hla\u010de z visokim pasom (+2 cm), ki nudijo ve\u010d udobja in opore v predelu trebuha.<br \/>\nIzbira najbolj\u0161ih in najve\u010djih Karate mojstrov!<\/span><\/span><\/span><\/span><\/p>\n<p><span style=\"font-size: 15px; color: #993300;\"><strong>MADE IN JAPAN!<\/strong><\/span><\/p>\n<p><span style=\"font-size: 15px; color: #993300;\">V kompletu se nahajajo hla\u010de z vrvico v pasu in jakna.<\/span><\/p>\n<p><span style=\"font-size: 15px; color: #993300;\">Velikosti: 160 \u2013 195 cm (na 5 cm).<\/span><\/p>\n<p>&nbsp;<\/p>\n<p><span style=\"font-size: 11px; color: #993300;\">Pozor! Kimono ni predprano in se pri prvem pranju lahko\u00a0skr\u010di za cca. 3 %.<\/span><\/p>\n<p>&nbsp;<\/p>\n<p>&nbsp;<\/p>\n","protected":false},"excerpt":{"rendered":"<p><span style=\"color: #003366;\"><strong>Made in Japan Kamikaze Sensei Karate uniforma.<\/strong><\/span><\/p>\n","protected":false},"featured_media":116744,"comment_status":"open","ping_status":"closed","template":"","meta":[],"product_brand":[5612],"product_cat":[1029,913,947,1045],"product_tag":[],"class_list":{"0":"post-116754","1":"product","2":"type-product","3":"status-publish","4":"has-post-thumbnail","6":"product_brand-kamikaze","7":"product_cat-karate-5","8":"product_cat-kamikaze-1","9":"product_cat-kamikaze-3","10":"product_cat-kamikaze-5","11":"pa_velikost-160-cm-sl","12":"pa_velikost-165-cm-sl","13":"pa_velikost-170-cm-sl","14":"pa_velikost-175-cm-sl","15":"pa_velikost-180cm-sl","16":"pa_velikost-185-cm-sl","17":"pa_velikost-190-cm-sl","18":"pa_velikost-195-cm-sl","20":"first","21":"instock","22":"taxable","23":"shipping-taxable","24":"purchasable","25":"product-type-variable"},"_links":{"self":[{"href":"https:\/\/www.budoshop.si\/sl\/wp-json\/wp\/v2\/product\/116754","targetHints":{"allow":["GET"]}}],"collection":[{"href":"https:\/\/www.budoshop.si\/sl\/wp-json\/wp\/v2\/product"}],"about":[{"href":"https:\/\/www.budoshop.si\/sl\/wp-json\/wp\/v2\/types\/product"}],"replies":[{"embeddable":true,"href":"https:\/\/www.budoshop.si\/sl\/wp-json\/wp\/v2\/comments?post=116754"}],"wp:featuredmedia":[{"embeddable":true,"href":"https:\/\/www.budoshop.si\/sl\/wp-json\/wp\/v2\/media\/116744"}],"wp:attachment":[{"href":"https:\/\/www.budoshop.si\/sl\/wp-json\/wp\/v2\/media?parent=116754"}],"wp:term":[{"taxonomy":"product_brand","embeddable":true,"href":"https:\/\/www.budoshop.si\/sl\/wp-json\/wp\/v2\/product_brand?post=116754"},{"taxonomy":"product_cat","embeddable":true,"href":"https:\/\/www.budoshop.si\/sl\/wp-json\/wp\/v2\/product_cat?post=116754"},{"taxonomy":"product_tag","embeddable":true,"href":"https:\/\/www.budoshop.si\/sl\/wp-json\/wp\/v2\/product_tag?post=116754"}],"curies":[{"name":"wp","href":"https:\/\/api.w.org\/{rel}","templated":true}]}}